{"id":996,"date":"2020-06-02T23:32:18","date_gmt":"2020-06-02T23:32:18","guid":{"rendered":"https:\/\/makeaplantovote.com\/?page_id=996"},"modified":"2020-10-21T19:05:59","modified_gmt":"2020-10-21T19:05:59","slug":"sign-up-to-vote-by-mail-2","status":"publish","type":"page","link":"https:\/\/makeaplantovote.com\/ht\/floridapirg\/","title":{"rendered":"Jwenn kote ki pi pre pou vote bon\u00e8"},"content":{"rendered":"<div data-elementor-type=\"wp-page\" data-elementor-id=\"996\" class=\"elementor elementor-996\" data-elementor-post-type=\"page\">\n\t\t\t\t\t\t<section class=\"elementor-section elementor-top-section elementor-element elementor-element-ebcac06 elementor-section-full_width elementor-section-height-default elementor-section-height-default\" data-id=\"ebcac06\" data-element_type=\"section\" data-e-type=\"section\">\n\t\t\t\t\t\t<div class=\"elementor-container elementor-column-gap-default\">\n\t\t\t\t\t<div class=\"elementor-column elementor-col-100 elementor-top-column elementor-element elementor-element-07f9760\" data-id=\"07f9760\" data-element_type=\"column\" data-e-type=\"column\">\n\t\t\t<div class=\"elementor-widget-wrap elementor-element-populated\">\n\t\t\t\t\t\t<div class=\"elementor-element elementor-element-a50b83c elementor-widget elementor-widget-text-editor\" data-id=\"a50b83c\" data-element_type=\"widget\" data-e-type=\"widget\" data-widget_type=\"text-editor.default\">\n\t\t\t\t<div class=\"elementor-widget-container\">\n\t\t\t\t\t\t\t\t\t<p style=\"text-align: center;\"><strong>Chwazi konte kote w anrejistre pou vote<\/strong> pou jwenn lokal pou vote bon\u00e8, ak l\u00e8 fonksyone yo, ki pi pre w.<\/p>\t\t\t\t\t\t\t\t<\/div>\n\t\t\t\t<\/div>\n\t\t\t\t<div class=\"elementor-element elementor-element-b6f67c4 elementor-widget elementor-widget-html\" data-id=\"b6f67c4\" data-element_type=\"widget\" data-e-type=\"widget\" data-widget_type=\"html.default\">\n\t\t\t\t<div class=\"elementor-widget-container\">\n\t\t\t\t\t<style>\r\n    #map {\r\n        max-height: 500px;\r\n    }\r\n    \r\n    h6.infoTitle {\r\n        border-bottom: 1px solid #eee;\r\n        padding-bottom: 0.25em;\r\n        margin-bottom: 0.25em;\r\n    }\r\n    \r\n    p.infoContent {\r\n        margin: 0;\r\n        padding: 0 0 0.5em 0;\r\n    }\r\n<\/style>\r\n\r\n<div>\r\n    <select id=\"counties\">\r\n        <option value=\"0\">Chwazi Konte<\/option>\r\n\t<\/select>\r\n<\/div>\r\n\r\n<div class=\"Map_Container center-align\">\r\n    <div id=\"map\"><\/div>\r\n<\/div>\t\t\t\t<\/div>\n\t\t\t\t<\/div>\n\t\t\t\t<div class=\"elementor-element elementor-element-9b672b3 elementor-widget elementor-widget-heading\" data-id=\"9b672b3\" data-element_type=\"widget\" data-e-type=\"widget\" data-widget_type=\"heading.default\">\n\t\t\t\t<div class=\"elementor-widget-container\">\n\t\t\t\t\t<h3 class=\"elementor-heading-title elementor-size-default\">Kijan Pou Vote Bon\u00e8<\/h3>\t\t\t\t<\/div>\n\t\t\t\t<\/div>\n\t\t\t\t<div class=\"elementor-element elementor-element-0c0f9db elementor-widget elementor-widget-text-editor\" data-id=\"0c0f9db\" data-element_type=\"widget\" data-e-type=\"widget\" data-widget_type=\"text-editor.default\">\n\t\t\t\t<div class=\"elementor-widget-container\">\n\t\t\t\t\t\t\t\t\t<ul><li>Elekt\u00e8 Florid yo ka vote bon\u00e8 apati 19 okt\u00f2b nan pif\u00f2 konte ak 24 okt\u00f2b toupatou. V\u00f2t bon\u00e8 an p\u00e8s\u00f2n fini samdi 31 okt\u00f2b oswa dimanch 1ye novanm, selon konte w la.<\/li><li>Vot\u00e8 ki gen yon bilten v\u00f2t pa lap\u00f2s ka depoze bilten v\u00f2t pa lap\u00f2s yo nan nenp\u00f2t kote pou vote bon\u00e8.<\/li><li>Ou ka vote bon\u00e8 s\u00e8lman nan lokal ki nan konte kote w anrejistre pou vote a.<\/li><li>Pou vote bon\u00e8 ou dwe bay yon idantite ki valab ki gen ladann youn ki gen yon siyati. Idantite ki valab gen ladan lisans chof\u00e8 oswa kat idantite Florid, pasp\u00f2 ameriken, el\u00e8v, milit\u00e8, idantite asistans piblik, ak <span style=\"text-decoration: underline;\"><a href=\"https:\/\/www.voteriders.org\/states\/florida\/\" target=\"_blank\" rel=\"noopener\">l\u00f2t ID<\/a><\/span>. Ou pa bezwen yon ID pou w depoze yon bilten v\u00f2t pa lap\u00f2s.<\/li><\/ul>\t\t\t\t\t\t\t\t<\/div>\n\t\t\t\t<\/div>\n\t\t\t\t\t<\/div>\n\t\t<\/div>\n\t\t\t\t\t<\/div>\n\t\t<\/section>\n\t\t\t\t<\/div>","protected":false},"excerpt":{"rendered":"<p>Select the county where you&#8217;re registered to vote to find early voting locations, and their operating hours, closest to you. Select County How To Vote Early Florida voters can vote early starting Oct. 19th in most counties and Oct. 24th everywhere. In person early voting ends Saturday Oct. 31 or Sunday Nov. 1, depending on [&hellip;]<\/p>\n","protected":false},"author":1,"featured_media":0,"parent":0,"menu_order":0,"comment_status":"closed","ping_status":"closed","template":"","meta":{"footnotes":""},"categories":[14],"tags":[],"class_list":["post-996","page","type-page","status-publish","hentry","category-florida-pirg"],"yoast_head":"<!-- This site is optimized with the Yoast SEO plugin v27.3 - https:\/\/yoast.com\/product\/yoast-seo-wordpress\/ -->\n<title>Find your closest early voting location - Make A Plan To Vote<\/title>\n<meta name=\"robots\" content=\"index, follow, max-snippet:-1, max-image-preview:large, max-video-preview:-1\" \/>\n<link rel=\"canonical\" href=\"https:\/\/makeaplantovote.com\/ht\/floridapirg\/\" \/>\n<meta property=\"og:locale\" content=\"ht_HT\" \/>\n<meta property=\"og:type\" content=\"article\" \/>\n<meta property=\"og:title\" content=\"Find your closest early voting location - Make A Plan To Vote\" \/>\n<meta property=\"og:description\" content=\"Select the county where you&#8217;re registered to vote to find early voting locations, and their operating hours, closest to you. Select County How To Vote Early Florida voters can vote early starting Oct. 19th in most counties and Oct. 24th everywhere. In person early voting ends Saturday Oct. 31 or Sunday Nov. 1, depending on [&hellip;]\" \/>\n<meta property=\"og:url\" content=\"https:\/\/makeaplantovote.com\/ht\/floridapirg\/\" \/>\n<meta property=\"og:site_name\" content=\"Make A Plan To Vote\" \/>\n<meta property=\"article:modified_time\" content=\"2020-10-21T19:05:59+00:00\" \/>\n<meta property=\"og:image\" content=\"https:\/\/makeaplantovote.com\/wp-content\/uploads\/2020\/04\/mptv2020-fb.jpg\" \/>\n\t<meta property=\"og:image:width\" content=\"1200\" \/>\n\t<meta property=\"og:image:height\" content=\"630\" \/>\n\t<meta property=\"og:image:type\" content=\"image\/jpeg\" \/>\n<meta name=\"twitter:card\" content=\"summary_large_image\" \/>\n<meta name=\"twitter:label1\" content=\"Est. reading time\" \/>\n\t<meta name=\"twitter:data1\" content=\"1 minute\" \/>\n<script type=\"application\/ld+json\" class=\"yoast-schema-graph\">{\"@context\":\"https:\\\/\\\/schema.org\",\"@graph\":[{\"@type\":\"WebPage\",\"@id\":\"https:\\\/\\\/makeaplantovote.com\\\/ht\\\/floridapirg\\\/\",\"url\":\"https:\\\/\\\/makeaplantovote.com\\\/ht\\\/floridapirg\\\/\",\"name\":\"Find your closest early voting location - Make A Plan To Vote\",\"isPartOf\":{\"@id\":\"https:\\\/\\\/makeaplantovote.com\\\/ht\\\/#website\"},\"datePublished\":\"2020-06-02T23:32:18+00:00\",\"dateModified\":\"2020-10-21T19:05:59+00:00\",\"breadcrumb\":{\"@id\":\"https:\\\/\\\/makeaplantovote.com\\\/ht\\\/floridapirg\\\/#breadcrumb\"},\"inLanguage\":\"ht\",\"potentialAction\":[{\"@type\":\"ReadAction\",\"target\":[\"https:\\\/\\\/makeaplantovote.com\\\/ht\\\/floridapirg\\\/\"]}]},{\"@type\":\"BreadcrumbList\",\"@id\":\"https:\\\/\\\/makeaplantovote.com\\\/ht\\\/floridapirg\\\/#breadcrumb\",\"itemListElement\":[{\"@type\":\"ListItem\",\"position\":1,\"name\":\"Home\",\"item\":\"https:\\\/\\\/makeaplantovote.com\\\/\"},{\"@type\":\"ListItem\",\"position\":2,\"name\":\"Find your closest early voting location\"}]},{\"@type\":\"WebSite\",\"@id\":\"https:\\\/\\\/makeaplantovote.com\\\/ht\\\/#website\",\"url\":\"https:\\\/\\\/makeaplantovote.com\\\/ht\\\/\",\"name\":\"Make A Plan To Vote\",\"description\":\"\",\"publisher\":{\"@id\":\"https:\\\/\\\/makeaplantovote.com\\\/ht\\\/#organization\"},\"potentialAction\":[{\"@type\":\"SearchAction\",\"target\":{\"@type\":\"EntryPoint\",\"urlTemplate\":\"https:\\\/\\\/makeaplantovote.com\\\/ht\\\/?s={search_term_string}\"},\"query-input\":{\"@type\":\"PropertyValueSpecification\",\"valueRequired\":true,\"valueName\":\"search_term_string\"}}],\"inLanguage\":\"ht\"},{\"@type\":\"Organization\",\"@id\":\"https:\\\/\\\/makeaplantovote.com\\\/ht\\\/#organization\",\"name\":\"Make A Plan To Vote\",\"url\":\"https:\\\/\\\/makeaplantovote.com\\\/ht\\\/\",\"logo\":{\"@type\":\"ImageObject\",\"inLanguage\":\"ht\",\"@id\":\"https:\\\/\\\/makeaplantovote.com\\\/ht\\\/#\\\/schema\\\/logo\\\/image\\\/\",\"url\":\"https:\\\/\\\/makeaplantovote.com\\\/wp-content\\\/uploads\\\/2020\\\/02\\\/mptv-2020-icon.png\",\"contentUrl\":\"https:\\\/\\\/makeaplantovote.com\\\/wp-content\\\/uploads\\\/2020\\\/02\\\/mptv-2020-icon.png\",\"width\":1500,\"height\":1500,\"caption\":\"Make A Plan To Vote\"},\"image\":{\"@id\":\"https:\\\/\\\/makeaplantovote.com\\\/ht\\\/#\\\/schema\\\/logo\\\/image\\\/\"}}]}<\/script>\n<!-- \/ Yoast SEO plugin. -->","yoast_head_json":{"title":"Find your closest early voting location - Make A Plan To Vote","robots":{"index":"index","follow":"follow","max-snippet":"max-snippet:-1","max-image-preview":"max-image-preview:large","max-video-preview":"max-video-preview:-1"},"canonical":"https:\/\/makeaplantovote.com\/ht\/floridapirg\/","og_locale":"ht_HT","og_type":"article","og_title":"Find your closest early voting location - Make A Plan To Vote","og_description":"Select the county where you&#8217;re registered to vote to find early voting locations, and their operating hours, closest to you. Select County How To Vote Early Florida voters can vote early starting Oct. 19th in most counties and Oct. 24th everywhere. In person early voting ends Saturday Oct. 31 or Sunday Nov. 1, depending on [&hellip;]","og_url":"https:\/\/makeaplantovote.com\/ht\/floridapirg\/","og_site_name":"Make A Plan To Vote","article_modified_time":"2020-10-21T19:05:59+00:00","og_image":[{"width":1200,"height":630,"url":"https:\/\/makeaplantovote.com\/wp-content\/uploads\/2020\/04\/mptv2020-fb.jpg","type":"image\/jpeg"}],"twitter_card":"summary_large_image","twitter_misc":{"Est. reading time":"1 minute"},"schema":{"@context":"https:\/\/schema.org","@graph":[{"@type":"WebPage","@id":"https:\/\/makeaplantovote.com\/ht\/floridapirg\/","url":"https:\/\/makeaplantovote.com\/ht\/floridapirg\/","name":"Find your closest early voting location - Make A Plan To Vote","isPartOf":{"@id":"https:\/\/makeaplantovote.com\/ht\/#website"},"datePublished":"2020-06-02T23:32:18+00:00","dateModified":"2020-10-21T19:05:59+00:00","breadcrumb":{"@id":"https:\/\/makeaplantovote.com\/ht\/floridapirg\/#breadcrumb"},"inLanguage":"ht","potentialAction":[{"@type":"ReadAction","target":["https:\/\/makeaplantovote.com\/ht\/floridapirg\/"]}]},{"@type":"BreadcrumbList","@id":"https:\/\/makeaplantovote.com\/ht\/floridapirg\/#breadcrumb","itemListElement":[{"@type":"ListItem","position":1,"name":"Home","item":"https:\/\/makeaplantovote.com\/"},{"@type":"ListItem","position":2,"name":"Find your closest early voting location"}]},{"@type":"WebSite","@id":"https:\/\/makeaplantovote.com\/ht\/#website","url":"https:\/\/makeaplantovote.com\/ht\/","name":"F\u00e8 Yon Plan Pou Vote","description":"","publisher":{"@id":"https:\/\/makeaplantovote.com\/ht\/#organization"},"potentialAction":[{"@type":"SearchAction","target":{"@type":"EntryPoint","urlTemplate":"https:\/\/makeaplantovote.com\/ht\/?s={search_term_string}"},"query-input":{"@type":"PropertyValueSpecification","valueRequired":true,"valueName":"search_term_string"}}],"inLanguage":"ht"},{"@type":"Organization","@id":"https:\/\/makeaplantovote.com\/ht\/#organization","name":"F\u00e8 Yon Plan Pou Vote","url":"https:\/\/makeaplantovote.com\/ht\/","logo":{"@type":"ImageObject","inLanguage":"ht","@id":"https:\/\/makeaplantovote.com\/ht\/#\/schema\/logo\/image\/","url":"https:\/\/makeaplantovote.com\/wp-content\/uploads\/2020\/02\/mptv-2020-icon.png","contentUrl":"https:\/\/makeaplantovote.com\/wp-content\/uploads\/2020\/02\/mptv-2020-icon.png","width":1500,"height":1500,"caption":"Make A Plan To Vote"},"image":{"@id":"https:\/\/makeaplantovote.com\/ht\/#\/schema\/logo\/image\/"}}]}},"_links":{"self":[{"href":"https:\/\/makeaplantovote.com\/ht\/wp-json\/wp\/v2\/pages\/996","targetHints":{"allow":["GET"]}}],"collection":[{"href":"https:\/\/makeaplantovote.com\/ht\/wp-json\/wp\/v2\/pages"}],"about":[{"href":"https:\/\/makeaplantovote.com\/ht\/wp-json\/wp\/v2\/types\/page"}],"author":[{"embeddable":true,"href":"https:\/\/makeaplantovote.com\/ht\/wp-json\/wp\/v2\/users\/1"}],"replies":[{"embeddable":true,"href":"https:\/\/makeaplantovote.com\/ht\/wp-json\/wp\/v2\/comments?post=996"}],"version-history":[{"count":8,"href":"https:\/\/makeaplantovote.com\/ht\/wp-json\/wp\/v2\/pages\/996\/revisions"}],"predecessor-version":[{"id":1262,"href":"https:\/\/makeaplantovote.com\/ht\/wp-json\/wp\/v2\/pages\/996\/revisions\/1262"}],"wp:attachment":[{"href":"https:\/\/makeaplantovote.com\/ht\/wp-json\/wp\/v2\/media?parent=996"}],"wp:term":[{"taxonomy":"category","embeddable":true,"href":"https:\/\/makeaplantovote.com\/ht\/wp-json\/wp\/v2\/categories?post=996"},{"taxonomy":"post_tag","embeddable":true,"href":"https:\/\/makeaplantovote.com\/ht\/wp-json\/wp\/v2\/tags?post=996"}],"curies":[{"name":"wp","href":"https:\/\/api.w.org\/{rel}","templated":true}]}}