{"id":963,"date":"2020-05-05T19:18:58","date_gmt":"2020-05-05T19:18:58","guid":{"rendered":"https:\/\/makeaplantovote.com\/?page_id=963"},"modified":"2020-05-05T19:29:44","modified_gmt":"2020-05-05T19:29:44","slug":"register-2-2","status":"publish","type":"page","link":"https:\/\/makeaplantovote.com\/ht\/organizeflorida-es\/","title":{"rendered":"Enskri pou vote"},"content":{"rendered":"<div data-elementor-type=\"wp-page\" data-elementor-id=\"963\" class=\"elementor elementor-963\" data-elementor-post-type=\"page\">\n\t\t\t\t\t\t<section class=\"elementor-section elementor-top-section elementor-element elementor-element-4429525 elementor-section-full_width elementor-section-height-default elementor-section-height-default\" data-id=\"4429525\" data-element_type=\"section\" data-e-type=\"section\">\n\t\t\t\t\t\t<div class=\"elementor-container elementor-column-gap-default\">\n\t\t\t\t\t<div class=\"elementor-column elementor-col-100 elementor-top-column elementor-element elementor-element-4403a96\" data-id=\"4403a96\" data-element_type=\"column\" data-e-type=\"column\">\n\t\t\t<div class=\"elementor-widget-wrap elementor-element-populated\">\n\t\t\t\t\t\t<section class=\"elementor-section elementor-inner-section elementor-element elementor-element-b6983dc elementor-section-boxed elementor-section-height-default elementor-section-height-default\" data-id=\"b6983dc\" data-element_type=\"section\" data-e-type=\"section\">\n\t\t\t\t\t\t<div class=\"elementor-container elementor-column-gap-default\">\n\t\t\t\t\t<div class=\"elementor-column elementor-col-100 elementor-inner-column elementor-element elementor-element-3853865\" data-id=\"3853865\" data-element_type=\"column\" data-e-type=\"column\">\n\t\t\t<div class=\"elementor-widget-wrap elementor-element-populated\">\n\t\t\t\t\t\t<div class=\"elementor-element elementor-element-52b6212 elementor-align-center elementor-widget elementor-widget-button\" data-id=\"52b6212\" data-element_type=\"widget\" data-e-type=\"widget\" data-no-translation=\"\" data-widget_type=\"button.default\">\n\t\t\t\t<div class=\"elementor-widget-container\">\n\t\t\t\t\t<style>.elementor-element-52b6212{display:none !important}<\/style>\t\t\t\t<\/div>\n\t\t\t\t<\/div>\n\t\t\t\t\t<\/div>\n\t\t<\/div>\n\t\t\t\t\t<\/div>\n\t\t<\/section>\n\t\t\t\t<section class=\"elementor-section elementor-inner-section elementor-element elementor-element-afaad35 elementor-section-boxed elementor-section-height-default elementor-section-height-default\" data-id=\"afaad35\" data-element_type=\"section\" data-e-type=\"section\">\n\t\t\t\t\t\t<div class=\"elementor-container elementor-column-gap-default\">\n\t\t\t\t\t<div class=\"elementor-column elementor-col-50 elementor-inner-column elementor-element elementor-element-e9b742a\" data-id=\"e9b742a\" data-element_type=\"column\" data-e-type=\"column\">\n\t\t\t<div class=\"elementor-widget-wrap elementor-element-populated\">\n\t\t\t\t\t\t<div class=\"elementor-element elementor-element-30150d9 elementor-invisible elementor-widget elementor-widget-text-editor\" data-id=\"30150d9\" data-element_type=\"widget\" data-e-type=\"widget\" data-settings=\"{&quot;_animation&quot;:&quot;fadeInUp&quot;,&quot;_animation_delay&quot;:1000}\" data-widget_type=\"text-editor.default\">\n\t\t\t\t<div class=\"elementor-widget-container\">\n\t\t\t\t\t\t\t\t\t<p>Pou anrejistre pou vote nan Florida sou liy, ranpli f\u00f2ma paj sa a. Nan paj sa a, ranpli f\u00f2ma an liy Eta a Florida ofisy\u00e8l anrejistreman votant yo, ki dwe ranpli av\u00e8k enskripsyon an fin pou vote yo.<\/p>\t\t\t\t\t\t\t\t<\/div>\n\t\t\t\t<\/div>\n\t\t\t\t<div class=\"elementor-element elementor-element-55151e7 elementor-icon-list--layout-traditional elementor-list-item-link-full_width elementor-invisible elementor-widget elementor-widget-icon-list\" data-id=\"55151e7\" data-element_type=\"widget\" data-e-type=\"widget\" data-settings=\"{&quot;_animation&quot;:&quot;fadeInUp&quot;,&quot;_animation_delay&quot;:1500}\" data-widget_type=\"icon-list.default\">\n\t\t\t\t<div class=\"elementor-widget-container\">\n\t\t\t\t\t\t\t<ul class=\"elementor-icon-list-items\">\n\t\t\t\t\t\t\t<li class=\"elementor-icon-list-item\">\n\t\t\t\t\t\t\t\t\t\t\t<a href=\"https:\/\/dos.myflorida.com\/media\/698338\/ovr-faq-spanish.pdf\" target=\"_blank\">\n\n\t\t\t\t\t\t\t\t\t\t\t\t<span class=\"elementor-icon-list-icon\">\n\t\t\t\t\t\t\t<i aria-hidden=\"true\" class=\"fas fa-question-circle\"><\/i>\t\t\t\t\t\t<\/span>\n\t\t\t\t\t\t\t\t\t\t<span class=\"elementor-icon-list-text\">Kesyon yo souvan sou rejis la yo<\/span>\n\t\t\t\t\t\t\t\t\t\t\t<\/a>\n\t\t\t\t\t\t\t\t\t<\/li>\n\t\t\t\t\t\t<\/ul>\n\t\t\t\t\t\t<\/div>\n\t\t\t\t<\/div>\n\t\t\t\t\t<\/div>\n\t\t<\/div>\n\t\t\t\t<div class=\"elementor-column elementor-col-50 elementor-inner-column elementor-element elementor-element-1409b5f elementor-invisible\" data-id=\"1409b5f\" data-element_type=\"column\" data-e-type=\"column\" data-settings=\"{&quot;animation&quot;:&quot;fadeInUp&quot;,&quot;animation_delay&quot;:2500}\">\n\t\t\t<div class=\"elementor-widget-wrap elementor-element-populated\">\n\t\t\t\t\t\t<div class=\"elementor-element elementor-element-46bb073 elementor-widget elementor-widget-html\" data-id=\"46bb073\" data-element_type=\"widget\" data-e-type=\"widget\" data-widget_type=\"html.default\">\n\t\t\t\t<div class=\"elementor-widget-container\">\n\t\t\t\t\t<link rel='preload' href='https:\/\/d3rse9xjbp8270.cloudfront.net\/at.js' as='script' crossorigin='anonymous'>\n <link rel='preload' href='https:\/\/d3rse9xjbp8270.cloudfront.net\/at.min.css' as='style'>\n <script type='text\/javascript' src='https:\/\/d3rse9xjbp8270.cloudfront.net\/at.js' crossorigin='anonymous'><\/script>\n <div class=\"ngp-form\"\n     data-form-url=\"https:\/\/actions.everyaction.com\/v1\/Forms\/AXZy5A2KvEG4zxqlGYFu7g2\"\n     data-fastaction-endpoint=\"https:\/\/fastaction.ngpvan.com\"\n     data-inline-errors=\"true\"\n     data-fastaction-nologin=\"true\"\n     data-databag-endpoint=\"https:\/\/profile.ngpvan.com\"\n     data-databag=\"everybody\"\n     data-mobile-autofocus=\"false\" >\n<\/div>\n<div class=\"form-disclaimer\">L\u00e8 w klike sou &#039;Next Step&#039;, ou dak\u00f2 pou resevwa al\u00e8t peryodik nan Organize Florida Education Fund. Ou ka dezab\u00f2ne nenp\u00f2t ki l\u00e8. <\/div>\t\t\t\t<\/div>\n\t\t\t\t<\/div>\n\t\t\t\t\t<\/div>\n\t\t<\/div>\n\t\t\t\t\t<\/div>\n\t\t<\/section>\n\t\t\t\t\t<\/div>\n\t\t<\/div>\n\t\t\t\t\t<\/div>\n\t\t<\/section>\n\t\t\t\t<\/div>","protected":false},"excerpt":{"rendered":"<p>Para registrarse para votar en la Florida en l\u00ednea, llena el formulario de esta p\u00e1gina. En la p\u00e1gina siguiente, llene el formulario en l\u00ednea Estado de la Florida oficial de registro de votantes, que se debe completar con el fin de registrarse para votar. Preguntas frecuentes sobre el registro de votantes By clicking &#8216;Next Step&#8217; [&hellip;]<\/p>\n","protected":false},"author":1,"featured_media":0,"parent":0,"menu_order":0,"comment_status":"closed","ping_status":"closed","template":"","meta":{"footnotes":""},"categories":[10],"tags":[],"class_list":["post-963","page","type-page","status-publish","hentry","category-organizeflorida"],"yoast_head":"<!-- This site is optimized with the Yoast SEO plugin v27.3 - https:\/\/yoast.com\/product\/yoast-seo-wordpress\/ -->\n<title>Reg\u00edstrate Para Votar - Make A Plan To Vote<\/title>\n<meta name=\"robots\" content=\"index, follow, max-snippet:-1, max-image-preview:large, max-video-preview:-1\" \/>\n<link rel=\"canonical\" href=\"https:\/\/makeaplantovote.com\/ht\/organizeflorida-es\/\" \/>\n<meta property=\"og:locale\" content=\"ht_HT\" \/>\n<meta property=\"og:type\" content=\"article\" \/>\n<meta property=\"og:title\" content=\"Reg\u00edstrate Para Votar - Make A Plan To Vote\" \/>\n<meta property=\"og:description\" content=\"Para registrarse para votar en la Florida en l\u00ednea, llena el formulario de esta p\u00e1gina. En la p\u00e1gina siguiente, llene el formulario en l\u00ednea Estado de la Florida oficial de registro de votantes, que se debe completar con el fin de registrarse para votar. Preguntas frecuentes sobre el registro de votantes By clicking &#8216;Next Step&#8217; [&hellip;]\" \/>\n<meta property=\"og:url\" content=\"https:\/\/makeaplantovote.com\/ht\/organizeflorida-es\/\" \/>\n<meta property=\"og:site_name\" content=\"Make A Plan To Vote\" \/>\n<meta property=\"article:modified_time\" content=\"2020-05-05T19:29:44+00:00\" \/>\n<meta property=\"og:image\" content=\"https:\/\/makeaplantovote.com\/wp-content\/uploads\/2020\/04\/mptv2020-fb.jpg\" \/>\n\t<meta property=\"og:image:width\" content=\"1200\" \/>\n\t<meta property=\"og:image:height\" content=\"630\" \/>\n\t<meta property=\"og:image:type\" content=\"image\/jpeg\" \/>\n<meta name=\"twitter:card\" content=\"summary_large_image\" \/>\n<script type=\"application\/ld+json\" class=\"yoast-schema-graph\">{\"@context\":\"https:\\\/\\\/schema.org\",\"@graph\":[{\"@type\":\"WebPage\",\"@id\":\"https:\\\/\\\/makeaplantovote.com\\\/ht\\\/organizeflorida-es\\\/\",\"url\":\"https:\\\/\\\/makeaplantovote.com\\\/ht\\\/organizeflorida-es\\\/\",\"name\":\"Reg\u00edstrate Para Votar - Make A Plan To Vote\",\"isPartOf\":{\"@id\":\"https:\\\/\\\/makeaplantovote.com\\\/ht\\\/#website\"},\"datePublished\":\"2020-05-05T19:18:58+00:00\",\"dateModified\":\"2020-05-05T19:29:44+00:00\",\"breadcrumb\":{\"@id\":\"https:\\\/\\\/makeaplantovote.com\\\/ht\\\/organizeflorida-es\\\/#breadcrumb\"},\"inLanguage\":\"ht\",\"potentialAction\":[{\"@type\":\"ReadAction\",\"target\":[\"https:\\\/\\\/makeaplantovote.com\\\/ht\\\/organizeflorida-es\\\/\"]}]},{\"@type\":\"BreadcrumbList\",\"@id\":\"https:\\\/\\\/makeaplantovote.com\\\/ht\\\/organizeflorida-es\\\/#breadcrumb\",\"itemListElement\":[{\"@type\":\"ListItem\",\"position\":1,\"name\":\"Home\",\"item\":\"https:\\\/\\\/makeaplantovote.com\\\/\"},{\"@type\":\"ListItem\",\"position\":2,\"name\":\"Reg\u00edstrate Para Votar\"}]},{\"@type\":\"WebSite\",\"@id\":\"https:\\\/\\\/makeaplantovote.com\\\/ht\\\/#website\",\"url\":\"https:\\\/\\\/makeaplantovote.com\\\/ht\\\/\",\"name\":\"Make A Plan To Vote\",\"description\":\"\",\"publisher\":{\"@id\":\"https:\\\/\\\/makeaplantovote.com\\\/ht\\\/#organization\"},\"potentialAction\":[{\"@type\":\"SearchAction\",\"target\":{\"@type\":\"EntryPoint\",\"urlTemplate\":\"https:\\\/\\\/makeaplantovote.com\\\/ht\\\/?s={search_term_string}\"},\"query-input\":{\"@type\":\"PropertyValueSpecification\",\"valueRequired\":true,\"valueName\":\"search_term_string\"}}],\"inLanguage\":\"ht\"},{\"@type\":\"Organization\",\"@id\":\"https:\\\/\\\/makeaplantovote.com\\\/ht\\\/#organization\",\"name\":\"Make A Plan To Vote\",\"url\":\"https:\\\/\\\/makeaplantovote.com\\\/ht\\\/\",\"logo\":{\"@type\":\"ImageObject\",\"inLanguage\":\"ht\",\"@id\":\"https:\\\/\\\/makeaplantovote.com\\\/ht\\\/#\\\/schema\\\/logo\\\/image\\\/\",\"url\":\"https:\\\/\\\/makeaplantovote.com\\\/wp-content\\\/uploads\\\/2020\\\/02\\\/mptv-2020-icon.png\",\"contentUrl\":\"https:\\\/\\\/makeaplantovote.com\\\/wp-content\\\/uploads\\\/2020\\\/02\\\/mptv-2020-icon.png\",\"width\":1500,\"height\":1500,\"caption\":\"Make A Plan To Vote\"},\"image\":{\"@id\":\"https:\\\/\\\/makeaplantovote.com\\\/ht\\\/#\\\/schema\\\/logo\\\/image\\\/\"}}]}<\/script>\n<!-- \/ Yoast SEO plugin. -->","yoast_head_json":{"title":"Enskri Pou Vote - F\u00e8 Yon Plan Pou Vote","robots":{"index":"index","follow":"follow","max-snippet":"max-snippet:-1","max-image-preview":"max-image-preview:large","max-video-preview":"max-video-preview:-1"},"canonical":"https:\/\/makeaplantovote.com\/ht\/organizeflorida-es\/","og_locale":"ht_HT","og_type":"article","og_title":"Reg\u00edstrate Para Votar - Make A Plan To Vote","og_description":"Para registrarse para votar en la Florida en l\u00ednea, llena el formulario de esta p\u00e1gina. En la p\u00e1gina siguiente, llene el formulario en l\u00ednea Estado de la Florida oficial de registro de votantes, que se debe completar con el fin de registrarse para votar. Preguntas frecuentes sobre el registro de votantes By clicking &#8216;Next Step&#8217; [&hellip;]","og_url":"https:\/\/makeaplantovote.com\/ht\/organizeflorida-es\/","og_site_name":"Make A Plan To Vote","article_modified_time":"2020-05-05T19:29:44+00:00","og_image":[{"width":1200,"height":630,"url":"https:\/\/makeaplantovote.com\/wp-content\/uploads\/2020\/04\/mptv2020-fb.jpg","type":"image\/jpeg"}],"twitter_card":"summary_large_image","schema":{"@context":"https:\/\/schema.org","@graph":[{"@type":"WebPage","@id":"https:\/\/makeaplantovote.com\/ht\/organizeflorida-es\/","url":"https:\/\/makeaplantovote.com\/ht\/organizeflorida-es\/","name":"Enskri Pou Vote - F\u00e8 Yon Plan Pou Vote","isPartOf":{"@id":"https:\/\/makeaplantovote.com\/ht\/#website"},"datePublished":"2020-05-05T19:18:58+00:00","dateModified":"2020-05-05T19:29:44+00:00","breadcrumb":{"@id":"https:\/\/makeaplantovote.com\/ht\/organizeflorida-es\/#breadcrumb"},"inLanguage":"ht","potentialAction":[{"@type":"ReadAction","target":["https:\/\/makeaplantovote.com\/ht\/organizeflorida-es\/"]}]},{"@type":"BreadcrumbList","@id":"https:\/\/makeaplantovote.com\/ht\/organizeflorida-es\/#breadcrumb","itemListElement":[{"@type":"ListItem","position":1,"name":"Home","item":"https:\/\/makeaplantovote.com\/"},{"@type":"ListItem","position":2,"name":"Reg\u00edstrate Para Votar"}]},{"@type":"WebSite","@id":"https:\/\/makeaplantovote.com\/ht\/#website","url":"https:\/\/makeaplantovote.com\/ht\/","name":"F\u00e8 Yon Plan Pou Vote","description":"","publisher":{"@id":"https:\/\/makeaplantovote.com\/ht\/#organization"},"potentialAction":[{"@type":"SearchAction","target":{"@type":"EntryPoint","urlTemplate":"https:\/\/makeaplantovote.com\/ht\/?s={search_term_string}"},"query-input":{"@type":"PropertyValueSpecification","valueRequired":true,"valueName":"search_term_string"}}],"inLanguage":"ht"},{"@type":"Organization","@id":"https:\/\/makeaplantovote.com\/ht\/#organization","name":"F\u00e8 Yon Plan Pou Vote","url":"https:\/\/makeaplantovote.com\/ht\/","logo":{"@type":"ImageObject","inLanguage":"ht","@id":"https:\/\/makeaplantovote.com\/ht\/#\/schema\/logo\/image\/","url":"https:\/\/makeaplantovote.com\/wp-content\/uploads\/2020\/02\/mptv-2020-icon.png","contentUrl":"https:\/\/makeaplantovote.com\/wp-content\/uploads\/2020\/02\/mptv-2020-icon.png","width":1500,"height":1500,"caption":"Make A Plan To Vote"},"image":{"@id":"https:\/\/makeaplantovote.com\/ht\/#\/schema\/logo\/image\/"}}]}},"_links":{"self":[{"href":"https:\/\/makeaplantovote.com\/ht\/wp-json\/wp\/v2\/pages\/963","targetHints":{"allow":["GET"]}}],"collection":[{"href":"https:\/\/makeaplantovote.com\/ht\/wp-json\/wp\/v2\/pages"}],"about":[{"href":"https:\/\/makeaplantovote.com\/ht\/wp-json\/wp\/v2\/types\/page"}],"author":[{"embeddable":true,"href":"https:\/\/makeaplantovote.com\/ht\/wp-json\/wp\/v2\/users\/1"}],"replies":[{"embeddable":true,"href":"https:\/\/makeaplantovote.com\/ht\/wp-json\/wp\/v2\/comments?post=963"}],"version-history":[{"count":4,"href":"https:\/\/makeaplantovote.com\/ht\/wp-json\/wp\/v2\/pages\/963\/revisions"}],"predecessor-version":[{"id":969,"href":"https:\/\/makeaplantovote.com\/ht\/wp-json\/wp\/v2\/pages\/963\/revisions\/969"}],"wp:attachment":[{"href":"https:\/\/makeaplantovote.com\/ht\/wp-json\/wp\/v2\/media?parent=963"}],"wp:term":[{"taxonomy":"category","embeddable":true,"href":"https:\/\/makeaplantovote.com\/ht\/wp-json\/wp\/v2\/categories?post=963"},{"taxonomy":"post_tag","embeddable":true,"href":"https:\/\/makeaplantovote.com\/ht\/wp-json\/wp\/v2\/tags?post=963"}],"curies":[{"name":"wp","href":"https:\/\/api.w.org\/{rel}","templated":true}]}}