{"id":644,"date":"2020-04-21T18:39:43","date_gmt":"2020-04-21T18:39:43","guid":{"rendered":"https:\/\/makeaplantovote.com\/?page_id=644"},"modified":"2020-11-02T13:57:44","modified_gmt":"2020-11-02T13:57:44","slug":"check-2","status":"publish","type":"page","link":"https:\/\/makeaplantovote.com\/ht\/check\/","title":{"rendered":"Tcheke sitiyasyon bilten v\u00f2t pa lap\u00f2s ou a"},"content":{"rendered":"<div data-elementor-type=\"wp-page\" data-elementor-id=\"644\" class=\"elementor elementor-644\" data-elementor-post-type=\"page\">\n\t\t\t\t\t\t<section class=\"elementor-section elementor-top-section elementor-element elementor-element-3cc3469 elementor-section-boxed elementor-section-height-default elementor-section-height-default\" data-id=\"3cc3469\" data-element_type=\"section\" data-e-type=\"section\">\n\t\t\t\t\t\t<div class=\"elementor-container elementor-column-gap-default\">\n\t\t\t\t\t<div class=\"elementor-column elementor-col-50 elementor-top-column elementor-element elementor-element-7a0281f\" data-id=\"7a0281f\" data-element_type=\"column\" data-e-type=\"column\">\n\t\t\t<div class=\"elementor-widget-wrap elementor-element-populated\">\n\t\t\t\t\t\t<div class=\"elementor-element elementor-element-9880020 elementor-widget elementor-widget-text-editor\" data-id=\"9880020\" data-element_type=\"widget\" data-e-type=\"widget\" data-widget_type=\"text-editor.default\">\n\t\t\t\t<div class=\"elementor-widget-container\">\n\t\t\t\t\t\t\t\t\t<p>Chwazi konte w la nan meni ki dewoule a epi yo pral redireksyon w sou paj rech\u00e8ch enf\u00f2masyon elekt\u00e8 sip\u00e8viz\u00e8 eleksyon konte w la. W ap kapab tcheke estati bilten v\u00f2t ou pa lap\u00f2s la.<\/p>\t\t\t\t\t\t\t\t<\/div>\n\t\t\t\t<\/div>\n\t\t\t\t\t<\/div>\n\t\t<\/div>\n\t\t\t\t<div class=\"elementor-column elementor-col-50 elementor-top-column elementor-element elementor-element-e1a5434\" data-id=\"e1a5434\" data-element_type=\"column\" data-e-type=\"column\">\n\t\t\t<div class=\"elementor-widget-wrap elementor-element-populated\">\n\t\t\t\t\t\t<div class=\"elementor-element elementor-element-20a028b elementor-widget elementor-widget-html\" data-id=\"20a028b\" data-element_type=\"widget\" data-e-type=\"widget\" data-no-translation=\"\" data-widget_type=\"html.default\">\n\t\t\t\t<div class=\"elementor-widget-container\">\n\t\t\t\t\t<style>.elementor-element-20a028b{display:none !important}<\/style>\t\t\t\t<\/div>\n\t\t\t\t<\/div>\n\t\t\t\t<div class=\"elementor-element elementor-element-8036e5a elementor-widget elementor-widget-html\" data-id=\"8036e5a\" data-element_type=\"widget\" data-e-type=\"widget\" data-no-translation=\"\" data-widget_type=\"html.default\">\n\t\t\t\t<div class=\"elementor-widget-container\">\n\t\t\t\t\t<style>.elementor-element-8036e5a{display:none !important}<\/style>\t\t\t\t<\/div>\n\t\t\t\t<\/div>\n\t\t\t\t\t<\/div>\n\t\t<\/div>\n\t\t\t\t\t<\/div>\n\t\t<\/section>\n\t\t\t\t<\/div>","protected":false},"excerpt":{"rendered":"<p>Chwazi konte w la nan meni ki dewoule a epi yo pral redireksyon w sou paj rech\u00e8ch enf\u00f2masyon elekt\u00e8 sip\u00e8viz\u00e8 eleksyon konte w la. W ap kapab tcheke estati bilten v\u00f2t ou pa lap\u00f2s la. Chwazi konte w la... AlachuaBaker BayBradfordBrevardBrowardCalhounCharlotteCitrusClayCollierColumbiaDeSotoDixieDuvalEscambiaFlaglerFranklinGadsdenGilchristGladesGulfHamiltonHardeeHendryHernandoHighlandsIndianHills RiverJacksonJeffersonLafayetteLakeLeeLeonLevyLibertyMadisonManateeMarionMartinMiami-DadeMonroeNassauOkaloosaOkeechobeeOrangeOsceolaPalm BeachPascoPinellasPolkPutnamSanta RosaSarasotaSeminoleSt. JohnsSt. LucieSumterSuwanneeTaylorUnionVolusiaWakullaWaltonWashington<\/p>","protected":false},"author":1,"featured_media":0,"parent":0,"menu_order":0,"comment_status":"closed","ping_status":"closed","template":"","meta":{"footnotes":""},"categories":[],"tags":[],"class_list":["post-644","page","type-page","status-publish","hentry"],"yoast_head":"<!-- This site is optimized with the Yoast SEO plugin v27.3 - https:\/\/yoast.com\/product\/yoast-seo-wordpress\/ -->\n<title>Check Your Vote-By-Mail Ballot&#039;s Status - Make A Plan To Vote<\/title>\n<meta name=\"robots\" content=\"index, follow, max-snippet:-1, max-image-preview:large, max-video-preview:-1\" \/>\n<link rel=\"canonical\" href=\"https:\/\/makeaplantovote.com\/ht\/check\/\" \/>\n<meta property=\"og:locale\" content=\"ht_HT\" \/>\n<meta property=\"og:type\" content=\"article\" \/>\n<meta property=\"og:title\" content=\"Check Your Vote-By-Mail Ballot&#039;s Status - Make A Plan To Vote\" \/>\n<meta property=\"og:description\" content=\"Select your county from the dropdown menu and you will be redirected to your county supervisor of elections voter information lookup page. You will be able to check your mail ballot&#8217;s status there. Choose your county&#8230;AlachuaBakerBayBradfordBrevardBrowardCalhounCharlotteCitrusClayCollierColumbiaDeSotoDixieDuvalEscambiaFlaglerFranklinGadsdenGilchristGladesGulfHamiltonHardeeHendryHernandoHighlandsHillsboroughHolmesIndian RiverJacksonJeffersonLafayetteLakeLeeLeonLevyLibertyMadisonManateeMarionMartinMiami-DadeMonroeNassauOkaloosaOkeechobeeOrangeOsceolaPalm BeachPascoPinellasPolkPutnamSanta RosaSarasotaSeminoleSt. JohnsSt. LucieSumterSuwanneeTaylorUnionVolusiaWakullaWaltonWashington\" \/>\n<meta property=\"og:url\" content=\"https:\/\/makeaplantovote.com\/ht\/check\/\" \/>\n<meta property=\"og:site_name\" content=\"Make A Plan To Vote\" \/>\n<meta property=\"article:modified_time\" content=\"2020-11-02T13:57:44+00:00\" \/>\n<meta property=\"og:image\" content=\"https:\/\/makeaplantovote.com\/wp-content\/uploads\/2020\/04\/mptv2020-fb.jpg\" \/>\n\t<meta property=\"og:image:width\" content=\"1200\" \/>\n\t<meta property=\"og:image:height\" content=\"630\" \/>\n\t<meta property=\"og:image:type\" content=\"image\/jpeg\" \/>\n<meta name=\"twitter:card\" content=\"summary_large_image\" \/>\n<meta name=\"twitter:label1\" content=\"Est. reading time\" \/>\n\t<meta name=\"twitter:data1\" content=\"1 minute\" \/>\n<script type=\"application\/ld+json\" class=\"yoast-schema-graph\">{\"@context\":\"https:\\\/\\\/schema.org\",\"@graph\":[{\"@type\":\"WebPage\",\"@id\":\"https:\\\/\\\/makeaplantovote.com\\\/ht\\\/check\\\/\",\"url\":\"https:\\\/\\\/makeaplantovote.com\\\/ht\\\/check\\\/\",\"name\":\"Check Your Vote-By-Mail Ballot's Status - Make A Plan To Vote\",\"isPartOf\":{\"@id\":\"https:\\\/\\\/makeaplantovote.com\\\/ht\\\/#website\"},\"datePublished\":\"2020-04-21T18:39:43+00:00\",\"dateModified\":\"2020-11-02T13:57:44+00:00\",\"breadcrumb\":{\"@id\":\"https:\\\/\\\/makeaplantovote.com\\\/ht\\\/check\\\/#breadcrumb\"},\"inLanguage\":\"ht\",\"potentialAction\":[{\"@type\":\"ReadAction\",\"target\":[\"https:\\\/\\\/makeaplantovote.com\\\/ht\\\/check\\\/\"]}]},{\"@type\":\"BreadcrumbList\",\"@id\":\"https:\\\/\\\/makeaplantovote.com\\\/ht\\\/check\\\/#breadcrumb\",\"itemListElement\":[{\"@type\":\"ListItem\",\"position\":1,\"name\":\"Home\",\"item\":\"https:\\\/\\\/makeaplantovote.com\\\/\"},{\"@type\":\"ListItem\",\"position\":2,\"name\":\"Check Your Vote-By-Mail Ballot&#8217;s Status\"}]},{\"@type\":\"WebSite\",\"@id\":\"https:\\\/\\\/makeaplantovote.com\\\/ht\\\/#website\",\"url\":\"https:\\\/\\\/makeaplantovote.com\\\/ht\\\/\",\"name\":\"Make A Plan To Vote\",\"description\":\"\",\"publisher\":{\"@id\":\"https:\\\/\\\/makeaplantovote.com\\\/ht\\\/#organization\"},\"potentialAction\":[{\"@type\":\"SearchAction\",\"target\":{\"@type\":\"EntryPoint\",\"urlTemplate\":\"https:\\\/\\\/makeaplantovote.com\\\/ht\\\/?s={search_term_string}\"},\"query-input\":{\"@type\":\"PropertyValueSpecification\",\"valueRequired\":true,\"valueName\":\"search_term_string\"}}],\"inLanguage\":\"ht\"},{\"@type\":\"Organization\",\"@id\":\"https:\\\/\\\/makeaplantovote.com\\\/ht\\\/#organization\",\"name\":\"Make A Plan To Vote\",\"url\":\"https:\\\/\\\/makeaplantovote.com\\\/ht\\\/\",\"logo\":{\"@type\":\"ImageObject\",\"inLanguage\":\"ht\",\"@id\":\"https:\\\/\\\/makeaplantovote.com\\\/ht\\\/#\\\/schema\\\/logo\\\/image\\\/\",\"url\":\"https:\\\/\\\/makeaplantovote.com\\\/wp-content\\\/uploads\\\/2020\\\/02\\\/mptv-2020-icon.png\",\"contentUrl\":\"https:\\\/\\\/makeaplantovote.com\\\/wp-content\\\/uploads\\\/2020\\\/02\\\/mptv-2020-icon.png\",\"width\":1500,\"height\":1500,\"caption\":\"Make A Plan To Vote\"},\"image\":{\"@id\":\"https:\\\/\\\/makeaplantovote.com\\\/ht\\\/#\\\/schema\\\/logo\\\/image\\\/\"}}]}<\/script>\n<!-- \/ Yoast SEO plugin. -->","yoast_head_json":{"title":"Tcheke Eta Bilten V\u00f2t Pa Lap\u00f2s Ou a - F\u00e8 yon Plan Pou Vote","robots":{"index":"index","follow":"follow","max-snippet":"max-snippet:-1","max-image-preview":"max-image-preview:large","max-video-preview":"max-video-preview:-1"},"canonical":"https:\/\/makeaplantovote.com\/ht\/check\/","og_locale":"ht_HT","og_type":"article","og_title":"Check Your Vote-By-Mail Ballot's Status - Make A Plan To Vote","og_description":"Select your county from the dropdown menu and you will be redirected to your county supervisor of elections voter information lookup page. You will be able to check your mail ballot&#8217;s status there. Choose your county&#8230;AlachuaBakerBayBradfordBrevardBrowardCalhounCharlotteCitrusClayCollierColumbiaDeSotoDixieDuvalEscambiaFlaglerFranklinGadsdenGilchristGladesGulfHamiltonHardeeHendryHernandoHighlandsHillsboroughHolmesIndian RiverJacksonJeffersonLafayetteLakeLeeLeonLevyLibertyMadisonManateeMarionMartinMiami-DadeMonroeNassauOkaloosaOkeechobeeOrangeOsceolaPalm BeachPascoPinellasPolkPutnamSanta RosaSarasotaSeminoleSt. JohnsSt. LucieSumterSuwanneeTaylorUnionVolusiaWakullaWaltonWashington","og_url":"https:\/\/makeaplantovote.com\/ht\/check\/","og_site_name":"Make A Plan To Vote","article_modified_time":"2020-11-02T13:57:44+00:00","og_image":[{"width":1200,"height":630,"url":"https:\/\/makeaplantovote.com\/wp-content\/uploads\/2020\/04\/mptv2020-fb.jpg","type":"image\/jpeg"}],"twitter_card":"summary_large_image","twitter_misc":{"Est. reading time":"1 minute"},"schema":{"@context":"https:\/\/schema.org","@graph":[{"@type":"WebPage","@id":"https:\/\/makeaplantovote.com\/ht\/check\/","url":"https:\/\/makeaplantovote.com\/ht\/check\/","name":"Tcheke Eta Bilten V\u00f2t Pa Lap\u00f2s Ou a - F\u00e8 yon Plan Pou Vote","isPartOf":{"@id":"https:\/\/makeaplantovote.com\/ht\/#website"},"datePublished":"2020-04-21T18:39:43+00:00","dateModified":"2020-11-02T13:57:44+00:00","breadcrumb":{"@id":"https:\/\/makeaplantovote.com\/ht\/check\/#breadcrumb"},"inLanguage":"ht","potentialAction":[{"@type":"ReadAction","target":["https:\/\/makeaplantovote.com\/ht\/check\/"]}]},{"@type":"BreadcrumbList","@id":"https:\/\/makeaplantovote.com\/ht\/check\/#breadcrumb","itemListElement":[{"@type":"ListItem","position":1,"name":"Home","item":"https:\/\/makeaplantovote.com\/"},{"@type":"ListItem","position":2,"name":"Check Your Vote-By-Mail Ballot&#8217;s Status"}]},{"@type":"WebSite","@id":"https:\/\/makeaplantovote.com\/ht\/#website","url":"https:\/\/makeaplantovote.com\/ht\/","name":"F\u00e8 Yon Plan Pou Vote","description":"","publisher":{"@id":"https:\/\/makeaplantovote.com\/ht\/#organization"},"potentialAction":[{"@type":"SearchAction","target":{"@type":"EntryPoint","urlTemplate":"https:\/\/makeaplantovote.com\/ht\/?s={search_term_string}"},"query-input":{"@type":"PropertyValueSpecification","valueRequired":true,"valueName":"search_term_string"}}],"inLanguage":"ht"},{"@type":"Organization","@id":"https:\/\/makeaplantovote.com\/ht\/#organization","name":"F\u00e8 Yon Plan Pou Vote","url":"https:\/\/makeaplantovote.com\/ht\/","logo":{"@type":"ImageObject","inLanguage":"ht","@id":"https:\/\/makeaplantovote.com\/ht\/#\/schema\/logo\/image\/","url":"https:\/\/makeaplantovote.com\/wp-content\/uploads\/2020\/02\/mptv-2020-icon.png","contentUrl":"https:\/\/makeaplantovote.com\/wp-content\/uploads\/2020\/02\/mptv-2020-icon.png","width":1500,"height":1500,"caption":"Make A Plan To Vote"},"image":{"@id":"https:\/\/makeaplantovote.com\/ht\/#\/schema\/logo\/image\/"}}]}},"_links":{"self":[{"href":"https:\/\/makeaplantovote.com\/ht\/wp-json\/wp\/v2\/pages\/644","targetHints":{"allow":["GET"]}}],"collection":[{"href":"https:\/\/makeaplantovote.com\/ht\/wp-json\/wp\/v2\/pages"}],"about":[{"href":"https:\/\/makeaplantovote.com\/ht\/wp-json\/wp\/v2\/types\/page"}],"author":[{"embeddable":true,"href":"https:\/\/makeaplantovote.com\/ht\/wp-json\/wp\/v2\/users\/1"}],"replies":[{"embeddable":true,"href":"https:\/\/makeaplantovote.com\/ht\/wp-json\/wp\/v2\/comments?post=644"}],"version-history":[{"count":11,"href":"https:\/\/makeaplantovote.com\/ht\/wp-json\/wp\/v2\/pages\/644\/revisions"}],"predecessor-version":[{"id":1268,"href":"https:\/\/makeaplantovote.com\/ht\/wp-json\/wp\/v2\/pages\/644\/revisions\/1268"}],"wp:attachment":[{"href":"https:\/\/makeaplantovote.com\/ht\/wp-json\/wp\/v2\/media?parent=644"}],"wp:term":[{"taxonomy":"category","embeddable":true,"href":"https:\/\/makeaplantovote.com\/ht\/wp-json\/wp\/v2\/categories?post=644"},{"taxonomy":"post_tag","embeddable":true,"href":"https:\/\/makeaplantovote.com\/ht\/wp-json\/wp\/v2\/tags?post=644"}],"curies":[{"name":"wp","href":"https:\/\/api.w.org\/{rel}","templated":true}]}}