{"id":1628,"date":"2024-10-29T14:37:33","date_gmt":"2024-10-29T14:37:33","guid":{"rendered":"https:\/\/makeaplantovote.com\/?page_id=1628"},"modified":"2024-11-01T19:47:26","modified_gmt":"2024-11-01T19:47:26","slug":"vbm-closed","status":"publish","type":"page","link":"https:\/\/makeaplantovote.com\/ht\/vbm-closed\/","title":{"rendered":"Demann Bilten V\u00f2t Pa Lap\u00f2s Pou Eleksyon 2024 Yo Fini"},"content":{"rendered":"<div data-elementor-type=\"wp-page\" data-elementor-id=\"1628\" class=\"elementor elementor-1628\" data-elementor-post-type=\"page\">\n\t\t\t\t\t\t<section class=\"elementor-section elementor-top-section elementor-element elementor-element-c4722a5 elementor-section-boxed elementor-section-height-default elementor-section-height-default\" data-id=\"c4722a5\" data-element_type=\"section\" data-e-type=\"section\">\n\t\t\t\t\t\t<div class=\"elementor-container elementor-column-gap-default\">\n\t\t\t\t\t<div class=\"elementor-column elementor-col-100 elementor-top-column elementor-element elementor-element-8fc76ad\" data-id=\"8fc76ad\" data-element_type=\"column\" data-e-type=\"column\">\n\t\t\t<div class=\"elementor-widget-wrap elementor-element-populated\">\n\t\t\t\t\t\t<div class=\"elementor-element elementor-element-ef1c431 elementor-widget elementor-widget-text-editor\" data-id=\"ef1c431\" data-element_type=\"widget\" data-e-type=\"widget\" data-widget_type=\"text-editor.default\">\n\t\t\t\t<div class=\"elementor-widget-container\">\n\t\t\t\t\t\t\t\t\t<p><strong>Dat limit demann bilten v\u00f2t pa lap\u00f2s pou eleksyon 2024 la pase. <\/strong><\/p><p>Ou ka jwenn ou\u00a0<strong><a href=\"https:\/\/makeaplantovote.com\/ht\/early\/\" target=\"_blank\" rel=\"noopener\" data-saferedirecturl=\"https:\/\/www.google.com\/url?q=https:\/\/makeaplantovote.com\/early&amp;source=gmail&amp;ust=1730287635907000&amp;usg=AOvVaw36vLEYVrrvw71AggAzU6ui\">an p\u00e8s\u00f2n kote v\u00f2t bon\u00e8 isit la<\/a><\/strong>, oswa jwenn ou\u00a0<strong><a href=\"https:\/\/makeaplantovote.com\/ht\/electionday\/\" target=\"_blank\" rel=\"noopener\" data-saferedirecturl=\"https:\/\/www.google.com\/url?q=https:\/\/makeaplantovote.com\/electionday&amp;source=gmail&amp;ust=1730287635907000&amp;usg=AOvVaw2wXTzIUKB9kj5V-_2pfD0B\">Lokal biwo v\u00f2t jou Eleksyon an pou madi 5 novanm, isit la.<\/a><\/strong><\/p><p>Pou kesyon ki gen rap\u00f2 ak v\u00f2t, rele 1-866-687-8683.<\/p>\t\t\t\t\t\t\t\t<\/div>\n\t\t\t\t<\/div>\n\t\t\t\t\t<\/div>\n\t\t<\/div>\n\t\t\t\t\t<\/div>\n\t\t<\/section>\n\t\t\t\t<\/div>","protected":false},"excerpt":{"rendered":"<p>Dat limit demann bilten v\u00f2t pa lap\u00f2s pou eleksyon 2024 la pase. Ou ka jwenn lokal v\u00f2t bon\u00e8 an p\u00e8s\u00f2n ou isit la, oswa jwenn lokal biwo v\u00f2t ou nan Jou Eleksyon an pou madi 5 novanm, isit la. Pou kesyon ki gen rap\u00f2 ak v\u00f2t, rele 1-866-687-8683.<\/p>","protected":false},"author":1,"featured_media":0,"parent":0,"menu_order":0,"comment_status":"closed","ping_status":"closed","template":"","meta":{"footnotes":""},"categories":[],"tags":[],"class_list":["post-1628","page","type-page","status-publish","hentry"],"yoast_head":"<!-- This site is optimized with the Yoast SEO plugin v27.5 - https:\/\/yoast.com\/product\/yoast-seo-wordpress\/ -->\n<title>Vote By Mail Ballot Requests For The 2024 Elections Have Ended - Make A Plan To Vote<\/title>\n<meta name=\"robots\" content=\"index, follow, max-snippet:-1, max-image-preview:large, max-video-preview:-1\" \/>\n<link rel=\"canonical\" href=\"https:\/\/makeaplantovote.com\/ht\/vbm-closed\/\" \/>\n<meta property=\"og:locale\" content=\"ht_HT\" \/>\n<meta property=\"og:type\" content=\"article\" \/>\n<meta property=\"og:title\" content=\"Vote By Mail Ballot Requests For The 2024 Elections Have Ended - Make A Plan To Vote\" \/>\n<meta property=\"og:description\" content=\"The vote-by-mail ballot request deadline for the 2024 election has passed. You can find your\u00a0in-person early voting location here, or find your\u00a0Election Day poll location for Tuesday Nov. 5th, here. For voting related questions, call 1-866-687-8683.\" \/>\n<meta property=\"og:url\" content=\"https:\/\/makeaplantovote.com\/ht\/vbm-closed\/\" \/>\n<meta property=\"og:site_name\" content=\"Make A Plan To Vote\" \/>\n<meta property=\"article:modified_time\" content=\"2024-11-01T19:47:26+00:00\" \/>\n<meta property=\"og:image\" content=\"https:\/\/makeaplantovote.com\/wp-content\/uploads\/2020\/04\/mptv2020-fb.jpg\" \/>\n\t<meta property=\"og:image:width\" content=\"1200\" \/>\n\t<meta property=\"og:image:height\" content=\"630\" \/>\n\t<meta property=\"og:image:type\" content=\"image\/jpeg\" \/>\n<meta name=\"twitter:card\" content=\"summary_large_image\" \/>\n<meta name=\"twitter:label1\" content=\"Est. reading time\" \/>\n\t<meta name=\"twitter:data1\" content=\"1 minute\" \/>\n<script type=\"application\/ld+json\" class=\"yoast-schema-graph\">{\"@context\":\"https:\\\/\\\/schema.org\",\"@graph\":[{\"@type\":\"WebPage\",\"@id\":\"https:\\\/\\\/makeaplantovote.com\\\/ht\\\/vbm-closed\\\/\",\"url\":\"https:\\\/\\\/makeaplantovote.com\\\/ht\\\/vbm-closed\\\/\",\"name\":\"Vote By Mail Ballot Requests For The 2024 Elections Have Ended - Make A Plan To Vote\",\"isPartOf\":{\"@id\":\"https:\\\/\\\/makeaplantovote.com\\\/ht\\\/#website\"},\"datePublished\":\"2024-10-29T14:37:33+00:00\",\"dateModified\":\"2024-11-01T19:47:26+00:00\",\"breadcrumb\":{\"@id\":\"https:\\\/\\\/makeaplantovote.com\\\/ht\\\/vbm-closed\\\/#breadcrumb\"},\"inLanguage\":\"ht\",\"potentialAction\":[{\"@type\":\"ReadAction\",\"target\":[\"https:\\\/\\\/makeaplantovote.com\\\/ht\\\/vbm-closed\\\/\"]}]},{\"@type\":\"BreadcrumbList\",\"@id\":\"https:\\\/\\\/makeaplantovote.com\\\/ht\\\/vbm-closed\\\/#breadcrumb\",\"itemListElement\":[{\"@type\":\"ListItem\",\"position\":1,\"name\":\"Home\",\"item\":\"https:\\\/\\\/makeaplantovote.com\\\/\"},{\"@type\":\"ListItem\",\"position\":2,\"name\":\"Vote By Mail Ballot Requests For The 2024 Elections Have Ended\"}]},{\"@type\":\"WebSite\",\"@id\":\"https:\\\/\\\/makeaplantovote.com\\\/ht\\\/#website\",\"url\":\"https:\\\/\\\/makeaplantovote.com\\\/ht\\\/\",\"name\":\"Make A Plan To Vote\",\"description\":\"\",\"publisher\":{\"@id\":\"https:\\\/\\\/makeaplantovote.com\\\/ht\\\/#organization\"},\"potentialAction\":[{\"@type\":\"SearchAction\",\"target\":{\"@type\":\"EntryPoint\",\"urlTemplate\":\"https:\\\/\\\/makeaplantovote.com\\\/ht\\\/?s={search_term_string}\"},\"query-input\":{\"@type\":\"PropertyValueSpecification\",\"valueRequired\":true,\"valueName\":\"search_term_string\"}}],\"inLanguage\":\"ht\"},{\"@type\":\"Organization\",\"@id\":\"https:\\\/\\\/makeaplantovote.com\\\/ht\\\/#organization\",\"name\":\"Make A Plan To Vote\",\"url\":\"https:\\\/\\\/makeaplantovote.com\\\/ht\\\/\",\"logo\":{\"@type\":\"ImageObject\",\"inLanguage\":\"ht\",\"@id\":\"https:\\\/\\\/makeaplantovote.com\\\/ht\\\/#\\\/schema\\\/logo\\\/image\\\/\",\"url\":\"https:\\\/\\\/makeaplantovote.com\\\/wp-content\\\/uploads\\\/2020\\\/02\\\/mptv-2020-icon.png\",\"contentUrl\":\"https:\\\/\\\/makeaplantovote.com\\\/wp-content\\\/uploads\\\/2020\\\/02\\\/mptv-2020-icon.png\",\"width\":1500,\"height\":1500,\"caption\":\"Make A Plan To Vote\"},\"image\":{\"@id\":\"https:\\\/\\\/makeaplantovote.com\\\/ht\\\/#\\\/schema\\\/logo\\\/image\\\/\"}}]}<\/script>\n<!-- \/ Yoast SEO plugin. -->","yoast_head_json":{"title":"Demann pou bilten v\u00f2t pa lap\u00f2s pou eleksyon 2024 yo fini - F\u00e8 yon plan pou w vote","robots":{"index":"index","follow":"follow","max-snippet":"max-snippet:-1","max-image-preview":"max-image-preview:large","max-video-preview":"max-video-preview:-1"},"canonical":"https:\/\/makeaplantovote.com\/ht\/vbm-closed\/","og_locale":"ht_HT","og_type":"article","og_title":"Vote By Mail Ballot Requests For The 2024 Elections Have Ended - Make A Plan To Vote","og_description":"The vote-by-mail ballot request deadline for the 2024 election has passed. You can find your\u00a0in-person early voting location here, or find your\u00a0Election Day poll location for Tuesday Nov. 5th, here. For voting related questions, call 1-866-687-8683.","og_url":"https:\/\/makeaplantovote.com\/ht\/vbm-closed\/","og_site_name":"Make A Plan To Vote","article_modified_time":"2024-11-01T19:47:26+00:00","og_image":[{"width":1200,"height":630,"url":"https:\/\/makeaplantovote.com\/wp-content\/uploads\/2020\/04\/mptv2020-fb.jpg","type":"image\/jpeg"}],"twitter_card":"summary_large_image","twitter_misc":{"Est. reading time":"1 minute"},"schema":{"@context":"https:\/\/schema.org","@graph":[{"@type":"WebPage","@id":"https:\/\/makeaplantovote.com\/ht\/vbm-closed\/","url":"https:\/\/makeaplantovote.com\/ht\/vbm-closed\/","name":"Demann pou bilten v\u00f2t pa lap\u00f2s pou eleksyon 2024 yo fini - F\u00e8 yon plan pou w vote","isPartOf":{"@id":"https:\/\/makeaplantovote.com\/ht\/#website"},"datePublished":"2024-10-29T14:37:33+00:00","dateModified":"2024-11-01T19:47:26+00:00","breadcrumb":{"@id":"https:\/\/makeaplantovote.com\/ht\/vbm-closed\/#breadcrumb"},"inLanguage":"ht","potentialAction":[{"@type":"ReadAction","target":["https:\/\/makeaplantovote.com\/ht\/vbm-closed\/"]}]},{"@type":"BreadcrumbList","@id":"https:\/\/makeaplantovote.com\/ht\/vbm-closed\/#breadcrumb","itemListElement":[{"@type":"ListItem","position":1,"name":"Home","item":"https:\/\/makeaplantovote.com\/"},{"@type":"ListItem","position":2,"name":"Vote By Mail Ballot Requests For The 2024 Elections Have Ended"}]},{"@type":"WebSite","@id":"https:\/\/makeaplantovote.com\/ht\/#website","url":"https:\/\/makeaplantovote.com\/ht\/","name":"F\u00e8 Yon Plan Pou Vote","description":"","publisher":{"@id":"https:\/\/makeaplantovote.com\/ht\/#organization"},"potentialAction":[{"@type":"SearchAction","target":{"@type":"EntryPoint","urlTemplate":"https:\/\/makeaplantovote.com\/ht\/?s={search_term_string}"},"query-input":{"@type":"PropertyValueSpecification","valueRequired":true,"valueName":"search_term_string"}}],"inLanguage":"ht"},{"@type":"Organization","@id":"https:\/\/makeaplantovote.com\/ht\/#organization","name":"F\u00e8 Yon Plan Pou Vote","url":"https:\/\/makeaplantovote.com\/ht\/","logo":{"@type":"ImageObject","inLanguage":"ht","@id":"https:\/\/makeaplantovote.com\/ht\/#\/schema\/logo\/image\/","url":"https:\/\/makeaplantovote.com\/wp-content\/uploads\/2020\/02\/mptv-2020-icon.png","contentUrl":"https:\/\/makeaplantovote.com\/wp-content\/uploads\/2020\/02\/mptv-2020-icon.png","width":1500,"height":1500,"caption":"Make A Plan To Vote"},"image":{"@id":"https:\/\/makeaplantovote.com\/ht\/#\/schema\/logo\/image\/"}}]}},"_links":{"self":[{"href":"https:\/\/makeaplantovote.com\/ht\/wp-json\/wp\/v2\/pages\/1628","targetHints":{"allow":["GET"]}}],"collection":[{"href":"https:\/\/makeaplantovote.com\/ht\/wp-json\/wp\/v2\/pages"}],"about":[{"href":"https:\/\/makeaplantovote.com\/ht\/wp-json\/wp\/v2\/types\/page"}],"author":[{"embeddable":true,"href":"https:\/\/makeaplantovote.com\/ht\/wp-json\/wp\/v2\/users\/1"}],"replies":[{"embeddable":true,"href":"https:\/\/makeaplantovote.com\/ht\/wp-json\/wp\/v2\/comments?post=1628"}],"version-history":[{"count":5,"href":"https:\/\/makeaplantovote.com\/ht\/wp-json\/wp\/v2\/pages\/1628\/revisions"}],"predecessor-version":[{"id":1639,"href":"https:\/\/makeaplantovote.com\/ht\/wp-json\/wp\/v2\/pages\/1628\/revisions\/1639"}],"wp:attachment":[{"href":"https:\/\/makeaplantovote.com\/ht\/wp-json\/wp\/v2\/media?parent=1628"}],"wp:term":[{"taxonomy":"category","embeddable":true,"href":"https:\/\/makeaplantovote.com\/ht\/wp-json\/wp\/v2\/categories?post=1628"},{"taxonomy":"post_tag","embeddable":true,"href":"https:\/\/makeaplantovote.com\/ht\/wp-json\/wp\/v2\/tags?post=1628"}],"curies":[{"name":"wp","href":"https:\/\/api.w.org\/{rel}","templated":true}]}}