{"id":1212,"date":"2020-09-24T18:45:49","date_gmt":"2020-09-24T18:45:49","guid":{"rendered":"https:\/\/makeaplantovote.com\/?page_id=1212"},"modified":"2023-12-05T20:05:14","modified_gmt":"2023-12-05T20:05:14","slug":"voting-by-mail-step-by-step","status":"publish","type":"page","link":"https:\/\/makeaplantovote.com\/ht\/howtovbm\/","title":{"rendered":"Vote pa lap\u00f2s: Etap-pa-etap"},"content":{"rendered":"<div data-elementor-type=\"wp-page\" data-elementor-id=\"1212\" class=\"elementor elementor-1212\" data-elementor-post-type=\"page\">\n\t\t\t\t\t\t<section class=\"elementor-section elementor-top-section elementor-element elementor-element-548e8eed elementor-section-boxed elementor-section-height-default elementor-section-height-default\" data-id=\"548e8eed\" data-element_type=\"section\" data-e-type=\"section\">\n\t\t\t\t\t\t<div class=\"elementor-container elementor-column-gap-default\">\n\t\t\t\t\t<div class=\"elementor-column elementor-col-100 elementor-top-column elementor-element elementor-element-37025a\" data-id=\"37025a\" data-element_type=\"column\" data-e-type=\"column\">\n\t\t\t<div class=\"elementor-widget-wrap elementor-element-populated\">\n\t\t\t\t\t\t<div class=\"elementor-element elementor-element-2f3a5264 elementor-widget elementor-widget-text-editor\" data-id=\"2f3a5264\" data-element_type=\"widget\" data-e-type=\"widget\" data-widget_type=\"text-editor.default\">\n\t\t\t\t<div class=\"elementor-widget-container\">\n\t\t\t\t\t\t\t\t\t<p><\/p>\n<p>Depi w resevwa bilten v\u00f2t pa lap\u00f2s ou a, men tout sa w bezwen konnen pou w vote san danje epi an sekirite.<\/p>\n<p><\/p>\t\t\t\t\t\t\t\t<\/div>\n\t\t\t\t<\/div>\n\t\t\t\t<div class=\"elementor-element elementor-element-e0bf14a elementor-widget elementor-widget-video\" data-id=\"e0bf14a\" data-element_type=\"widget\" data-e-type=\"widget\" data-settings=\"{&quot;youtube_url&quot;:&quot;https:\\\/\\\/youtu.be\\\/9tD_SQKWAr8&quot;,&quot;video_type&quot;:&quot;youtube&quot;,&quot;controls&quot;:&quot;yes&quot;}\" data-widget_type=\"video.default\">\n\t\t\t\t<div class=\"elementor-widget-container\">\n\t\t\t\t\t\t\t<div class=\"elementor-wrapper elementor-open-inline\">\n\t\t\t<div class=\"elementor-video\"><\/div>\t\t<\/div>\n\t\t\t\t\t\t<\/div>\n\t\t\t\t<\/div>\n\t\t\t\t<div class=\"elementor-element elementor-element-ec8fee2 elementor-widget elementor-widget-heading\" data-id=\"ec8fee2\" data-element_type=\"widget\" data-e-type=\"widget\" data-widget_type=\"heading.default\">\n\t\t\t\t<div class=\"elementor-widget-container\">\n\t\t\t\t\t<h4 class=\"elementor-heading-title elementor-size-default\">Pataje videyo sa sou rezo sosyal yo<\/h4>\t\t\t\t<\/div>\n\t\t\t\t<\/div>\n\t\t\t\t<div class=\"elementor-element elementor-element-ff04473 elementor-share-buttons--view-icon elementor-share-buttons--shape-rounded elementor-grid-1 elementor-share-buttons--skin-gradient elementor-share-buttons--color-official elementor-widget elementor-widget-share-buttons\" data-id=\"ff04473\" data-element_type=\"widget\" data-e-type=\"widget\" data-widget_type=\"share-buttons.default\">\n\t\t\t\t<div class=\"elementor-widget-container\">\n\t\t\t\t\t\t\t<div class=\"elementor-grid\">\n\t\t\t\t\t\t\t\t<div class=\"elementor-grid-item\">\n\t\t\t\t\t\t<div class=\"elementor-share-btn elementor-share-btn_facebook\" role=\"button\" tabindex=\"0\" aria-label=\"Pataje sou facebook\" data-no-translation-aria-label=\"\">\n\t\t\t\t\t\t\t\t\t\t\t\t\t\t\t<span class=\"elementor-share-btn__icon\">\n\t\t\t\t\t\t\t\t<i class=\"fab fa-facebook\" aria-hidden=\"true\"><\/i>\t\t\t\t\t\t\t<\/span>\n\t\t\t\t\t\t\t\t\t\t\t\t\t\t\t\t\t\t\t\t<\/div>\n\t\t\t\t\t<\/div>\n\t\t\t\t\t\t<\/div>\n\t\t\t\t\t\t<\/div>\n\t\t\t\t<\/div>\n\t\t\t\t\t<\/div>\n\t\t<\/div>\n\t\t\t\t\t<\/div>\n\t\t<\/section>\n\t\t\t\t<\/div>","protected":false},"excerpt":{"rendered":"<p>Depi w resevwa bilten v\u00f2t pa lap\u00f2s ou a, men tout sa w bezwen konnen pou w vote san danje epi an sekirite. https:\/\/youtu.be\/9tD_SQKWAr8 Pataje videyo sa sou rezo sosyal yo<\/p>","protected":false},"author":1,"featured_media":1217,"parent":0,"menu_order":0,"comment_status":"closed","ping_status":"closed","template":"","meta":{"footnotes":""},"categories":[],"tags":[],"class_list":["post-1212","page","type-page","status-publish","has-post-thumbnail","hentry"],"yoast_head":"<!-- This site is optimized with the Yoast SEO plugin v27.3 - https:\/\/yoast.com\/product\/yoast-seo-wordpress\/ -->\n<title>Voting By Mail: Step-By-Step<\/title>\n<meta name=\"description\" content=\"Once you receive your mail ballot, here\u2019s everything you need to know to vote safely and securely in Florida.\" \/>\n<meta name=\"robots\" content=\"index, follow, max-snippet:-1, max-image-preview:large, max-video-preview:-1\" \/>\n<link rel=\"canonical\" href=\"https:\/\/makeaplantovote.com\/ht\/howtovbm\/\" \/>\n<meta property=\"og:locale\" content=\"ht_HT\" \/>\n<meta property=\"og:type\" content=\"article\" \/>\n<meta property=\"og:title\" content=\"Voting By Mail: Step-By-Step\" \/>\n<meta property=\"og:description\" content=\"Once you receive your mail ballot, here\u2019s everything you need to know to vote safely and securely in Florida.\" \/>\n<meta property=\"og:url\" content=\"https:\/\/makeaplantovote.com\/ht\/howtovbm\/\" \/>\n<meta property=\"og:site_name\" content=\"Make A Plan To Vote\" \/>\n<meta property=\"article:modified_time\" content=\"2023-12-05T20:05:14+00:00\" \/>\n<meta property=\"og:image\" content=\"https:\/\/makeaplantovote.com\/wp-content\/uploads\/2020\/09\/vbm-howto.jpg\" \/>\n\t<meta property=\"og:image:width\" content=\"1712\" \/>\n\t<meta property=\"og:image:height\" content=\"888\" \/>\n\t<meta property=\"og:image:type\" content=\"image\/jpeg\" \/>\n<meta name=\"twitter:card\" content=\"summary_large_image\" \/>\n<meta name=\"twitter:title\" content=\"Here&#039;s everything you need to know to vote by mail\" \/>\n<script type=\"application\/ld+json\" class=\"yoast-schema-graph\">{\"@context\":\"https:\\\/\\\/schema.org\",\"@graph\":[{\"@type\":\"WebPage\",\"@id\":\"https:\\\/\\\/makeaplantovote.com\\\/ht\\\/howtovbm\\\/\",\"url\":\"https:\\\/\\\/makeaplantovote.com\\\/ht\\\/howtovbm\\\/\",\"name\":\"Voting By Mail: Step-By-Step\",\"isPartOf\":{\"@id\":\"https:\\\/\\\/makeaplantovote.com\\\/ht\\\/#website\"},\"primaryImageOfPage\":{\"@id\":\"https:\\\/\\\/makeaplantovote.com\\\/ht\\\/howtovbm\\\/#primaryimage\"},\"image\":{\"@id\":\"https:\\\/\\\/makeaplantovote.com\\\/ht\\\/howtovbm\\\/#primaryimage\"},\"thumbnailUrl\":\"https:\\\/\\\/makeaplantovote.com\\\/wp-content\\\/uploads\\\/2020\\\/09\\\/vbm-howto.jpg\",\"datePublished\":\"2020-09-24T18:45:49+00:00\",\"dateModified\":\"2023-12-05T20:05:14+00:00\",\"description\":\"Once you receive your mail ballot, here\u2019s everything you need to know to vote safely and securely in Florida.\",\"breadcrumb\":{\"@id\":\"https:\\\/\\\/makeaplantovote.com\\\/ht\\\/howtovbm\\\/#breadcrumb\"},\"inLanguage\":\"ht\",\"potentialAction\":[{\"@type\":\"ReadAction\",\"target\":[\"https:\\\/\\\/makeaplantovote.com\\\/ht\\\/howtovbm\\\/\"]}]},{\"@type\":\"ImageObject\",\"inLanguage\":\"ht\",\"@id\":\"https:\\\/\\\/makeaplantovote.com\\\/ht\\\/howtovbm\\\/#primaryimage\",\"url\":\"https:\\\/\\\/makeaplantovote.com\\\/wp-content\\\/uploads\\\/2020\\\/09\\\/vbm-howto.jpg\",\"contentUrl\":\"https:\\\/\\\/makeaplantovote.com\\\/wp-content\\\/uploads\\\/2020\\\/09\\\/vbm-howto.jpg\",\"width\":1712,\"height\":888},{\"@type\":\"BreadcrumbList\",\"@id\":\"https:\\\/\\\/makeaplantovote.com\\\/ht\\\/howtovbm\\\/#breadcrumb\",\"itemListElement\":[{\"@type\":\"ListItem\",\"position\":1,\"name\":\"Home\",\"item\":\"https:\\\/\\\/makeaplantovote.com\\\/\"},{\"@type\":\"ListItem\",\"position\":2,\"name\":\"Voting By Mail: Step-By-Step\"}]},{\"@type\":\"WebSite\",\"@id\":\"https:\\\/\\\/makeaplantovote.com\\\/ht\\\/#website\",\"url\":\"https:\\\/\\\/makeaplantovote.com\\\/ht\\\/\",\"name\":\"Make A Plan To Vote\",\"description\":\"\",\"publisher\":{\"@id\":\"https:\\\/\\\/makeaplantovote.com\\\/ht\\\/#organization\"},\"potentialAction\":[{\"@type\":\"SearchAction\",\"target\":{\"@type\":\"EntryPoint\",\"urlTemplate\":\"https:\\\/\\\/makeaplantovote.com\\\/ht\\\/?s={search_term_string}\"},\"query-input\":{\"@type\":\"PropertyValueSpecification\",\"valueRequired\":true,\"valueName\":\"search_term_string\"}}],\"inLanguage\":\"ht\"},{\"@type\":\"Organization\",\"@id\":\"https:\\\/\\\/makeaplantovote.com\\\/ht\\\/#organization\",\"name\":\"Make A Plan To Vote\",\"url\":\"https:\\\/\\\/makeaplantovote.com\\\/ht\\\/\",\"logo\":{\"@type\":\"ImageObject\",\"inLanguage\":\"ht\",\"@id\":\"https:\\\/\\\/makeaplantovote.com\\\/ht\\\/#\\\/schema\\\/logo\\\/image\\\/\",\"url\":\"https:\\\/\\\/makeaplantovote.com\\\/wp-content\\\/uploads\\\/2020\\\/02\\\/mptv-2020-icon.png\",\"contentUrl\":\"https:\\\/\\\/makeaplantovote.com\\\/wp-content\\\/uploads\\\/2020\\\/02\\\/mptv-2020-icon.png\",\"width\":1500,\"height\":1500,\"caption\":\"Make A Plan To Vote\"},\"image\":{\"@id\":\"https:\\\/\\\/makeaplantovote.com\\\/ht\\\/#\\\/schema\\\/logo\\\/image\\\/\"}}]}<\/script>\n<!-- \/ Yoast SEO plugin. -->","yoast_head_json":{"title":"Vote pa lap\u00f2s: Etap-pa-etap","description":"Yon fwa ou resevwa bilten v\u00f2t ou pa lap\u00f2s la, men tout sa ou bezwen konnen pou vote an sekirite nan Florid.","robots":{"index":"index","follow":"follow","max-snippet":"max-snippet:-1","max-image-preview":"max-image-preview:large","max-video-preview":"max-video-preview:-1"},"canonical":"https:\/\/makeaplantovote.com\/ht\/howtovbm\/","og_locale":"ht_HT","og_type":"article","og_title":"Voting By Mail: Step-By-Step","og_description":"Once you receive your mail ballot, here\u2019s everything you need to know to vote safely and securely in Florida.","og_url":"https:\/\/makeaplantovote.com\/ht\/howtovbm\/","og_site_name":"Make A Plan To Vote","article_modified_time":"2023-12-05T20:05:14+00:00","og_image":[{"width":1712,"height":888,"url":"https:\/\/makeaplantovote.com\/wp-content\/uploads\/2020\/09\/vbm-howto.jpg","type":"image\/jpeg"}],"twitter_card":"summary_large_image","twitter_title":"Here's everything you need to know to vote by mail","schema":{"@context":"https:\/\/schema.org","@graph":[{"@type":"WebPage","@id":"https:\/\/makeaplantovote.com\/ht\/howtovbm\/","url":"https:\/\/makeaplantovote.com\/ht\/howtovbm\/","name":"Vote pa lap\u00f2s: Etap-pa-etap","isPartOf":{"@id":"https:\/\/makeaplantovote.com\/ht\/#website"},"primaryImageOfPage":{"@id":"https:\/\/makeaplantovote.com\/ht\/howtovbm\/#primaryimage"},"image":{"@id":"https:\/\/makeaplantovote.com\/ht\/howtovbm\/#primaryimage"},"thumbnailUrl":"https:\/\/makeaplantovote.com\/wp-content\/uploads\/2020\/09\/vbm-howto.jpg","datePublished":"2020-09-24T18:45:49+00:00","dateModified":"2023-12-05T20:05:14+00:00","description":"Yon fwa ou resevwa bilten v\u00f2t ou pa lap\u00f2s la, men tout sa ou bezwen konnen pou vote an sekirite nan Florid.","breadcrumb":{"@id":"https:\/\/makeaplantovote.com\/ht\/howtovbm\/#breadcrumb"},"inLanguage":"ht","potentialAction":[{"@type":"ReadAction","target":["https:\/\/makeaplantovote.com\/ht\/howtovbm\/"]}]},{"@type":"ImageObject","inLanguage":"ht","@id":"https:\/\/makeaplantovote.com\/ht\/howtovbm\/#primaryimage","url":"https:\/\/makeaplantovote.com\/wp-content\/uploads\/2020\/09\/vbm-howto.jpg","contentUrl":"https:\/\/makeaplantovote.com\/wp-content\/uploads\/2020\/09\/vbm-howto.jpg","width":1712,"height":888},{"@type":"BreadcrumbList","@id":"https:\/\/makeaplantovote.com\/ht\/howtovbm\/#breadcrumb","itemListElement":[{"@type":"ListItem","position":1,"name":"Home","item":"https:\/\/makeaplantovote.com\/"},{"@type":"ListItem","position":2,"name":"Voting By Mail: Step-By-Step"}]},{"@type":"WebSite","@id":"https:\/\/makeaplantovote.com\/ht\/#website","url":"https:\/\/makeaplantovote.com\/ht\/","name":"F\u00e8 Yon Plan Pou Vote","description":"","publisher":{"@id":"https:\/\/makeaplantovote.com\/ht\/#organization"},"potentialAction":[{"@type":"SearchAction","target":{"@type":"EntryPoint","urlTemplate":"https:\/\/makeaplantovote.com\/ht\/?s={search_term_string}"},"query-input":{"@type":"PropertyValueSpecification","valueRequired":true,"valueName":"search_term_string"}}],"inLanguage":"ht"},{"@type":"Organization","@id":"https:\/\/makeaplantovote.com\/ht\/#organization","name":"F\u00e8 Yon Plan Pou Vote","url":"https:\/\/makeaplantovote.com\/ht\/","logo":{"@type":"ImageObject","inLanguage":"ht","@id":"https:\/\/makeaplantovote.com\/ht\/#\/schema\/logo\/image\/","url":"https:\/\/makeaplantovote.com\/wp-content\/uploads\/2020\/02\/mptv-2020-icon.png","contentUrl":"https:\/\/makeaplantovote.com\/wp-content\/uploads\/2020\/02\/mptv-2020-icon.png","width":1500,"height":1500,"caption":"Make A Plan To Vote"},"image":{"@id":"https:\/\/makeaplantovote.com\/ht\/#\/schema\/logo\/image\/"}}]}},"_links":{"self":[{"href":"https:\/\/makeaplantovote.com\/ht\/wp-json\/wp\/v2\/pages\/1212","targetHints":{"allow":["GET"]}}],"collection":[{"href":"https:\/\/makeaplantovote.com\/ht\/wp-json\/wp\/v2\/pages"}],"about":[{"href":"https:\/\/makeaplantovote.com\/ht\/wp-json\/wp\/v2\/types\/page"}],"author":[{"embeddable":true,"href":"https:\/\/makeaplantovote.com\/ht\/wp-json\/wp\/v2\/users\/1"}],"replies":[{"embeddable":true,"href":"https:\/\/makeaplantovote.com\/ht\/wp-json\/wp\/v2\/comments?post=1212"}],"version-history":[{"count":14,"href":"https:\/\/makeaplantovote.com\/ht\/wp-json\/wp\/v2\/pages\/1212\/revisions"}],"predecessor-version":[{"id":1446,"href":"https:\/\/makeaplantovote.com\/ht\/wp-json\/wp\/v2\/pages\/1212\/revisions\/1446"}],"wp:featuredmedia":[{"embeddable":true,"href":"https:\/\/makeaplantovote.com\/ht\/wp-json\/wp\/v2\/media\/1217"}],"wp:attachment":[{"href":"https:\/\/makeaplantovote.com\/ht\/wp-json\/wp\/v2\/media?parent=1212"}],"wp:term":[{"taxonomy":"category","embeddable":true,"href":"https:\/\/makeaplantovote.com\/ht\/wp-json\/wp\/v2\/categories?post=1212"},{"taxonomy":"post_tag","embeddable":true,"href":"https:\/\/makeaplantovote.com\/ht\/wp-json\/wp\/v2\/tags?post=1212"}],"curies":[{"name":"wp","href":"https:\/\/api.w.org\/{rel}","templated":true}]}}