{"id":119,"date":"2020-03-30T18:35:40","date_gmt":"2020-03-30T18:35:40","guid":{"rendered":"https:\/\/mptv.progressflorida.net\/?page_id=119"},"modified":"2020-04-06T20:19:07","modified_gmt":"2020-04-06T20:19:07","slug":"vote-early","status":"publish","type":"page","link":"https:\/\/makeaplantovote.com\/ht\/early-old\/","title":{"rendered":"Vote bon\u00e8"},"content":{"rendered":"<div data-elementor-type=\"wp-page\" data-elementor-id=\"119\" class=\"elementor elementor-119\" data-elementor-post-type=\"page\">\n\t\t\t\t\t\t<section class=\"elementor-section elementor-top-section elementor-element elementor-element-d520337 elementor-section-full_width elementor-section-height-default elementor-section-height-default\" data-id=\"d520337\" data-element_type=\"section\" data-e-type=\"section\">\n\t\t\t\t\t\t<div class=\"elementor-container elementor-column-gap-default\">\n\t\t\t\t\t<div class=\"elementor-column elementor-col-100 elementor-top-column elementor-element elementor-element-866176a\" data-id=\"866176a\" data-element_type=\"column\" data-e-type=\"column\">\n\t\t\t<div class=\"elementor-widget-wrap elementor-element-populated\">\n\t\t\t\t\t\t<div class=\"elementor-element elementor-element-106d108 elementor-invisible elementor-widget elementor-widget-html\" data-id=\"106d108\" data-element_type=\"widget\" data-e-type=\"widget\" data-settings=\"{&quot;_animation&quot;:&quot;fadeInUp&quot;,&quot;_animation_delay&quot;:1000}\" data-widget_type=\"html.default\">\n\t\t\t\t<div class=\"elementor-widget-container\">\n\t\t\t\t\t<p>Chwazi konte kote w anrejistre pou w vote pou w jwenn kote w ap vote bon\u00e8 ansanm ak jou ak l\u00e8 yo ouvri.<\/p>\n<p>S\u00e8vi ak zouti kat yo pou rale nan (+) oswa soti (-). Klike epi trennen pou chanje pozisyon kat la. Chak pin j\u00f2n reprezante yon kote pou vote bon\u00e8 nan konte ou. Klike sou yon peny pou jwenn plis enf\u00f2masyon sou adr\u00e8s yon lokal pou vote bon\u00e8 ak l\u00e8 ak dat kote a ouvri.<\/p>\n<p>Nan lokal v\u00f2t bon\u00e8 ou, y ap mande w pou bay yon <a target=\"_blank\" href=\"https:\/\/www.voteriders.org\/ufaqs\/florida-voter-id-information\/\">idantite foto valab.<\/a> Si w gen kesyon sou idantite valab oswa si w bezwen \u00e8d pou w jwenn yon idantite pou w vote rele VoteRiders nan 844-338-8743.<\/p>\n\n<p style=\"font-size: 120%;\"><label class=\"layer-wizard-search-label\">\nChwazi Konte w la\n<\/label>\n<select onchange=\"changeMap_0()\" id=\"search-string_0\">\n<option value=\"\">Chwazi konte ou...<\/option>\n    <option value=\"Alachua\">Alachua<\/option>\n    <option value=\"Baker\">Baker<\/option>\n    <option value=\"Bay\">Bay<\/option>\n    <option value=\"Bradford\">Bradford<\/option>\n    <option value=\"Brevard\">Brevard<\/option>\n    <option value=\"Broward\">Broward<\/option>\n    <option value=\"Calhoun\">Calhoun<\/option>\n    <option value=\"Charlotte\">Charlotte<\/option>\n    <option value=\"Citrus\">Citrus<\/option>\n    <option value=\"Clay\">Clay<\/option>\n    <option value=\"Collier\">Collier<\/option>\n    <option value=\"Columbia\">Columbia<\/option>\n    <option value=\"DeSoto\">DeSoto<\/option>\n    <option value=\"Dixie\">Dixie<\/option>\n    <option value=\"Duval\">Duval<\/option>\n    <option value=\"Escambia\">Escambia<\/option>\n    <option value=\"Flagler\">Flagler<\/option>\n    <option value=\"Franklin\">Franklin<\/option>\n    <option value=\"Gadsden\">Gadsden<\/option>\n    <option value=\"Gilchrist\">Gilchrist<\/option>\n    <option value=\"Glades\">Glades<\/option>\n    <option value=\"Gulf\">G\u00f2lf<\/option>\n    <option value=\"Hamilton\">Hamilton<\/option>\n    <option value=\"Hardee\">Hardee<\/option>\n    <option value=\"Hendry\">Hendry<\/option>\n    <option value=\"Hernando\">Hernando<\/option>\n    <option value=\"Highlands\">Highlands<\/option>\n    <option value=\"Hillsborough\">Hillsborough<\/option>\n    <option value=\"Holmes\">Holmes<\/option>\n    <option value=\"Indian River\">Indian River<\/option>\n    <option value=\"Jackson\">Jackson<\/option>\n    <option value=\"Jefferson\">Jefferson<\/option>\n    <option value=\"Lafayette\">Lafayette<\/option>\n    <option value=\"Lake\">Lake<\/option>\n    <option value=\"Lee\">Lee<\/option>\n    <option value=\"Leon\">Leon<\/option>\n    <option value=\"Levy\">Levy<\/option>\n    <option value=\"Liberty\">Lib\u00e8te<\/option>\n    <option value=\"Madison\">Madison<\/option>\n    <option value=\"Manatee\">Lamantin<\/option>\n    <option value=\"Marion\">Marion<\/option>\n    <option value=\"Martin\">Martin<\/option>\n    <option value=\"Miami\">Miami-Dade<\/option>\n    <option value=\"Monroe\">Monroe<\/option>\n    <option value=\"Nassau\">Nassau<\/option>\n    <option value=\"Okaloosa\">Okaloosa<\/option>\n    <option value=\"Okeechobee\">Okeechobee<\/option>\n    <option value=\"Orange\">Orange<\/option>\n    <option value=\"Osceola\">Osceola<\/option>\n    <option value=\"Palm Beach\">Palm Beach<\/option>\n    <option value=\"Pasco\">Pasco<\/option>\n    <option value=\"Pinellas\">Pinellas<\/option>\n    <option value=\"Polk\">Polk<\/option>\n    <option value=\"Putnam\">Putnam<\/option>\n    <option value=\"Santa Rosa\">Santa Rosa<\/option>\n    <option value=\"Sarasota\">Sarasota<\/option>\n    <option value=\"Seminole\">Seminole<\/option>\n    <option value=\"St. Johns\">St Johns<\/option>\n    <option value=\"St. Lucie\">St Lucie<\/option>\n    <option value=\"Sumter\">Sumter<\/option>\n    <option value=\"Suwannee\">Suwannee<\/option>\n    <option value=\"Taylor\">Taylor<\/option>\n    <option value=\"Union\">Inyon<\/option>\n    <option value=\"Volusia\">Volusia<\/option>\n    <option value=\"Wakulla\">Wakulla<\/option>\n    <option value=\"Walton\">Walton<\/option>\n    <option value=\"Washington\">Washington<\/option>\n<\/select><\/p>\n\n<div id=\"map-canvas\"><\/div>\n\t\t\t\t<\/div>\n\t\t\t\t<\/div>\n\t\t\t\t\t<\/div>\n\t\t<\/div>\n\t\t\t\t\t<\/div>\n\t\t<\/section>\n\t\t\t\t<\/div>","protected":false},"excerpt":{"rendered":"<p>Select the county where you&#8217;re registered to vote to find your early voting locations along with the days and hours they&#8217;re open. Use the map tools to zoom in (+) or out (-). Click and drag to reposition the map. Each yellow pin represents an early voting location in your county. Click on a pin [&hellip;]<\/p>\n","protected":false},"author":1,"featured_media":0,"parent":0,"menu_order":0,"comment_status":"closed","ping_status":"closed","template":"","meta":{"footnotes":""},"categories":[],"tags":[],"class_list":["post-119","page","type-page","status-publish","hentry"],"yoast_head":"<!-- This site is optimized with the Yoast SEO plugin v27.5 - https:\/\/yoast.com\/product\/yoast-seo-wordpress\/ -->\n<title>Vote early - Make A Plan To Vote<\/title>\n<meta name=\"robots\" content=\"index, follow, max-snippet:-1, max-image-preview:large, max-video-preview:-1\" \/>\n<link rel=\"canonical\" href=\"https:\/\/makeaplantovote.com\/ht\/early-old\/\" \/>\n<meta property=\"og:locale\" content=\"ht_HT\" \/>\n<meta property=\"og:type\" content=\"article\" \/>\n<meta property=\"og:title\" content=\"Vote early - Make A Plan To Vote\" \/>\n<meta property=\"og:description\" content=\"Select the county where you&#8217;re registered to vote to find your early voting locations along with the days and hours they&#8217;re open. Use the map tools to zoom in (+) or out (-). Click and drag to reposition the map. Each yellow pin represents an early voting location in your county. Click on a pin [&hellip;]\" \/>\n<meta property=\"og:url\" content=\"https:\/\/makeaplantovote.com\/ht\/early-old\/\" \/>\n<meta property=\"og:site_name\" content=\"Make A Plan To Vote\" \/>\n<meta property=\"article:modified_time\" content=\"2020-04-06T20:19:07+00:00\" \/>\n<meta property=\"og:image\" content=\"https:\/\/makeaplantovote.com\/wp-content\/uploads\/2020\/04\/mptv2020-fb.jpg\" \/>\n\t<meta property=\"og:image:width\" content=\"1200\" \/>\n\t<meta property=\"og:image:height\" content=\"630\" \/>\n\t<meta property=\"og:image:type\" content=\"image\/jpeg\" \/>\n<meta name=\"twitter:card\" content=\"summary_large_image\" \/>\n<meta name=\"twitter:label1\" content=\"Est. reading time\" \/>\n\t<meta name=\"twitter:data1\" content=\"1 minute\" \/>\n<script type=\"application\/ld+json\" class=\"yoast-schema-graph\">{\"@context\":\"https:\\\/\\\/schema.org\",\"@graph\":[{\"@type\":\"WebPage\",\"@id\":\"https:\\\/\\\/makeaplantovote.com\\\/ht\\\/early-old\\\/\",\"url\":\"https:\\\/\\\/makeaplantovote.com\\\/ht\\\/early-old\\\/\",\"name\":\"Vote early - Make A Plan To Vote\",\"isPartOf\":{\"@id\":\"https:\\\/\\\/makeaplantovote.com\\\/ht\\\/#website\"},\"datePublished\":\"2020-03-30T18:35:40+00:00\",\"dateModified\":\"2020-04-06T20:19:07+00:00\",\"breadcrumb\":{\"@id\":\"https:\\\/\\\/makeaplantovote.com\\\/ht\\\/early-old\\\/#breadcrumb\"},\"inLanguage\":\"ht\",\"potentialAction\":[{\"@type\":\"ReadAction\",\"target\":[\"https:\\\/\\\/makeaplantovote.com\\\/ht\\\/early-old\\\/\"]}]},{\"@type\":\"BreadcrumbList\",\"@id\":\"https:\\\/\\\/makeaplantovote.com\\\/ht\\\/early-old\\\/#breadcrumb\",\"itemListElement\":[{\"@type\":\"ListItem\",\"position\":1,\"name\":\"Home\",\"item\":\"https:\\\/\\\/makeaplantovote.com\\\/\"},{\"@type\":\"ListItem\",\"position\":2,\"name\":\"Vote early\"}]},{\"@type\":\"WebSite\",\"@id\":\"https:\\\/\\\/makeaplantovote.com\\\/ht\\\/#website\",\"url\":\"https:\\\/\\\/makeaplantovote.com\\\/ht\\\/\",\"name\":\"Make A Plan To Vote\",\"description\":\"\",\"publisher\":{\"@id\":\"https:\\\/\\\/makeaplantovote.com\\\/ht\\\/#organization\"},\"potentialAction\":[{\"@type\":\"SearchAction\",\"target\":{\"@type\":\"EntryPoint\",\"urlTemplate\":\"https:\\\/\\\/makeaplantovote.com\\\/ht\\\/?s={search_term_string}\"},\"query-input\":{\"@type\":\"PropertyValueSpecification\",\"valueRequired\":true,\"valueName\":\"search_term_string\"}}],\"inLanguage\":\"ht\"},{\"@type\":\"Organization\",\"@id\":\"https:\\\/\\\/makeaplantovote.com\\\/ht\\\/#organization\",\"name\":\"Make A Plan To Vote\",\"url\":\"https:\\\/\\\/makeaplantovote.com\\\/ht\\\/\",\"logo\":{\"@type\":\"ImageObject\",\"inLanguage\":\"ht\",\"@id\":\"https:\\\/\\\/makeaplantovote.com\\\/ht\\\/#\\\/schema\\\/logo\\\/image\\\/\",\"url\":\"https:\\\/\\\/makeaplantovote.com\\\/wp-content\\\/uploads\\\/2020\\\/02\\\/mptv-2020-icon.png\",\"contentUrl\":\"https:\\\/\\\/makeaplantovote.com\\\/wp-content\\\/uploads\\\/2020\\\/02\\\/mptv-2020-icon.png\",\"width\":1500,\"height\":1500,\"caption\":\"Make A Plan To Vote\"},\"image\":{\"@id\":\"https:\\\/\\\/makeaplantovote.com\\\/ht\\\/#\\\/schema\\\/logo\\\/image\\\/\"}}]}<\/script>\n<!-- \/ Yoast SEO plugin. -->","yoast_head_json":{"title":"Vote bon\u00e8 - F\u00e8 yon plan pou vote","robots":{"index":"index","follow":"follow","max-snippet":"max-snippet:-1","max-image-preview":"max-image-preview:large","max-video-preview":"max-video-preview:-1"},"canonical":"https:\/\/makeaplantovote.com\/ht\/early-old\/","og_locale":"ht_HT","og_type":"article","og_title":"Vote early - Make A Plan To Vote","og_description":"Select the county where you&#8217;re registered to vote to find your early voting locations along with the days and hours they&#8217;re open. Use the map tools to zoom in (+) or out (-). Click and drag to reposition the map. Each yellow pin represents an early voting location in your county. Click on a pin [&hellip;]","og_url":"https:\/\/makeaplantovote.com\/ht\/early-old\/","og_site_name":"Make A Plan To Vote","article_modified_time":"2020-04-06T20:19:07+00:00","og_image":[{"width":1200,"height":630,"url":"https:\/\/makeaplantovote.com\/wp-content\/uploads\/2020\/04\/mptv2020-fb.jpg","type":"image\/jpeg"}],"twitter_card":"summary_large_image","twitter_misc":{"Est. reading time":"1 minute"},"schema":{"@context":"https:\/\/schema.org","@graph":[{"@type":"WebPage","@id":"https:\/\/makeaplantovote.com\/ht\/early-old\/","url":"https:\/\/makeaplantovote.com\/ht\/early-old\/","name":"Vote bon\u00e8 - F\u00e8 yon plan pou vote","isPartOf":{"@id":"https:\/\/makeaplantovote.com\/ht\/#website"},"datePublished":"2020-03-30T18:35:40+00:00","dateModified":"2020-04-06T20:19:07+00:00","breadcrumb":{"@id":"https:\/\/makeaplantovote.com\/ht\/early-old\/#breadcrumb"},"inLanguage":"ht","potentialAction":[{"@type":"ReadAction","target":["https:\/\/makeaplantovote.com\/ht\/early-old\/"]}]},{"@type":"BreadcrumbList","@id":"https:\/\/makeaplantovote.com\/ht\/early-old\/#breadcrumb","itemListElement":[{"@type":"ListItem","position":1,"name":"Home","item":"https:\/\/makeaplantovote.com\/"},{"@type":"ListItem","position":2,"name":"Vote early"}]},{"@type":"WebSite","@id":"https:\/\/makeaplantovote.com\/ht\/#website","url":"https:\/\/makeaplantovote.com\/ht\/","name":"F\u00e8 Yon Plan Pou Vote","description":"","publisher":{"@id":"https:\/\/makeaplantovote.com\/ht\/#organization"},"potentialAction":[{"@type":"SearchAction","target":{"@type":"EntryPoint","urlTemplate":"https:\/\/makeaplantovote.com\/ht\/?s={search_term_string}"},"query-input":{"@type":"PropertyValueSpecification","valueRequired":true,"valueName":"search_term_string"}}],"inLanguage":"ht"},{"@type":"Organization","@id":"https:\/\/makeaplantovote.com\/ht\/#organization","name":"F\u00e8 Yon Plan Pou Vote","url":"https:\/\/makeaplantovote.com\/ht\/","logo":{"@type":"ImageObject","inLanguage":"ht","@id":"https:\/\/makeaplantovote.com\/ht\/#\/schema\/logo\/image\/","url":"https:\/\/makeaplantovote.com\/wp-content\/uploads\/2020\/02\/mptv-2020-icon.png","contentUrl":"https:\/\/makeaplantovote.com\/wp-content\/uploads\/2020\/02\/mptv-2020-icon.png","width":1500,"height":1500,"caption":"Make A Plan To Vote"},"image":{"@id":"https:\/\/makeaplantovote.com\/ht\/#\/schema\/logo\/image\/"}}]}},"_links":{"self":[{"href":"https:\/\/makeaplantovote.com\/ht\/wp-json\/wp\/v2\/pages\/119","targetHints":{"allow":["GET"]}}],"collection":[{"href":"https:\/\/makeaplantovote.com\/ht\/wp-json\/wp\/v2\/pages"}],"about":[{"href":"https:\/\/makeaplantovote.com\/ht\/wp-json\/wp\/v2\/types\/page"}],"author":[{"embeddable":true,"href":"https:\/\/makeaplantovote.com\/ht\/wp-json\/wp\/v2\/users\/1"}],"replies":[{"embeddable":true,"href":"https:\/\/makeaplantovote.com\/ht\/wp-json\/wp\/v2\/comments?post=119"}],"version-history":[{"count":7,"href":"https:\/\/makeaplantovote.com\/ht\/wp-json\/wp\/v2\/pages\/119\/revisions"}],"predecessor-version":[{"id":558,"href":"https:\/\/makeaplantovote.com\/ht\/wp-json\/wp\/v2\/pages\/119\/revisions\/558"}],"wp:attachment":[{"href":"https:\/\/makeaplantovote.com\/ht\/wp-json\/wp\/v2\/media?parent=119"}],"wp:term":[{"taxonomy":"category","embeddable":true,"href":"https:\/\/makeaplantovote.com\/ht\/wp-json\/wp\/v2\/categories?post=119"},{"taxonomy":"post_tag","embeddable":true,"href":"https:\/\/makeaplantovote.com\/ht\/wp-json\/wp\/v2\/tags?post=119"}],"curies":[{"name":"wp","href":"https:\/\/api.w.org\/{rel}","templated":true}]}}