{"id":1168,"date":"2020-08-10T21:21:33","date_gmt":"2020-08-10T21:21:33","guid":{"rendered":"https:\/\/makeaplantovote.com\/?page_id=1168"},"modified":"2025-09-22T17:09:11","modified_gmt":"2025-09-22T17:09:11","slug":"vote-early-2-0","status":"publish","type":"page","link":"https:\/\/makeaplantovote.com\/ht\/early\/","title":{"rendered":"Jwenn Kote w la ki pi pre pou v\u00f2t bon\u00e8 ak bilten v\u00f2t ou"},"content":{"rendered":"<div data-elementor-type=\"wp-page\" data-elementor-id=\"1168\" class=\"elementor elementor-1168\" data-elementor-post-type=\"page\">\n\t\t\t\t\t\t<section class=\"elementor-section elementor-top-section elementor-element elementor-element-c56e1eb elementor-section-boxed elementor-section-height-default elementor-section-height-default\" data-id=\"c56e1eb\" data-element_type=\"section\" data-e-type=\"section\">\n\t\t\t\t\t\t<div class=\"elementor-container elementor-column-gap-default\">\n\t\t\t\t\t<div class=\"elementor-column elementor-col-100 elementor-top-column elementor-element elementor-element-78377ed\" data-id=\"78377ed\" data-element_type=\"column\" data-e-type=\"column\">\n\t\t\t<div class=\"elementor-widget-wrap elementor-element-populated\">\n\t\t\t\t\t\t<div class=\"elementor-element elementor-element-0b03b28 elementor-widget elementor-widget-text-editor\" data-id=\"0b03b28\" data-element_type=\"widget\" data-e-type=\"widget\" data-widget_type=\"text-editor.default\">\n\t\t\t\t<div class=\"elementor-widget-container\">\n\t\t\t\t\t\t\t\t\t<h3>Note: It\u2019s still too early for counties to release their 2026 Early Voting locations. For now, this page shows 2024 locations so you can see how it works in your county. <strong>As soon as 2026 sites are available, we\u2019ll update the map and dropdown.\u00a0<\/strong><\/h3>\t\t\t\t\t\t\t\t<\/div>\n\t\t\t\t<\/div>\n\t\t\t\t\t<\/div>\n\t\t<\/div>\n\t\t\t\t\t<\/div>\n\t\t<\/section>\n\t\t\t\t<section class=\"elementor-section elementor-top-section elementor-element elementor-element-c774128 elementor-section-boxed elementor-section-height-default elementor-section-height-default\" data-id=\"c774128\" data-element_type=\"section\" data-e-type=\"section\">\n\t\t\t\t\t\t<div class=\"elementor-container elementor-column-gap-default\">\n\t\t\t\t\t<div class=\"elementor-column elementor-col-100 elementor-top-column elementor-element elementor-element-68e4ee9\" data-id=\"68e4ee9\" data-element_type=\"column\" data-e-type=\"column\">\n\t\t\t<div class=\"elementor-widget-wrap elementor-element-populated\">\n\t\t\t\t\t\t<div class=\"elementor-element elementor-element-28c4c70 elementor-widget elementor-widget-text-editor\" data-id=\"28c4c70\" data-element_type=\"widget\" data-e-type=\"widget\" data-widget_type=\"text-editor.default\">\n\t\t\t\t<div class=\"elementor-widget-container\">\n\t\t\t\t\t\t\t\t\t<p style=\"text-align: center;\"><strong>Chwazi konte kote w anrejistre pou vote<\/strong> pou jwenn lokal pou vote bon\u00e8, ak l\u00e8 fonksyone yo, ki pi pre w. <br \/><strong>Ou ka depoze bilten v\u00f2t pa lap\u00f2s ou tou<\/strong> nan nenp\u00f2t kote pou vote bon\u00e8 pandan l\u00e8 v\u00f2t yo.<\/p>\t\t\t\t\t\t\t\t<\/div>\n\t\t\t\t<\/div>\n\t\t\t\t<div class=\"elementor-element elementor-element-30db0ae elementor-widget elementor-widget-html\" data-id=\"30db0ae\" data-element_type=\"widget\" data-e-type=\"widget\" data-widget_type=\"html.default\">\n\t\t\t\t<div class=\"elementor-widget-container\">\n\t\t\t\t\t<style>\r\n    #map {\r\n        max-height: 500px;\r\n    }\r\n    \r\n    h6.infoTitle {\r\n        border-bottom: 1px solid #eee;\r\n        padding-bottom: 0.25em;\r\n        margin-bottom: 0.25em;\r\n    }\r\n    \r\n    p.infoContent {\r\n        margin: 0;\r\n        padding: 0 0 0.5em 0;\r\n    }\r\n<\/style>\r\n\r\n<div>\r\n    <select id=\"counties\">\r\n        <option value=\"0\">Chwazi Konte w la<\/option>\r\n\t<\/select>\r\n<\/div>\r\n\r\n<div class=\"Map_Container center-align\">\r\n    <div id=\"map\"><\/div>\r\n<\/div>\t\t\t\t<\/div>\n\t\t\t\t<\/div>\n\t\t\t\t<div class=\"elementor-element elementor-element-e029cb3 elementor-hidden-desktop elementor-hidden-tablet elementor-hidden-mobile elementor-widget elementor-widget-html\" data-id=\"e029cb3\" data-element_type=\"widget\" data-e-type=\"widget\" data-no-translation=\"\" data-widget_type=\"html.default\">\n\t\t\t\t<div class=\"elementor-widget-container\">\n\t\t\t\t\t<style>.elementor-element-e029cb3{display:none !important}<\/style>\t\t\t\t<\/div>\n\t\t\t\t<\/div>\n\t\t\t\t<div class=\"elementor-element elementor-element-a9bc913 elementor-widget elementor-widget-heading\" data-id=\"a9bc913\" data-element_type=\"widget\" data-e-type=\"widget\" data-widget_type=\"heading.default\">\n\t\t\t\t<div class=\"elementor-widget-container\">\n\t\t\t\t\t<h3 class=\"elementor-heading-title elementor-size-default\">Kijan Pou Vote Bon\u00e8<\/h3>\t\t\t\t<\/div>\n\t\t\t\t<\/div>\n\t\t\t\t<div class=\"elementor-element elementor-element-5f405d9 elementor-widget elementor-widget-text-editor\" data-id=\"5f405d9\" data-element_type=\"widget\" data-e-type=\"widget\" data-widget_type=\"text-editor.default\">\n\t\t\t\t<div class=\"elementor-widget-container\">\n\t\t\t\t\t\t\t\t\t<ul><li>Ou ka vote bon\u00e8 s\u00e8lman nan lokal ki nan konte kote w anrejistre pou vote a.<\/li><li>Vot\u00e8 ki gen yon bilten v\u00f2t pa lap\u00f2s ka depoze bilten v\u00f2t pa lap\u00f2s yo nan nenp\u00f2t kote pou vote bon\u00e8 pandan l\u00e8 v\u00f2t yo.<\/li><li>Pou vote bon\u00e8 ou dwe bay yon idantite ki valab ki gen ladann youn ki gen yon siyati. Idantite ki valab yo enkli yon lisans chof\u00e8 Florid oswa kat idantite, pasp\u00f2 ameriken, el\u00e8v, milit\u00e8, idantite asistans piblik, ak <span style=\"text-decoration: underline;\"><a href=\"https:\/\/www.voteriders.org\/states\/florida\/\" target=\"_blank\" rel=\"noopener\">l\u00f2t ID<\/a><\/span>. Ou pa bezwen yon ID pou w depoze yon bilten v\u00f2t pa lap\u00f2s.<\/li><\/ul>\t\t\t\t\t\t\t\t<\/div>\n\t\t\t\t<\/div>\n\t\t\t\t\t<\/div>\n\t\t<\/div>\n\t\t\t\t\t<\/div>\n\t\t<\/section>\n\t\t\t\t<section class=\"elementor-section elementor-top-section elementor-element elementor-element-6d447d0 elementor-section-boxed elementor-section-height-default elementor-section-height-default\" data-id=\"6d447d0\" data-element_type=\"section\" data-e-type=\"section\">\n\t\t\t\t\t\t<div class=\"elementor-container elementor-column-gap-default\">\n\t\t\t\t\t<div class=\"elementor-column elementor-col-100 elementor-top-column elementor-element elementor-element-643ca94\" data-id=\"643ca94\" data-element_type=\"column\" data-e-type=\"column\">\n\t\t\t<div class=\"elementor-widget-wrap elementor-element-populated\">\n\t\t\t\t\t\t<div class=\"elementor-element elementor-element-93cb4d5 elementor-icon-list--layout-inline elementor-align-center elementor-list-item-link-full_width elementor-widget elementor-widget-icon-list\" data-id=\"93cb4d5\" data-element_type=\"widget\" data-e-type=\"widget\" data-widget_type=\"icon-list.default\">\n\t\t\t\t<div class=\"elementor-widget-container\">\n\t\t\t\t\t\t\t<ul class=\"elementor-icon-list-items elementor-inline-items\">\n\t\t\t\t\t\t\t<li class=\"elementor-icon-list-item elementor-inline-item\">\n\t\t\t\t\t\t\t\t\t\t\t<a href=\"\/ht\/options\/\">\n\n\t\t\t\t\t\t\t\t\t\t\t\t<span class=\"elementor-icon-list-icon\">\n\t\t\t\t\t\t\t<i aria-hidden=\"true\" class=\"fas fa-arrow-circle-left\"><\/i>\t\t\t\t\t\t<\/span>\n\t\t\t\t\t\t\t\t\t\t<span class=\"elementor-icon-list-text\">Retounen nan opsyon v\u00f2t yo<\/span>\n\t\t\t\t\t\t\t\t\t\t\t<\/a>\n\t\t\t\t\t\t\t\t\t<\/li>\n\t\t\t\t\t\t<\/ul>\n\t\t\t\t\t\t<\/div>\n\t\t\t\t<\/div>\n\t\t\t\t\t<\/div>\n\t\t<\/div>\n\t\t\t\t\t<\/div>\n\t\t<\/section>\n\t\t\t\t<\/div>","protected":false},"excerpt":{"rendered":"<p>Note: It\u2019s still too early for counties to release their 2026 Early Voting locations. For now, this page shows 2024 locations so you can see how it works in your county. As soon as 2026 sites are available, we\u2019ll update the map and dropdown.\u00a0 Select the county where you&#8217;re registered to vote to find early [&hellip;]<\/p>\n","protected":false},"author":1,"featured_media":0,"parent":0,"menu_order":0,"comment_status":"closed","ping_status":"closed","template":"","meta":{"footnotes":""},"categories":[],"tags":[],"class_list":["post-1168","page","type-page","status-publish","hentry"],"yoast_head":"<!-- This site is optimized with the Yoast SEO plugin v27.3 - https:\/\/yoast.com\/product\/yoast-seo-wordpress\/ -->\n<title>Find Your Closest Early Voting and Mail Ballot Drop Off Location - Make A Plan To Vote<\/title>\n<meta name=\"robots\" content=\"index, follow, max-snippet:-1, max-image-preview:large, max-video-preview:-1\" \/>\n<link rel=\"canonical\" href=\"https:\/\/makeaplantovote.com\/ht\/early\/\" \/>\n<meta property=\"og:locale\" content=\"ht_HT\" \/>\n<meta property=\"og:type\" content=\"article\" \/>\n<meta property=\"og:title\" content=\"Find Your Closest Early Voting and Mail Ballot Drop Off Location - Make A Plan To Vote\" \/>\n<meta property=\"og:description\" content=\"Note: It\u2019s still too early for counties to release their 2026 Early Voting locations. For now, this page shows 2024 locations so you can see how it works in your county. As soon as 2026 sites are available, we\u2019ll update the map and dropdown.\u00a0 Select the county where you&#8217;re registered to vote to find early [&hellip;]\" \/>\n<meta property=\"og:url\" content=\"https:\/\/makeaplantovote.com\/ht\/early\/\" \/>\n<meta property=\"og:site_name\" content=\"Make A Plan To Vote\" \/>\n<meta property=\"article:modified_time\" content=\"2025-09-22T17:09:11+00:00\" \/>\n<meta property=\"og:image\" content=\"https:\/\/makeaplantovote.com\/wp-content\/uploads\/2020\/04\/mptv2020-fb.jpg\" \/>\n\t<meta property=\"og:image:width\" content=\"1200\" \/>\n\t<meta property=\"og:image:height\" content=\"630\" \/>\n\t<meta property=\"og:image:type\" content=\"image\/jpeg\" \/>\n<meta name=\"twitter:card\" content=\"summary_large_image\" \/>\n<meta name=\"twitter:label1\" content=\"Est. reading time\" \/>\n\t<meta name=\"twitter:data1\" content=\"1 minute\" \/>\n<script type=\"application\/ld+json\" class=\"yoast-schema-graph\">{\"@context\":\"https:\\\/\\\/schema.org\",\"@graph\":[{\"@type\":\"WebPage\",\"@id\":\"https:\\\/\\\/makeaplantovote.com\\\/ht\\\/early\\\/\",\"url\":\"https:\\\/\\\/makeaplantovote.com\\\/ht\\\/early\\\/\",\"name\":\"Find Your Closest Early Voting and Mail Ballot Drop Off Location - Make A Plan To Vote\",\"isPartOf\":{\"@id\":\"https:\\\/\\\/makeaplantovote.com\\\/ht\\\/#website\"},\"datePublished\":\"2020-08-10T21:21:33+00:00\",\"dateModified\":\"2025-09-22T17:09:11+00:00\",\"breadcrumb\":{\"@id\":\"https:\\\/\\\/makeaplantovote.com\\\/ht\\\/early\\\/#breadcrumb\"},\"inLanguage\":\"ht\",\"potentialAction\":[{\"@type\":\"ReadAction\",\"target\":[\"https:\\\/\\\/makeaplantovote.com\\\/ht\\\/early\\\/\"]}]},{\"@type\":\"BreadcrumbList\",\"@id\":\"https:\\\/\\\/makeaplantovote.com\\\/ht\\\/early\\\/#breadcrumb\",\"itemListElement\":[{\"@type\":\"ListItem\",\"position\":1,\"name\":\"Home\",\"item\":\"https:\\\/\\\/makeaplantovote.com\\\/\"},{\"@type\":\"ListItem\",\"position\":2,\"name\":\"Find Your Closest Early Voting and Mail Ballot Drop Off Location\"}]},{\"@type\":\"WebSite\",\"@id\":\"https:\\\/\\\/makeaplantovote.com\\\/ht\\\/#website\",\"url\":\"https:\\\/\\\/makeaplantovote.com\\\/ht\\\/\",\"name\":\"Make A Plan To Vote\",\"description\":\"\",\"publisher\":{\"@id\":\"https:\\\/\\\/makeaplantovote.com\\\/ht\\\/#organization\"},\"potentialAction\":[{\"@type\":\"SearchAction\",\"target\":{\"@type\":\"EntryPoint\",\"urlTemplate\":\"https:\\\/\\\/makeaplantovote.com\\\/ht\\\/?s={search_term_string}\"},\"query-input\":{\"@type\":\"PropertyValueSpecification\",\"valueRequired\":true,\"valueName\":\"search_term_string\"}}],\"inLanguage\":\"ht\"},{\"@type\":\"Organization\",\"@id\":\"https:\\\/\\\/makeaplantovote.com\\\/ht\\\/#organization\",\"name\":\"Make A Plan To Vote\",\"url\":\"https:\\\/\\\/makeaplantovote.com\\\/ht\\\/\",\"logo\":{\"@type\":\"ImageObject\",\"inLanguage\":\"ht\",\"@id\":\"https:\\\/\\\/makeaplantovote.com\\\/ht\\\/#\\\/schema\\\/logo\\\/image\\\/\",\"url\":\"https:\\\/\\\/makeaplantovote.com\\\/wp-content\\\/uploads\\\/2020\\\/02\\\/mptv-2020-icon.png\",\"contentUrl\":\"https:\\\/\\\/makeaplantovote.com\\\/wp-content\\\/uploads\\\/2020\\\/02\\\/mptv-2020-icon.png\",\"width\":1500,\"height\":1500,\"caption\":\"Make A Plan To Vote\"},\"image\":{\"@id\":\"https:\\\/\\\/makeaplantovote.com\\\/ht\\\/#\\\/schema\\\/logo\\\/image\\\/\"}}]}<\/script>\n<!-- \/ Yoast SEO plugin. -->","yoast_head_json":{"title":"Jwenn kote ki pi pre w pou vote bon\u00e8 ak kote pou depoze bilten v\u00f2t pa lap\u00f2s - F\u00e8 yon plan pou w vote","robots":{"index":"index","follow":"follow","max-snippet":"max-snippet:-1","max-image-preview":"max-image-preview:large","max-video-preview":"max-video-preview:-1"},"canonical":"https:\/\/makeaplantovote.com\/ht\/early\/","og_locale":"ht_HT","og_type":"article","og_title":"Find Your Closest Early Voting and Mail Ballot Drop Off Location - Make A Plan To Vote","og_description":"Note: It\u2019s still too early for counties to release their 2026 Early Voting locations. For now, this page shows 2024 locations so you can see how it works in your county. As soon as 2026 sites are available, we\u2019ll update the map and dropdown.\u00a0 Select the county where you&#8217;re registered to vote to find early [&hellip;]","og_url":"https:\/\/makeaplantovote.com\/ht\/early\/","og_site_name":"Make A Plan To Vote","article_modified_time":"2025-09-22T17:09:11+00:00","og_image":[{"width":1200,"height":630,"url":"https:\/\/makeaplantovote.com\/wp-content\/uploads\/2020\/04\/mptv2020-fb.jpg","type":"image\/jpeg"}],"twitter_card":"summary_large_image","twitter_misc":{"Est. reading time":"1 minute"},"schema":{"@context":"https:\/\/schema.org","@graph":[{"@type":"WebPage","@id":"https:\/\/makeaplantovote.com\/ht\/early\/","url":"https:\/\/makeaplantovote.com\/ht\/early\/","name":"Jwenn kote ki pi pre w pou vote bon\u00e8 ak kote pou depoze bilten v\u00f2t pa lap\u00f2s - F\u00e8 yon plan pou w vote","isPartOf":{"@id":"https:\/\/makeaplantovote.com\/ht\/#website"},"datePublished":"2020-08-10T21:21:33+00:00","dateModified":"2025-09-22T17:09:11+00:00","breadcrumb":{"@id":"https:\/\/makeaplantovote.com\/ht\/early\/#breadcrumb"},"inLanguage":"ht","potentialAction":[{"@type":"ReadAction","target":["https:\/\/makeaplantovote.com\/ht\/early\/"]}]},{"@type":"BreadcrumbList","@id":"https:\/\/makeaplantovote.com\/ht\/early\/#breadcrumb","itemListElement":[{"@type":"ListItem","position":1,"name":"Home","item":"https:\/\/makeaplantovote.com\/"},{"@type":"ListItem","position":2,"name":"Find Your Closest Early Voting and Mail Ballot Drop Off Location"}]},{"@type":"WebSite","@id":"https:\/\/makeaplantovote.com\/ht\/#website","url":"https:\/\/makeaplantovote.com\/ht\/","name":"F\u00e8 Yon Plan Pou Vote","description":"","publisher":{"@id":"https:\/\/makeaplantovote.com\/ht\/#organization"},"potentialAction":[{"@type":"SearchAction","target":{"@type":"EntryPoint","urlTemplate":"https:\/\/makeaplantovote.com\/ht\/?s={search_term_string}"},"query-input":{"@type":"PropertyValueSpecification","valueRequired":true,"valueName":"search_term_string"}}],"inLanguage":"ht"},{"@type":"Organization","@id":"https:\/\/makeaplantovote.com\/ht\/#organization","name":"F\u00e8 Yon Plan Pou Vote","url":"https:\/\/makeaplantovote.com\/ht\/","logo":{"@type":"ImageObject","inLanguage":"ht","@id":"https:\/\/makeaplantovote.com\/ht\/#\/schema\/logo\/image\/","url":"https:\/\/makeaplantovote.com\/wp-content\/uploads\/2020\/02\/mptv-2020-icon.png","contentUrl":"https:\/\/makeaplantovote.com\/wp-content\/uploads\/2020\/02\/mptv-2020-icon.png","width":1500,"height":1500,"caption":"Make A Plan To Vote"},"image":{"@id":"https:\/\/makeaplantovote.com\/ht\/#\/schema\/logo\/image\/"}}]}},"_links":{"self":[{"href":"https:\/\/makeaplantovote.com\/ht\/wp-json\/wp\/v2\/pages\/1168","targetHints":{"allow":["GET"]}}],"collection":[{"href":"https:\/\/makeaplantovote.com\/ht\/wp-json\/wp\/v2\/pages"}],"about":[{"href":"https:\/\/makeaplantovote.com\/ht\/wp-json\/wp\/v2\/types\/page"}],"author":[{"embeddable":true,"href":"https:\/\/makeaplantovote.com\/ht\/wp-json\/wp\/v2\/users\/1"}],"replies":[{"embeddable":true,"href":"https:\/\/makeaplantovote.com\/ht\/wp-json\/wp\/v2\/comments?post=1168"}],"version-history":[{"count":79,"href":"https:\/\/makeaplantovote.com\/ht\/wp-json\/wp\/v2\/pages\/1168\/revisions"}],"predecessor-version":[{"id":1715,"href":"https:\/\/makeaplantovote.com\/ht\/wp-json\/wp\/v2\/pages\/1168\/revisions\/1715"}],"wp:attachment":[{"href":"https:\/\/makeaplantovote.com\/ht\/wp-json\/wp\/v2\/media?parent=1168"}],"wp:term":[{"taxonomy":"category","embeddable":true,"href":"https:\/\/makeaplantovote.com\/ht\/wp-json\/wp\/v2\/categories?post=1168"},{"taxonomy":"post_tag","embeddable":true,"href":"https:\/\/makeaplantovote.com\/ht\/wp-json\/wp\/v2\/tags?post=1168"}],"curies":[{"name":"wp","href":"https:\/\/api.w.org\/{rel}","templated":true}]}}