{"id":644,"date":"2020-04-21T18:39:43","date_gmt":"2020-04-21T18:39:43","guid":{"rendered":"https:\/\/makeaplantovote.com\/?page_id=644"},"modified":"2020-11-02T13:57:44","modified_gmt":"2020-11-02T13:57:44","slug":"check-2","status":"publish","type":"page","link":"https:\/\/makeaplantovote.com\/es\/check\/","title":{"rendered":"Verifique el estado de su boleta de voto por correo"},"content":{"rendered":"\t\t<div data-elementor-type=\"wp-page\" data-elementor-id=\"644\" class=\"elementor elementor-644\" data-elementor-post-type=\"page\">\n\t\t\t\t\t\t<section class=\"elementor-section elementor-top-section elementor-element elementor-element-3cc3469 elementor-section-boxed elementor-section-height-default elementor-section-height-default\" data-id=\"3cc3469\" data-element_type=\"section\" data-e-type=\"section\">\n\t\t\t\t\t\t<div class=\"elementor-container elementor-column-gap-default\">\n\t\t\t\t\t<div class=\"elementor-column elementor-col-50 elementor-top-column elementor-element elementor-element-7a0281f\" data-id=\"7a0281f\" data-element_type=\"column\" data-e-type=\"column\">\n\t\t\t<div class=\"elementor-widget-wrap elementor-element-populated\">\n\t\t\t\t\t\t<div class=\"elementor-element elementor-element-9880020 elementor-widget elementor-widget-text-editor\" data-id=\"9880020\" data-element_type=\"widget\" data-e-type=\"widget\" data-widget_type=\"text-editor.default\">\n\t\t\t\t<div class=\"elementor-widget-container\">\n\t\t\t\t\t\t\t\t\t<p>Select your county from the dropdown menu and you will be redirected to your county supervisor of elections voter information lookup page. You will be able to check your mail ballot&#8217;s status there.<\/p>\t\t\t\t\t\t\t\t<\/div>\n\t\t\t\t<\/div>\n\t\t\t\t\t<\/div>\n\t\t<\/div>\n\t\t\t\t<div class=\"elementor-column elementor-col-50 elementor-top-column elementor-element elementor-element-e1a5434\" data-id=\"e1a5434\" data-element_type=\"column\" data-e-type=\"column\">\n\t\t\t<div class=\"elementor-widget-wrap elementor-element-populated\">\n\t\t\t\t\t\t<div class=\"elementor-element elementor-element-20a028b elementor-widget elementor-widget-html\" data-id=\"20a028b\" data-element_type=\"widget\" data-e-type=\"widget\" data-no-translation=\"\" data-widget_type=\"html.default\">\n\t\t\t\t<div class=\"elementor-widget-container\">\n\t\t\t\t\t<style>.elementor-element-20a028b{display:none !important}<\/style>\t\t\t\t<\/div>\n\t\t\t\t<\/div>\n\t\t\t\t<div class=\"elementor-element elementor-element-8036e5a elementor-widget elementor-widget-html\" data-id=\"8036e5a\" data-element_type=\"widget\" data-e-type=\"widget\" data-no-translation=\"\" data-widget_type=\"html.default\">\n\t\t\t\t<div class=\"elementor-widget-container\">\n\t\t\t\t\t<form action=\"..\/\">\n<select onchange=\"window.open(this.options[this.selectedIndex].value,'_top')\" style=\"width: 100%; -webkit-appearance: menulist-button; font-size: 20px; height: 60px;\">\n    <option value=\"\">Elija su condado...<\/option>\n    <option value=\"https:\/\/www.votealachua.com\/My-Registration-Status\">Alachua<\/option>\n    <option value=\"https:\/\/www.bakerelections.com\/m\/Voter-Information\/Voter-Vote-By-Mail-Status\">Baker<\/option>\n    <option value=\"https:\/\/vls.vrswebapps.com\/#county=bay&election=209\">Bay<\/option>\n    <option value=\"https:\/\/www.bradfordelections.com\/Voter-Information\/Early-Voting\">Bradford<\/option>\n    <option value=\"https:\/\/www.votebrevard.gov\/Ballots-by-Mail\/Check-My-Mail-Ballot-Status\">Brevard<\/option>\n    <option value=\"https:\/\/www.browardsoe.org\/Voter-Information\/Voter-Lookup-Free-Access-System\">Broward<\/option>\n    <option value=\"https:\/\/www.votecalhoun.com\/Voter-Information\/Check-Your-Registration-Status\">Calhoun<\/option>\n    <option value=\"https:\/\/www.charlottevotes.com\/m\/Registration\/Check-Your-Registration\">Charlotte<\/option>\n    <option value=\"https:\/\/www.votecitrus.com\/Vote-by-Mail-and-Early-Voting\/Vote-by-Mail-Ballot-Status-Lookup\">Citrus<\/option>\n    <option value=\"https:\/\/www.clayelections.gov\/Voter-Information\/My-Registration-Status\">Clay<\/option>\n    <option value=\"https:\/\/www.colliervotes.com\/Vote-by-Mail\/Status-of-Request\">Collier<\/option>\n    <option value=\"https:\/\/www.votecolumbia.com\/Voter-Info\/Your-Voter-Information\">Columbia<\/option>\n    <option value=\"https:\/\/www.votedesoto.com\/Voter-Info\/My-Voter-Information\">DeSoto<\/option>\n    <option value=\"https:\/\/www.dixievotes.com\/m\/Voter-Registration\/Voter-Status-Information\">Dixie<\/option>\n    <option value=\"https:\/\/www.duvalelections.com\/Voter-Information\/Track-My-Ballot\/Voter-Status\">Duval<\/option>\n    <option value=\"https:\/\/escambiavotes.gov\/track-my-ballot\">Escambia<\/option>\n    <option value=\"https:\/\/www.flaglerelections.com\/my-voter-info\">Flagler<\/option>\n    <option value=\"https:\/\/www.votefranklin.com\/m\/Voter-Information\/Registering-to-Vote\/View-Voter-Status\">Franklin<\/option>\n    <option value=\"https:\/\/www.gadsdensoe.com\/Vote-By-Mail-Ballot-Information\/Check-My-Vote-By-Mail-Ballot-Status\">Gadsden<\/option>\n    <option value=\"https:\/\/www.votegilchrist.com\/m\/My-Registration-Status\">Gilchrist<\/option>\n    <option value=\"https:\/\/www.voteglades.com\/Registration-Info\/View-Voter-Status\">Glades<\/option>\n    <option value=\"https:\/\/votegulf.ballottrax.net\/voter\/\">Gulf<\/option>\n    <option value=\"https:\/\/www.hamiltonvotes.com\/m\/Voter-Information\/Voter-Status-Information\">Hamilton<\/option>\n    <option value=\"https:\/\/www.hardeecountyelections.com\/Voter-Information\/Am-I-registered\">Hardee<\/option>\n    <option value=\"https:\/\/www.hendryelections.org\/m\/Voter-Information\/My-Registration-Status\">Hendry<\/option>\n    <option value=\"https:\/\/www.hernandovotes.com\/Voters\/Voter-Lookup-Tool\">Hernando<\/option>\n    <option value=\"https:\/\/www.votehighlands.com\/m\/Important-Voter-Info\/Voter-Lookup-County\">Highlands<\/option>\n    <option value=\"https:\/\/www.votehillsborough.org\/VOTERS\/Ballot-Status-Tracker-Track-Your-Ballot\">Hillsborough<\/option>\n    <option value=\"https:\/\/holmesfl.ballottrax.net\/voter\/\">Holmes<\/option>\n    <option value=\"https:\/\/www.voteindianriver.com\/m\/Vote-By-Mail\/Track-My-Vote-By-Mail-Ballot\">Indian River<\/option>\n    <option value=\"https:\/\/www.jacksoncountysoe.org\/Absentee-Ballots-Vote-By-Mail\/Check-Your-Vote-by-Mail-Ballot-Status\">Jackson<\/option>\n    <option value=\"https:\/\/www.jeffersonvotes.com\/Voter-Information\/My-Voter-Information\">Jefferson<\/option>\n    <option value=\"https:\/\/www.lafayettevotes.net\/m\/Home\/My-Sample-Ballot\">Lafayette<\/option>\n    <option value=\"https:\/\/www.lakevotes.com\/Voting\/Voter-Information\">Lake<\/option>\n    <option value=\"https:\/\/www.lee.vote\/Admin\/Check-my-Registration-Status\">Lee<\/option>\n    <option value=\"https:\/\/www.leonvotes.gov\/Voters\/What-Is-My-Ballot-Status\">Leon<\/option>\n    <option value=\"https:\/\/www.votelevy.gov\/Voters\/Voter-Lookup-Tool\">Levy<\/option>\n    <option value=\"https:\/\/www.libertyelections.com\/Voter-Information\/-Voter-Lookup\">Liberty<\/option>\n    <option value=\"https:\/\/www.votemadison.com\/Voter-Information\/Voter-Information-Look-Up\">Madison<\/option>\n    <option value=\"https:\/\/www.votemanatee.com\/m\/Vote-By-Mail-Early-Voting\/Track-Your-Vote-By-Mail-Ballot\">Manatee<\/option>\n    <option value=\"https:\/\/www.votemarion.gov\/TrackMyBallot\">Marion<\/option>\n    <option value=\"https:\/\/www.martinvotes.com\/voterlookup.aspx\">Martin<\/option>\n    <option value=\"https:\/\/www.miamidade.gov\/global\/service.page?Mduid_service=ser151187731708822\">Miami-Dade<\/option>\n    <option value=\"https:\/\/www.keys-elections.org\/m\/Voters\/My-Vote-by-Mail-Status\">Monroe<\/option>\n    <option value=\"https:\/\/www.votenassau.com\/m\/Voter-Registration\/My-Voter-Status\">Nassau<\/option>\n    <option value=\"https:\/\/www.govote-okaloosa.com\/m\/Voters\/Voter-Lookup-Tool\">Okaloosa<\/option>\n    <option value=\"https:\/\/www.voteokeechobee.com\/m\/-Voter-Information\/View-My-Voter-Information\">Okeechobee<\/option>\n    <option value=\"https:\/\/www.ocfelections.com\/track-my-vote-mail-ballot\">Orange<\/option>\n    <option value=\"https:\/\/www.voteosceola.com\/en-us\/Voter-Information\/Check-Your-Voter-Status\">Osceola<\/option>\n    <option value=\"https:\/\/www.pbcelections.org\/Voters\/My-Status\">Palm Beach<\/option>\n    <option value=\"https:\/\/www.pascovotes.gov\/TrackYourBallot\">Pasco<\/option>\n    <option value=\"https:\/\/www.votepinellas.com\/Mail-Ballots\/Check-My-Mail-Ballot-Status\">Pinellas<\/option>\n    <option value=\"https:\/\/www.polkelections.com\/m\/Voter-Services\/Voter-Lookup\">Polk<\/option>\n    <option value=\"https:\/\/soe.putnam-fl.com\/Voters\/View-My-Voter-Information\">Putnam<\/option>\n    <option value=\"https:\/\/www.votesantarosa.com\/Voter-Information\/My-Registration-Status\">Santa Rosa<\/option>\n    <option value=\"https:\/\/www.precinctfind.com\/ab_status\/ab_status_sar.php?op=lookup\">Sarasota<\/option>\n    <option value=\"https:\/\/voteseminole.ballottrax.net\/voter\/\">Seminole<\/option>\n    <option value=\"https:\/\/www.votesjc.com\/My-Voter-Page\/My-Voter-Status\">St. Johns<\/option>\n    <option value=\"https:\/\/www.slcelections.com\/VOTE-BY-MAIL-INFORMATION\/Absentee-Request-Form-Lookup\">St. Lucie<\/option>\n    <option value=\"https:\/\/www.sumterelections.org\/Voters\/Review-My-Registration-Status--Voter-Lookup\">Sumter<\/option>\n    <option value=\"https:\/\/www.suwanneevotes.com\/m\/Home\/View-My-Sample-Ballot\">Suwannee<\/option>\n    <option value=\"https:\/\/www.taylorelections.com\/m\/Voter-Information\/My-Registration-Status\">Taylor<\/option>\n    <option value=\"https:\/\/www.unionflvotes.com\/Voter-Information\/My-Voter-Information\">Union<\/option>\n    <option value=\"https:\/\/www.voterfocus.com\/VoterInformationLookup\/voterSearch?county=vol\">Volusia<\/option>\n    <option value=\"https:\/\/www.wakullaelection.com\/m\/Voter-Information\/Voter-Lookup\">Wakulla<\/option>\n    <option value=\"https:\/\/www.voterfocus.com\/VoterInformationLookup\/voterSearch?county=FL-WAL\">Walton<\/option>\n    <option value=\"https:\/\/www.wcsoe.org\/Registration\/Check-Your-Registration\">Washington<\/option>\n<\/select>\n<\/form>\t\t\t\t<\/div>\n\t\t\t\t<\/div>\n\t\t\t\t\t<\/div>\n\t\t<\/div>\n\t\t\t\t\t<\/div>\n\t\t<\/section>\n\t\t\t\t<\/div>\n\t\t","protected":false},"excerpt":{"rendered":"<p>Seleccione su condado en el men\u00fa desplegable y ser\u00e1 redirigido a la p\u00e1gina de b\u00fasqueda de informaci\u00f3n para votantes del supervisor de elecciones de su condado. All\u00ed podr\u00e1 verificar el estado de su boleta por correo. Elija su condado\u2026 Alachua Baker Bay Bradford Brevard Broward Calhoun Charlotte Citrus Clay Collier Columbia De Soto Dixie Duval Escambia Flagler Franklin Gadsden Gilchrist Glades Gulf Hamilton Hardee Hendry Hernando Highlands Hillsborough Holmes Indian River Jackson Jefferson Lafayette Lake Lee Leon Levy Liberty Madison Manatee Marion Martin Miami-Dade Monroe Nassau Okaloosa Okeechobee Orange Osceola Palm Beach Pasco Pinellas Polk Putnam Santa Rosa Sarasota Seminole St. Johns St. Lucie Sumter Suwannee Taylor Union Volusia Wakulla Walton Washington<\/p>","protected":false},"author":1,"featured_media":0,"parent":0,"menu_order":0,"comment_status":"closed","ping_status":"closed","template":"","meta":{"footnotes":""},"categories":[],"tags":[],"class_list":["post-644","page","type-page","status-publish","hentry"],"yoast_head":"<!-- This site is optimized with the Yoast SEO plugin v27.4 - https:\/\/yoast.com\/product\/yoast-seo-wordpress\/ -->\n<title>Check Your Vote-By-Mail Ballot&#039;s Status - Make A Plan To Vote<\/title>\n<meta name=\"robots\" content=\"index, follow, max-snippet:-1, max-image-preview:large, max-video-preview:-1\" \/>\n<link rel=\"canonical\" href=\"https:\/\/makeaplantovote.com\/es\/check\/\" \/>\n<meta property=\"og:locale\" content=\"es_MX\" \/>\n<meta property=\"og:type\" content=\"article\" \/>\n<meta property=\"og:title\" content=\"Check Your Vote-By-Mail Ballot&#039;s Status - Make A Plan To Vote\" \/>\n<meta property=\"og:description\" content=\"Select your county from the dropdown menu and you will be redirected to your county supervisor of elections voter information lookup page. You will be able to check your mail ballot&#8217;s status there. Choose your county&#8230;AlachuaBakerBayBradfordBrevardBrowardCalhounCharlotteCitrusClayCollierColumbiaDeSotoDixieDuvalEscambiaFlaglerFranklinGadsdenGilchristGladesGulfHamiltonHardeeHendryHernandoHighlandsHillsboroughHolmesIndian RiverJacksonJeffersonLafayetteLakeLeeLeonLevyLibertyMadisonManateeMarionMartinMiami-DadeMonroeNassauOkaloosaOkeechobeeOrangeOsceolaPalm BeachPascoPinellasPolkPutnamSanta RosaSarasotaSeminoleSt. JohnsSt. LucieSumterSuwanneeTaylorUnionVolusiaWakullaWaltonWashington\" \/>\n<meta property=\"og:url\" content=\"https:\/\/makeaplantovote.com\/es\/check\/\" \/>\n<meta property=\"og:site_name\" content=\"Make A Plan To Vote\" \/>\n<meta property=\"article:modified_time\" content=\"2020-11-02T13:57:44+00:00\" \/>\n<meta property=\"og:image\" content=\"https:\/\/makeaplantovote.com\/wp-content\/uploads\/2020\/04\/mptv2020-fb.jpg\" \/>\n\t<meta property=\"og:image:width\" content=\"1200\" \/>\n\t<meta property=\"og:image:height\" content=\"630\" \/>\n\t<meta property=\"og:image:type\" content=\"image\/jpeg\" \/>\n<meta name=\"twitter:card\" content=\"summary_large_image\" \/>\n<meta name=\"twitter:label1\" content=\"Tiempo de lectura\" \/>\n\t<meta name=\"twitter:data1\" content=\"1 minuto\" \/>\n<script type=\"application\/ld+json\" class=\"yoast-schema-graph\">{\"@context\":\"https:\\\/\\\/schema.org\",\"@graph\":[{\"@type\":\"WebPage\",\"@id\":\"https:\\\/\\\/makeaplantovote.com\\\/es\\\/check\\\/\",\"url\":\"https:\\\/\\\/makeaplantovote.com\\\/es\\\/check\\\/\",\"name\":\"Check Your Vote-By-Mail Ballot's Status - Make A Plan To Vote\",\"isPartOf\":{\"@id\":\"https:\\\/\\\/makeaplantovote.com\\\/es\\\/#website\"},\"datePublished\":\"2020-04-21T18:39:43+00:00\",\"dateModified\":\"2020-11-02T13:57:44+00:00\",\"breadcrumb\":{\"@id\":\"https:\\\/\\\/makeaplantovote.com\\\/es\\\/check\\\/#breadcrumb\"},\"inLanguage\":\"es\",\"potentialAction\":[{\"@type\":\"ReadAction\",\"target\":[\"https:\\\/\\\/makeaplantovote.com\\\/es\\\/check\\\/\"]}]},{\"@type\":\"BreadcrumbList\",\"@id\":\"https:\\\/\\\/makeaplantovote.com\\\/es\\\/check\\\/#breadcrumb\",\"itemListElement\":[{\"@type\":\"ListItem\",\"position\":1,\"name\":\"Home\",\"item\":\"https:\\\/\\\/makeaplantovote.com\\\/\"},{\"@type\":\"ListItem\",\"position\":2,\"name\":\"Check Your Vote-By-Mail Ballot&#8217;s Status\"}]},{\"@type\":\"WebSite\",\"@id\":\"https:\\\/\\\/makeaplantovote.com\\\/es\\\/#website\",\"url\":\"https:\\\/\\\/makeaplantovote.com\\\/es\\\/\",\"name\":\"Make A Plan To Vote\",\"description\":\"\",\"publisher\":{\"@id\":\"https:\\\/\\\/makeaplantovote.com\\\/es\\\/#organization\"},\"potentialAction\":[{\"@type\":\"SearchAction\",\"target\":{\"@type\":\"EntryPoint\",\"urlTemplate\":\"https:\\\/\\\/makeaplantovote.com\\\/es\\\/?s={search_term_string}\"},\"query-input\":{\"@type\":\"PropertyValueSpecification\",\"valueRequired\":true,\"valueName\":\"search_term_string\"}}],\"inLanguage\":\"es\"},{\"@type\":\"Organization\",\"@id\":\"https:\\\/\\\/makeaplantovote.com\\\/es\\\/#organization\",\"name\":\"Make A Plan To Vote\",\"url\":\"https:\\\/\\\/makeaplantovote.com\\\/es\\\/\",\"logo\":{\"@type\":\"ImageObject\",\"inLanguage\":\"es\",\"@id\":\"https:\\\/\\\/makeaplantovote.com\\\/es\\\/#\\\/schema\\\/logo\\\/image\\\/\",\"url\":\"https:\\\/\\\/makeaplantovote.com\\\/wp-content\\\/uploads\\\/2020\\\/02\\\/mptv-2020-icon.png\",\"contentUrl\":\"https:\\\/\\\/makeaplantovote.com\\\/wp-content\\\/uploads\\\/2020\\\/02\\\/mptv-2020-icon.png\",\"width\":1500,\"height\":1500,\"caption\":\"Make A Plan To Vote\"},\"image\":{\"@id\":\"https:\\\/\\\/makeaplantovote.com\\\/es\\\/#\\\/schema\\\/logo\\\/image\\\/\"}}]}<\/script>\n<!-- \/ Yoast SEO plugin. -->","yoast_head_json":{"title":"Verifique el estado de su boleta de voto por correo: haga un plan para votar","robots":{"index":"index","follow":"follow","max-snippet":"max-snippet:-1","max-image-preview":"max-image-preview:large","max-video-preview":"max-video-preview:-1"},"canonical":"https:\/\/makeaplantovote.com\/es\/check\/","og_locale":"es_MX","og_type":"article","og_title":"Check Your Vote-By-Mail Ballot's Status - Make A Plan To Vote","og_description":"Select your county from the dropdown menu and you will be redirected to your county supervisor of elections voter information lookup page. You will be able to check your mail ballot&#8217;s status there. Choose your county&#8230;AlachuaBakerBayBradfordBrevardBrowardCalhounCharlotteCitrusClayCollierColumbiaDeSotoDixieDuvalEscambiaFlaglerFranklinGadsdenGilchristGladesGulfHamiltonHardeeHendryHernandoHighlandsHillsboroughHolmesIndian RiverJacksonJeffersonLafayetteLakeLeeLeonLevyLibertyMadisonManateeMarionMartinMiami-DadeMonroeNassauOkaloosaOkeechobeeOrangeOsceolaPalm BeachPascoPinellasPolkPutnamSanta RosaSarasotaSeminoleSt. JohnsSt. LucieSumterSuwanneeTaylorUnionVolusiaWakullaWaltonWashington","og_url":"https:\/\/makeaplantovote.com\/es\/check\/","og_site_name":"Make A Plan To Vote","article_modified_time":"2020-11-02T13:57:44+00:00","og_image":[{"width":1200,"height":630,"url":"https:\/\/makeaplantovote.com\/wp-content\/uploads\/2020\/04\/mptv2020-fb.jpg","type":"image\/jpeg"}],"twitter_card":"summary_large_image","twitter_misc":{"Tiempo de lectura":"1 minuto"},"schema":{"@context":"https:\/\/schema.org","@graph":[{"@type":"WebPage","@id":"https:\/\/makeaplantovote.com\/es\/check\/","url":"https:\/\/makeaplantovote.com\/es\/check\/","name":"Verifique el estado de su boleta de voto por correo: haga un plan para votar","isPartOf":{"@id":"https:\/\/makeaplantovote.com\/es\/#website"},"datePublished":"2020-04-21T18:39:43+00:00","dateModified":"2020-11-02T13:57:44+00:00","breadcrumb":{"@id":"https:\/\/makeaplantovote.com\/es\/check\/#breadcrumb"},"inLanguage":"es","potentialAction":[{"@type":"ReadAction","target":["https:\/\/makeaplantovote.com\/es\/check\/"]}]},{"@type":"BreadcrumbList","@id":"https:\/\/makeaplantovote.com\/es\/check\/#breadcrumb","itemListElement":[{"@type":"ListItem","position":1,"name":"Home","item":"https:\/\/makeaplantovote.com\/"},{"@type":"ListItem","position":2,"name":"Check Your Vote-By-Mail Ballot&#8217;s Status"}]},{"@type":"WebSite","@id":"https:\/\/makeaplantovote.com\/es\/#website","url":"https:\/\/makeaplantovote.com\/es\/","name":"Haga un plan para votar","description":"","publisher":{"@id":"https:\/\/makeaplantovote.com\/es\/#organization"},"potentialAction":[{"@type":"SearchAction","target":{"@type":"EntryPoint","urlTemplate":"https:\/\/makeaplantovote.com\/es\/?s={search_term_string}"},"query-input":{"@type":"PropertyValueSpecification","valueRequired":true,"valueName":"search_term_string"}}],"inLanguage":"es"},{"@type":"Organization","@id":"https:\/\/makeaplantovote.com\/es\/#organization","name":"Haga un plan para votar","url":"https:\/\/makeaplantovote.com\/es\/","logo":{"@type":"ImageObject","inLanguage":"es","@id":"https:\/\/makeaplantovote.com\/es\/#\/schema\/logo\/image\/","url":"https:\/\/makeaplantovote.com\/wp-content\/uploads\/2020\/02\/mptv-2020-icon.png","contentUrl":"https:\/\/makeaplantovote.com\/wp-content\/uploads\/2020\/02\/mptv-2020-icon.png","width":1500,"height":1500,"caption":"Make A Plan To Vote"},"image":{"@id":"https:\/\/makeaplantovote.com\/es\/#\/schema\/logo\/image\/"}}]}},"_links":{"self":[{"href":"https:\/\/makeaplantovote.com\/es\/wp-json\/wp\/v2\/pages\/644","targetHints":{"allow":["GET"]}}],"collection":[{"href":"https:\/\/makeaplantovote.com\/es\/wp-json\/wp\/v2\/pages"}],"about":[{"href":"https:\/\/makeaplantovote.com\/es\/wp-json\/wp\/v2\/types\/page"}],"author":[{"embeddable":true,"href":"https:\/\/makeaplantovote.com\/es\/wp-json\/wp\/v2\/users\/1"}],"replies":[{"embeddable":true,"href":"https:\/\/makeaplantovote.com\/es\/wp-json\/wp\/v2\/comments?post=644"}],"version-history":[{"count":11,"href":"https:\/\/makeaplantovote.com\/es\/wp-json\/wp\/v2\/pages\/644\/revisions"}],"predecessor-version":[{"id":1268,"href":"https:\/\/makeaplantovote.com\/es\/wp-json\/wp\/v2\/pages\/644\/revisions\/1268"}],"wp:attachment":[{"href":"https:\/\/makeaplantovote.com\/es\/wp-json\/wp\/v2\/media?parent=644"}],"wp:term":[{"taxonomy":"category","embeddable":true,"href":"https:\/\/makeaplantovote.com\/es\/wp-json\/wp\/v2\/categories?post=644"},{"taxonomy":"post_tag","embeddable":true,"href":"https:\/\/makeaplantovote.com\/es\/wp-json\/wp\/v2\/tags?post=644"}],"curies":[{"name":"gracias","href":"https:\/\/api.w.org\/{rel}","templated":true}]}}