{"id":64,"date":"2020-03-26T20:16:29","date_gmt":"2020-03-26T20:16:29","guid":{"rendered":"https:\/\/mptv.progressflorida.net\/?page_id=64"},"modified":"2025-10-07T18:55:51","modified_gmt":"2025-10-07T18:55:51","slug":"bymail","status":"publish","type":"page","link":"https:\/\/makeaplantovote.com\/es\/bymail\/","title":{"rendered":"Reg\u00edstrese para votar por correo"},"content":{"rendered":"\t\t<div data-elementor-type=\"wp-page\" data-elementor-id=\"64\" class=\"elementor elementor-64\" data-elementor-post-type=\"page\">\n\t\t\t\t\t\t<section class=\"elementor-section elementor-top-section elementor-element elementor-element-ebcac06 elementor-section-full_width elementor-section-height-default elementor-section-height-default\" data-id=\"ebcac06\" data-element_type=\"section\" data-e-type=\"section\">\n\t\t\t\t\t\t<div class=\"elementor-container elementor-column-gap-default\">\n\t\t\t\t\t<div class=\"elementor-column elementor-col-100 elementor-top-column elementor-element elementor-element-07f9760\" data-id=\"07f9760\" data-element_type=\"column\" data-e-type=\"column\">\n\t\t\t<div class=\"elementor-widget-wrap elementor-element-populated\">\n\t\t\t\t\t\t<section class=\"elementor-section elementor-inner-section elementor-element elementor-element-8f3f90c elementor-section-boxed elementor-section-height-default elementor-section-height-default\" data-id=\"8f3f90c\" data-element_type=\"section\" data-e-type=\"section\">\n\t\t\t\t\t\t<div class=\"elementor-container elementor-column-gap-default\">\n\t\t\t\t\t<div class=\"elementor-column elementor-col-50 elementor-inner-column elementor-element elementor-element-089e79d\" data-id=\"089e79d\" data-element_type=\"column\" data-e-type=\"column\">\n\t\t\t<div class=\"elementor-widget-wrap elementor-element-populated\">\n\t\t\t\t\t\t<div class=\"elementor-element elementor-element-19b012f elementor-invisible elementor-widget elementor-widget-text-editor\" data-id=\"19b012f\" data-element_type=\"widget\" data-e-type=\"widget\" data-settings=\"{&quot;_animation&quot;:&quot;fadeInUp&quot;,&quot;_animation_delay&quot;:1000}\" data-widget_type=\"text-editor.default\">\n\t\t\t\t<div class=\"elementor-widget-container\">\n\t\t\t\t\t\t\t\t\t<p>To vote by mail, select your county and fill out the form. You will then be redirected to your county&#8217;s official vote by mail request page, which you need to complete in order to vote by mail.<\/p><p><b><span style=\"text-decoration: underline;\"><span style=\"color: #ff0000; text-decoration: underline;\">Important Notices:<\/span><\/span>\u00a0<\/b><\/p><ul><li><b>If you renewed or replaced your driver\u2019s license or State ID after July 31, 2024, <\/b>your number may have changed. This <strong>could<\/strong> affect your ability to request a vote-by-mail ballot, so make sure your voter registration is updated with your new number today. To check a Florida driver&#8217;s license or state ID, the issue date is typically found on the front of the card, next to the expiration date. It is often labeled with the abbreviation &#8220;ISS,&#8221; and is formatted as MM\/DD\/CCYY.<span class=\"\" data-wiz-uids=\"s0p6sf_2,s0p6sf_3\" data-processed=\"true\"><span class=\"vKEkVd\" data-animation-atomic=\"\" data-processed=\"true\">\u00a0<\/span><\/span><\/li><li><strong>All vote by mail requests made prior to December 31, 2024, have expired.<\/strong> Florida voters who want to vote by mail must register before <b>each<\/b> November general election.<\/li><\/ul><p><span style=\"text-decoration: underline;\">If you are not sure of your vote by mail status,<strong><a href=\"https:\/\/dos.fl.gov\/elections\/for-voters\/check-your-voter-status-and-polling-place\/vote-by-mail-ballot-information-and-status-lookup\/\" target=\"_blank\" rel=\"noopener\">check here<\/a><\/strong>.<\/span><\/p>\t\t\t\t\t\t\t\t<\/div>\n\t\t\t\t<\/div>\n\t\t\t\t\t<\/div>\n\t\t<\/div>\n\t\t\t\t<div class=\"elementor-column elementor-col-50 elementor-inner-column elementor-element elementor-element-6f8bc9c elementor-invisible\" data-id=\"6f8bc9c\" data-element_type=\"column\" data-e-type=\"column\" data-settings=\"{&quot;animation&quot;:&quot;fadeInUp&quot;,&quot;animation_delay&quot;:2500}\">\n\t\t\t<div class=\"elementor-widget-wrap elementor-element-populated\">\n\t\t\t\t\t\t<div class=\"elementor-element elementor-element-3f92d58 elementor-widget elementor-widget-html\" data-id=\"3f92d58\" data-element_type=\"widget\" data-e-type=\"widget\" data-no-translation=\"\" data-widget_type=\"html.default\">\n\t\t\t\t<div class=\"elementor-widget-container\">\n\t\t\t\t\t<style>.elementor-element-3f92d58{display:none !important}<\/style>\t\t\t\t<\/div>\n\t\t\t\t<\/div>\n\t\t\t\t<div class=\"elementor-element elementor-element-daa43eb elementor-widget elementor-widget-html\" data-id=\"daa43eb\" data-element_type=\"widget\" data-e-type=\"widget\" data-no-translation=\"\" data-widget_type=\"html.default\">\n\t\t\t\t<div class=\"elementor-widget-container\">\n\t\t\t\t\t<form class=\"actionkit-widget\" name=\"vote-by-mail\" action=\"https:\/\/progressflorida.actionkit.com\/act\/\" onsubmit=\"this.submitted=1;return false\">\n\t\t\t<input type=\"hidden\" name=\"page\" value=\"votebymailplan2\">\n<strong>Seleccione su condado*<\/strong>\n\t\t\t<select name=\"action_county_options\" id=\"id_action_county_options\">\n\t\t\t    <option value><\/option><option value=\"Alachua\">Alachua<\/option> <option value=\"Baker\">Baker<\/option> <option value=\"Bay\">Bay<\/option> <option value=\"Bradford\">Bradford<\/option> <option value=\"Brevard\">Brevard<\/option> <option value=\"Broward\">Broward<\/option> <option value=\"Calhoun\">Calhoun<\/option> <option value=\"Charlotte\">Charlotte<\/option> <option value=\"Citrus\">Citrus<\/option> <option value=\"Clay\">Clay<\/option> <option value=\"Collier\">Collier<\/option> <option value=\"Columbia\">Columbia<\/option> <option value=\"DeSoto\">DeSoto<\/option> <option value=\"Dixie\">Dixie<\/option> <option value=\"Duval\">Duval<\/option> <option value=\"Escambia\">Escambia<\/option> <option value=\"Flagler\">Flagler<\/option> <option value=\"Franklin\">Franklin<\/option> <option value=\"Gadsden\">Gadsden<\/option> <option value=\"Gilchrist\">Gilchrist<\/option> <option value=\"Glades\">Glades<\/option> <option value=\"Gulf\">Gulf<\/option> <option value=\"Hamilton\">Hamilton<\/option> <option value=\"Hardee\">Hardee<\/option> <option value=\"Hendry\">Hendry<\/option> <option value=\"Hernando\">Hernando<\/option> <option value=\"Highlands\">Highlands<\/option> <option value=\"Hillsborough\">Hillsborough<\/option> <option value=\"Holmes\">Holmes<\/option> <option value=\"Indian River\">Indian River<\/option> <option value=\"Jackson\">Jackson<\/option> <option value=\"Jefferson\">Jefferson<\/option> <option value=\"Lafayette\">Lafayette<\/option> <option value=\"Lake\">Lake<\/option> <option value=\"Lee\">Lee<\/option> <option value=\"Leon\">Leon<\/option> <option value=\"Levy\">Levy<\/option> <option value=\"Liberty\">Liberty<\/option> <option value=\"Madison\">Madison<\/option> <option value=\"Manatee\">Manatee<\/option> <option value=\"Marion\">Marion<\/option> <option value=\"Martin\">Martin<\/option> <option value=\"Miami-Dade\">Miami-Dade<\/option> <option value=\"Monroe\">Monroe<\/option> <option value=\"Nassau\">Nassau<\/option> <option value=\"Okaloosa\">Okaloosa<\/option> <option value=\"Okeechobee\">Okeechobee<\/option> <option value=\"Orange\">Orange<\/option> <option value=\"Osceola\">Osceola<\/option> <option value=\"Palm Beach\">Palm Beach<\/option> <option value=\"Pasco\">Pasco<\/option> <option value=\"Pinellas\">Pinellas<\/option> <option value=\"Polk\">Polk<\/option> <option value=\"Putnam\">Putnam<\/option> <option value=\"Santa Rosa\">Santa Rosa<\/option> <option value=\"Sarasota\">Sarasota<\/option> <option value=\"Seminole\">Seminole<\/option> <option value=\"St. Johns\">St. Johns<\/option> <option value=\"St. Lucie\">St. Lucie<\/option> <option value=\"Sumter\">Sumter<\/option> <option value=\"Suwannee\">Suwannee<\/option> <option value=\"Taylor\">Taylor<\/option> <option value=\"Union\">Union<\/option> <option value=\"Volusia\">Volusia<\/option> <option value=\"Wakulla\">Wakulla<\/option> <option value=\"Walton\">Walton<\/option> <option value=\"Washington\">Washington<\/option><\/select>\n\t\t\t<label for=\"id_email\">Correo electr\u00f3nico*<\/label><input value=\"\" id=\"id_email\" type=\"text\" name=\"email\" placeholder=\"youremail@email.com\" required \/>\n\t\t\t<label for=\"id_name\">Nombre<\/label><input type=\"text\" name=\"name\" id=\"id_name\" placeholder=\"Nombre y Apellido\">\n\t\t\t<label for=\"id_zip\">Codigo postal*<\/label><input type=\"text\" name=\"zip\" id=\"id_zip\" placeholder=\"12345\" required>\n\t\t\t<label for=\"id_mobile_phone\">Numero de telefono<\/label><input type=\"text\" name=\"mobile_phone\" id=\"id_mobile_phone\" placeholder=\"555-555-5555\">\n<input id=\"btn-submit\" class=\"btn-default\" type=\"submit\" value=\"Pr\u00f3ximo paso\">\n<input type=\"hidden\" name=\"source\" value=\"\">\n<\/form>\n<div class=\"form-disclaimer\">Al proporcionar mi informaci\u00f3n de contacto, consiento que Progress Florida me contacte con informaci\u00f3n sobre esta y futuras campa\u00f1as.<\/div>\n<\/div>\n<\/div>\n\n<\/div>\n\n<script>\n    var srcre = \/[?&]source=([^&]*)\/g;\nvar src = srcre.exec(window.location.search);\nif (src != null){\n  var src = src[1];\n  for (var i=0;i<document.forms.length;++i){\n   var f = document.forms[i];\n   if (\/actionkit-widget\/.test(f.className)){\n     if (f.source){\n       f.source.value = decodeURI(src);\n      }\n    }\n  }\n}\n<\/script>\n\n\n<script>\n\t\t\/\/ Show only the HTML Element that has the inputted ID\n\t\tfunction showElement(id){\n\t\t\tvar hideables = document.getElementsByClassName(\"hideable\");\n\t\t\tfor (var i=0; hideables.length>i; i++){\n\t\t\t\thideables[i].style.display = \"none\";\n\t\t\t}\n\t\t\tvar eleDiv = document.getElementById(id);\n\t\t\teleDiv.style.display = \"block\";\n\t\t}\n\t\tfunction onWidgetSuccess(form, response){\n\t\t\tif (form.getAttribute(\"name\") == \"vote-by-mail\"){\n\t\t\t\tvar county = form.action_county_options.value\n\t\t\t\tvar byMailRoot = \"https:\/\/makeaplantovote.com\/es\/bymail\/\";\n\t\t\t\tvar countryURL = byMailRoot + county.toLowerCase().replace(\/[. ]\/g, \"\");\n\t\t\t\twindow.location = countryURL;\n\t\t\t} else {\n\t\t\t\twindow.location = response.redirect;\n\t\t\t}\n\t\t\tconsole.log(form);\n\t\t\tconsole.log(response);\n\t\t\treturn false;\n\t\t}\nfunction onWidgetSubmit(form){\n\u00a0 if (form.action_county_options.value == \"\"){\n    alert(\"All fields are required. Make sure you've selected the county where you're registered to vote in and filled out the other fields.\");\n\u00a0 \u00a0 return\u00a0 false;\n\u00a0 } else {\n\u00a0 \u00a0 return true;\n\u00a0 }\n}\n\t\t\/\/ Redirect in JS\n\t\t\/\/window.location = \"http:\/\/progressflorida.org\/\";\n\t<\/script>\n\t<script src=\"https:\/\/progressflorida.actionkit.com\/samples\/widget.js\"><\/script>\t\t\t\t<\/div>\n\t\t\t\t<\/div>\n\t\t\t\t\t<\/div>\n\t\t<\/div>\n\t\t\t\t\t<\/div>\n\t\t<\/section>\n\t\t\t\t<section class=\"elementor-section elementor-inner-section elementor-element elementor-element-55c0243 elementor-section-boxed elementor-section-height-default elementor-section-height-default\" data-id=\"55c0243\" data-element_type=\"section\" data-e-type=\"section\">\n\t\t\t\t\t\t<div class=\"elementor-container elementor-column-gap-default\">\n\t\t\t\t\t<div class=\"elementor-column elementor-col-100 elementor-inner-column elementor-element elementor-element-7fb8660\" data-id=\"7fb8660\" data-element_type=\"column\" data-e-type=\"column\">\n\t\t\t<div class=\"elementor-widget-wrap elementor-element-populated\">\n\t\t\t\t\t\t<div class=\"elementor-element elementor-element-2b0114c elementor-icon-list--layout-inline elementor-align-center elementor-list-item-link-full_width elementor-widget elementor-widget-icon-list\" data-id=\"2b0114c\" data-element_type=\"widget\" data-e-type=\"widget\" data-widget_type=\"icon-list.default\">\n\t\t\t\t<div class=\"elementor-widget-container\">\n\t\t\t\t\t\t\t<ul class=\"elementor-icon-list-items elementor-inline-items\">\n\t\t\t\t\t\t\t<li class=\"elementor-icon-list-item elementor-inline-item\">\n\t\t\t\t\t\t\t\t\t\t\t<a href=\"\/options\">\n\n\t\t\t\t\t\t\t\t\t\t\t\t<span class=\"elementor-icon-list-icon\">\n\t\t\t\t\t\t\t<i aria-hidden=\"true\" class=\"fas fa-arrow-circle-left\"><\/i>\t\t\t\t\t\t<\/span>\n\t\t\t\t\t\t\t\t\t\t<span class=\"elementor-icon-list-text\">Back to voting options<\/span>\n\t\t\t\t\t\t\t\t\t\t\t<\/a>\n\t\t\t\t\t\t\t\t\t<\/li>\n\t\t\t\t\t\t<\/ul>\n\t\t\t\t\t\t<\/div>\n\t\t\t\t<\/div>\n\t\t\t\t\t<\/div>\n\t\t<\/div>\n\t\t\t\t\t<\/div>\n\t\t<\/section>\n\t\t\t\t\t<\/div>\n\t\t<\/div>\n\t\t\t\t\t<\/div>\n\t\t<\/section>\n\t\t\t\t<\/div>\n\t\t","protected":false},"excerpt":{"rendered":"<p>To vote by mail, select your county and fill out the form. You will then be redirected to your county&#8217;s official vote by mail request page, which you need to complete in order to vote by mail. Important Notices:\u00a0 If you renewed or replaced your driver\u2019s license or State ID after July 31, 2024, your [&hellip;]<\/p>\n","protected":false},"author":1,"featured_media":0,"parent":0,"menu_order":0,"comment_status":"closed","ping_status":"closed","template":"","meta":{"footnotes":""},"categories":[],"tags":[],"class_list":["post-64","page","type-page","status-publish","hentry"],"yoast_head":"<!-- This site is optimized with the Yoast SEO plugin v27.4 - https:\/\/yoast.com\/product\/yoast-seo-wordpress\/ -->\n<title>Sign up to vote by mail - Make A Plan To Vote<\/title>\n<meta name=\"robots\" content=\"index, follow, max-snippet:-1, max-image-preview:large, max-video-preview:-1\" \/>\n<link rel=\"canonical\" href=\"https:\/\/makeaplantovote.com\/es\/bymail\/\" \/>\n<meta property=\"og:locale\" content=\"es_MX\" \/>\n<meta property=\"og:type\" content=\"article\" \/>\n<meta property=\"og:title\" content=\"Sign up to vote by mail - Make A Plan To Vote\" \/>\n<meta property=\"og:description\" content=\"To vote by mail, select your county and fill out the form. You will then be redirected to your county&#8217;s official vote by mail request page, which you need to complete in order to vote by mail. Important Notices:\u00a0 If you renewed or replaced your driver\u2019s license or State ID after July 31, 2024, your [&hellip;]\" \/>\n<meta property=\"og:url\" content=\"https:\/\/makeaplantovote.com\/es\/bymail\/\" \/>\n<meta property=\"og:site_name\" content=\"Make A Plan To Vote\" \/>\n<meta property=\"article:modified_time\" content=\"2025-10-07T18:55:51+00:00\" \/>\n<meta property=\"og:image\" content=\"https:\/\/makeaplantovote.com\/wp-content\/uploads\/2020\/04\/mptv2020-fb.jpg\" \/>\n\t<meta property=\"og:image:width\" content=\"1200\" \/>\n\t<meta property=\"og:image:height\" content=\"630\" \/>\n\t<meta property=\"og:image:type\" content=\"image\/jpeg\" \/>\n<meta name=\"twitter:card\" content=\"summary_large_image\" \/>\n<meta name=\"twitter:label1\" content=\"Tiempo de lectura\" \/>\n\t<meta name=\"twitter:data1\" content=\"2 minutos\" \/>\n<script type=\"application\/ld+json\" class=\"yoast-schema-graph\">{\"@context\":\"https:\\\/\\\/schema.org\",\"@graph\":[{\"@type\":\"WebPage\",\"@id\":\"https:\\\/\\\/makeaplantovote.com\\\/es\\\/bymail\\\/\",\"url\":\"https:\\\/\\\/makeaplantovote.com\\\/es\\\/bymail\\\/\",\"name\":\"Sign up to vote by mail - Make A Plan To Vote\",\"isPartOf\":{\"@id\":\"https:\\\/\\\/makeaplantovote.com\\\/es\\\/#website\"},\"datePublished\":\"2020-03-26T20:16:29+00:00\",\"dateModified\":\"2025-10-07T18:55:51+00:00\",\"breadcrumb\":{\"@id\":\"https:\\\/\\\/makeaplantovote.com\\\/es\\\/bymail\\\/#breadcrumb\"},\"inLanguage\":\"es\",\"potentialAction\":[{\"@type\":\"ReadAction\",\"target\":[\"https:\\\/\\\/makeaplantovote.com\\\/es\\\/bymail\\\/\"]}]},{\"@type\":\"BreadcrumbList\",\"@id\":\"https:\\\/\\\/makeaplantovote.com\\\/es\\\/bymail\\\/#breadcrumb\",\"itemListElement\":[{\"@type\":\"ListItem\",\"position\":1,\"name\":\"Home\",\"item\":\"https:\\\/\\\/makeaplantovote.com\\\/\"},{\"@type\":\"ListItem\",\"position\":2,\"name\":\"Sign up to vote by mail\"}]},{\"@type\":\"WebSite\",\"@id\":\"https:\\\/\\\/makeaplantovote.com\\\/es\\\/#website\",\"url\":\"https:\\\/\\\/makeaplantovote.com\\\/es\\\/\",\"name\":\"Make A Plan To Vote\",\"description\":\"\",\"publisher\":{\"@id\":\"https:\\\/\\\/makeaplantovote.com\\\/es\\\/#organization\"},\"potentialAction\":[{\"@type\":\"SearchAction\",\"target\":{\"@type\":\"EntryPoint\",\"urlTemplate\":\"https:\\\/\\\/makeaplantovote.com\\\/es\\\/?s={search_term_string}\"},\"query-input\":{\"@type\":\"PropertyValueSpecification\",\"valueRequired\":true,\"valueName\":\"search_term_string\"}}],\"inLanguage\":\"es\"},{\"@type\":\"Organization\",\"@id\":\"https:\\\/\\\/makeaplantovote.com\\\/es\\\/#organization\",\"name\":\"Make A Plan To Vote\",\"url\":\"https:\\\/\\\/makeaplantovote.com\\\/es\\\/\",\"logo\":{\"@type\":\"ImageObject\",\"inLanguage\":\"es\",\"@id\":\"https:\\\/\\\/makeaplantovote.com\\\/es\\\/#\\\/schema\\\/logo\\\/image\\\/\",\"url\":\"https:\\\/\\\/makeaplantovote.com\\\/wp-content\\\/uploads\\\/2020\\\/02\\\/mptv-2020-icon.png\",\"contentUrl\":\"https:\\\/\\\/makeaplantovote.com\\\/wp-content\\\/uploads\\\/2020\\\/02\\\/mptv-2020-icon.png\",\"width\":1500,\"height\":1500,\"caption\":\"Make A Plan To Vote\"},\"image\":{\"@id\":\"https:\\\/\\\/makeaplantovote.com\\\/es\\\/#\\\/schema\\\/logo\\\/image\\\/\"}}]}<\/script>\n<!-- \/ Yoast SEO plugin. -->","yoast_head_json":{"title":"Inscr\u00edbete para votar por correo - Haz un plan para votar","robots":{"index":"index","follow":"follow","max-snippet":"max-snippet:-1","max-image-preview":"max-image-preview:large","max-video-preview":"max-video-preview:-1"},"canonical":"https:\/\/makeaplantovote.com\/es\/bymail\/","og_locale":"es_MX","og_type":"article","og_title":"Sign up to vote by mail - Make A Plan To Vote","og_description":"To vote by mail, select your county and fill out the form. You will then be redirected to your county&#8217;s official vote by mail request page, which you need to complete in order to vote by mail. Important Notices:\u00a0 If you renewed or replaced your driver\u2019s license or State ID after July 31, 2024, your [&hellip;]","og_url":"https:\/\/makeaplantovote.com\/es\/bymail\/","og_site_name":"Make A Plan To Vote","article_modified_time":"2025-10-07T18:55:51+00:00","og_image":[{"width":1200,"height":630,"url":"https:\/\/makeaplantovote.com\/wp-content\/uploads\/2020\/04\/mptv2020-fb.jpg","type":"image\/jpeg"}],"twitter_card":"summary_large_image","twitter_misc":{"Tiempo de lectura":"2 minutos"},"schema":{"@context":"https:\/\/schema.org","@graph":[{"@type":"WebPage","@id":"https:\/\/makeaplantovote.com\/es\/bymail\/","url":"https:\/\/makeaplantovote.com\/es\/bymail\/","name":"Inscr\u00edbete para votar por correo - Haz un plan para votar","isPartOf":{"@id":"https:\/\/makeaplantovote.com\/es\/#website"},"datePublished":"2020-03-26T20:16:29+00:00","dateModified":"2025-10-07T18:55:51+00:00","breadcrumb":{"@id":"https:\/\/makeaplantovote.com\/es\/bymail\/#breadcrumb"},"inLanguage":"es","potentialAction":[{"@type":"ReadAction","target":["https:\/\/makeaplantovote.com\/es\/bymail\/"]}]},{"@type":"BreadcrumbList","@id":"https:\/\/makeaplantovote.com\/es\/bymail\/#breadcrumb","itemListElement":[{"@type":"ListItem","position":1,"name":"Home","item":"https:\/\/makeaplantovote.com\/"},{"@type":"ListItem","position":2,"name":"Sign up to vote by mail"}]},{"@type":"WebSite","@id":"https:\/\/makeaplantovote.com\/es\/#website","url":"https:\/\/makeaplantovote.com\/es\/","name":"Haga un plan para votar","description":"","publisher":{"@id":"https:\/\/makeaplantovote.com\/es\/#organization"},"potentialAction":[{"@type":"SearchAction","target":{"@type":"EntryPoint","urlTemplate":"https:\/\/makeaplantovote.com\/es\/?s={search_term_string}"},"query-input":{"@type":"PropertyValueSpecification","valueRequired":true,"valueName":"search_term_string"}}],"inLanguage":"es"},{"@type":"Organization","@id":"https:\/\/makeaplantovote.com\/es\/#organization","name":"Haga un plan para votar","url":"https:\/\/makeaplantovote.com\/es\/","logo":{"@type":"ImageObject","inLanguage":"es","@id":"https:\/\/makeaplantovote.com\/es\/#\/schema\/logo\/image\/","url":"https:\/\/makeaplantovote.com\/wp-content\/uploads\/2020\/02\/mptv-2020-icon.png","contentUrl":"https:\/\/makeaplantovote.com\/wp-content\/uploads\/2020\/02\/mptv-2020-icon.png","width":1500,"height":1500,"caption":"Make A Plan To Vote"},"image":{"@id":"https:\/\/makeaplantovote.com\/es\/#\/schema\/logo\/image\/"}}]}},"_links":{"self":[{"href":"https:\/\/makeaplantovote.com\/es\/wp-json\/wp\/v2\/pages\/64","targetHints":{"allow":["GET"]}}],"collection":[{"href":"https:\/\/makeaplantovote.com\/es\/wp-json\/wp\/v2\/pages"}],"about":[{"href":"https:\/\/makeaplantovote.com\/es\/wp-json\/wp\/v2\/types\/page"}],"author":[{"embeddable":true,"href":"https:\/\/makeaplantovote.com\/es\/wp-json\/wp\/v2\/users\/1"}],"replies":[{"embeddable":true,"href":"https:\/\/makeaplantovote.com\/es\/wp-json\/wp\/v2\/comments?post=64"}],"version-history":[{"count":100,"href":"https:\/\/makeaplantovote.com\/es\/wp-json\/wp\/v2\/pages\/64\/revisions"}],"predecessor-version":[{"id":1735,"href":"https:\/\/makeaplantovote.com\/es\/wp-json\/wp\/v2\/pages\/64\/revisions\/1735"}],"wp:attachment":[{"href":"https:\/\/makeaplantovote.com\/es\/wp-json\/wp\/v2\/media?parent=64"}],"wp:term":[{"taxonomy":"category","embeddable":true,"href":"https:\/\/makeaplantovote.com\/es\/wp-json\/wp\/v2\/categories?post=64"},{"taxonomy":"post_tag","embeddable":true,"href":"https:\/\/makeaplantovote.com\/es\/wp-json\/wp\/v2\/tags?post=64"}],"curies":[{"name":"gracias","href":"https:\/\/api.w.org\/{rel}","templated":true}]}}