{"id":601,"date":"2020-04-17T00:20:20","date_gmt":"2020-04-17T00:20:20","guid":{"rendered":"https:\/\/makeaplantovote.com\/?page_id=601"},"modified":"2020-05-05T19:31:03","modified_gmt":"2020-05-05T19:31:03","slug":"register-2","status":"publish","type":"page","link":"https:\/\/makeaplantovote.com\/es\/organizeflorida\/","title":{"rendered":"Reg\u00edstrate Para Votar"},"content":{"rendered":"<div data-elementor-type=\"wp-page\" data-elementor-id=\"601\" class=\"elementor elementor-601\" data-elementor-post-type=\"page\">\n\t\t\t\t\t\t<section class=\"elementor-section elementor-top-section elementor-element elementor-element-4429525 elementor-section-full_width elementor-section-height-default elementor-section-height-default\" data-id=\"4429525\" data-element_type=\"section\" data-e-type=\"section\">\n\t\t\t\t\t\t<div class=\"elementor-container elementor-column-gap-default\">\n\t\t\t\t\t<div class=\"elementor-column elementor-col-100 elementor-top-column elementor-element elementor-element-4403a96\" data-id=\"4403a96\" data-element_type=\"column\" data-e-type=\"column\">\n\t\t\t<div class=\"elementor-widget-wrap elementor-element-populated\">\n\t\t\t\t\t\t<section class=\"elementor-section elementor-inner-section elementor-element elementor-element-b6983dc elementor-section-boxed elementor-section-height-default elementor-section-height-default\" data-id=\"b6983dc\" data-element_type=\"section\" data-e-type=\"section\">\n\t\t\t\t\t\t<div class=\"elementor-container elementor-column-gap-default\">\n\t\t\t\t\t<div class=\"elementor-column elementor-col-100 elementor-inner-column elementor-element elementor-element-3853865\" data-id=\"3853865\" data-element_type=\"column\" data-e-type=\"column\">\n\t\t\t<div class=\"elementor-widget-wrap elementor-element-populated\">\n\t\t\t\t\t\t<div class=\"elementor-element elementor-element-8891a78 elementor-align-center elementor-widget elementor-widget-button\" data-id=\"8891a78\" data-element_type=\"widget\" data-e-type=\"widget\" data-no-translation=\"\" data-widget_type=\"button.default\">\n\t\t\t\t<div class=\"elementor-widget-container\">\n\t\t\t\t\t<style>.elementor-element-8891a78{display:none !important}<\/style>\t\t\t\t<\/div>\n\t\t\t\t<\/div>\n\t\t\t\t<div class=\"elementor-element elementor-element-52b6212 elementor-align-center elementor-widget elementor-widget-button\" data-id=\"52b6212\" data-element_type=\"widget\" data-e-type=\"widget\" data-no-translation=\"\" data-widget_type=\"button.default\">\n\t\t\t\t<div class=\"elementor-widget-container\">\n\t\t\t\t\t\t\t\t\t<div class=\"elementor-button-wrapper\">\n\t\t\t\t\t<a class=\"elementor-button elementor-button-link elementor-size-sm\" href=\"\/organizeflorida\">\n\t\t\t\t\t\t<span class=\"elementor-button-content-wrapper\">\n\t\t\t\t\t\t\t\t\t<span class=\"elementor-button-text\">In English<\/span>\n\t\t\t\t\t<\/span>\n\t\t\t\t\t<\/a>\n\t\t\t\t<\/div>\n\t\t\t\t\t\t\t\t<\/div>\n\t\t\t\t<\/div>\n\t\t\t\t\t<\/div>\n\t\t<\/div>\n\t\t\t\t\t<\/div>\n\t\t<\/section>\n\t\t\t\t<section class=\"elementor-section elementor-inner-section elementor-element elementor-element-afaad35 elementor-section-boxed elementor-section-height-default elementor-section-height-default\" data-id=\"afaad35\" data-element_type=\"section\" data-e-type=\"section\">\n\t\t\t\t\t\t<div class=\"elementor-container elementor-column-gap-default\">\n\t\t\t\t\t<div class=\"elementor-column elementor-col-50 elementor-inner-column elementor-element elementor-element-e9b742a\" data-id=\"e9b742a\" data-element_type=\"column\" data-e-type=\"column\">\n\t\t\t<div class=\"elementor-widget-wrap elementor-element-populated\">\n\t\t\t\t\t\t<div class=\"elementor-element elementor-element-30150d9 elementor-invisible elementor-widget elementor-widget-text-editor\" data-id=\"30150d9\" data-element_type=\"widget\" data-e-type=\"widget\" data-settings=\"{&quot;_animation&quot;:&quot;fadeInUp&quot;,&quot;_animation_delay&quot;:1000}\" data-widget_type=\"text-editor.default\">\n\t\t\t\t<div class=\"elementor-widget-container\">\n\t\t\t\t\t\t\t\t\t<p>Para registrarse en l\u00ednea para votar en Florida, complete el formulario en esta p\u00e1gina. En la p\u00e1gina siguiente, por favor complete el formulario de registro de votantes oficial del Estado de Florida, que es necesario completar para registrarse para votar.<\/p>\t\t\t\t\t\t\t\t<\/div>\n\t\t\t\t<\/div>\n\t\t\t\t<div class=\"elementor-element elementor-element-55151e7 elementor-icon-list--layout-traditional elementor-list-item-link-full_width elementor-invisible elementor-widget elementor-widget-icon-list\" data-id=\"55151e7\" data-element_type=\"widget\" data-e-type=\"widget\" data-settings=\"{&quot;_animation&quot;:&quot;fadeInUp&quot;,&quot;_animation_delay&quot;:1500}\" data-widget_type=\"icon-list.default\">\n\t\t\t\t<div class=\"elementor-widget-container\">\n\t\t\t\t\t\t\t<ul class=\"elementor-icon-list-items\">\n\t\t\t\t\t\t\t<li class=\"elementor-icon-list-item\">\n\t\t\t\t\t\t\t\t\t\t\t<a href=\"https:\/\/dos.myflorida.com\/media\/698341\/ovr-faq-english.pdf\" target=\"_blank\">\n\n\t\t\t\t\t\t\t\t\t\t\t\t<span class=\"elementor-icon-list-icon\">\n\t\t\t\t\t\t\t<i aria-hidden=\"true\" class=\"fas fa-question-circle\"><\/i>\t\t\t\t\t\t<\/span>\n\t\t\t\t\t\t\t\t\t\t<span class=\"elementor-icon-list-text\">Preguntas frecuentes sobre el registro de votantes<\/span>\n\t\t\t\t\t\t\t\t\t\t\t<\/a>\n\t\t\t\t\t\t\t\t\t<\/li>\n\t\t\t\t\t\t\t\t<li class=\"elementor-icon-list-item\">\n\t\t\t\t\t\t\t\t\t\t\t<a href=\"https:\/\/dos.myflorida.com\/media\/698338\/ovr-faq-spanish.pdf\" target=\"_blank\">\n\n\t\t\t\t\t\t\t\t\t\t\t\t<span class=\"elementor-icon-list-icon\">\n\t\t\t\t\t\t\t<i aria-hidden=\"true\" class=\"fas fa-question-circle\"><\/i>\t\t\t\t\t\t<\/span>\n\t\t\t\t\t\t\t\t\t\t<span class=\"elementor-icon-list-text\">Preguntas frecuentes sobre el registro de votantes<\/span>\n\t\t\t\t\t\t\t\t\t\t\t<\/a>\n\t\t\t\t\t\t\t\t\t<\/li>\n\t\t\t\t\t\t<\/ul>\n\t\t\t\t\t\t<\/div>\n\t\t\t\t<\/div>\n\t\t\t\t\t<\/div>\n\t\t<\/div>\n\t\t\t\t<div class=\"elementor-column elementor-col-50 elementor-inner-column elementor-element elementor-element-1409b5f elementor-invisible\" data-id=\"1409b5f\" data-element_type=\"column\" data-e-type=\"column\" data-settings=\"{&quot;animation&quot;:&quot;fadeInUp&quot;,&quot;animation_delay&quot;:2500}\">\n\t\t\t<div class=\"elementor-widget-wrap elementor-element-populated\">\n\t\t\t\t\t\t<div class=\"elementor-element elementor-element-46bb073 elementor-widget elementor-widget-html\" data-id=\"46bb073\" data-element_type=\"widget\" data-e-type=\"widget\" data-widget_type=\"html.default\">\n\t\t\t\t<div class=\"elementor-widget-container\">\n\t\t\t\t\t<link rel='preload' href='https:\/\/d3rse9xjbp8270.cloudfront.net\/at.js' as='script' crossorigin='anonymous'>\n<link rel='preload' href='https:\/\/d3rse9xjbp8270.cloudfront.net\/at.min.css' as='style'>\n <script type='text\/javascript' src='https:\/\/d3rse9xjbp8270.cloudfront.net\/at.js' crossorigin='anonymous'><\/script>\n <div class=\"ngp-form\"\n     data-form-url=\"https:\/\/actions.everyaction.com\/v1\/Forms\/aUll7uOeqkOLT4bVVnvc9Q2\"\n     data-fastaction-endpoint=\"https:\/\/fastaction.ngpvan.com\"\n     data-inline-errors=\"true\"\n     data-fastaction-nologin=\"true\"\n     data-databag-endpoint=\"https:\/\/profile.ngpvan.com\"\n     data-databag=\"everybody\"\n     data-mobile-autofocus=\"false\" >\n<\/div>\n<div class=\"form-disclaimer\">Al hacer clic en \"Siguiente paso\", acepta recibir alertas peri\u00f3dicas de Organize Florida Education Fund. Puede darse de baja en cualquier momento. <\/div>\t\t\t\t<\/div>\n\t\t\t\t<\/div>\n\t\t\t\t\t<\/div>\n\t\t<\/div>\n\t\t\t\t\t<\/div>\n\t\t<\/section>\n\t\t\t\t\t<\/div>\n\t\t<\/div>\n\t\t\t\t\t<\/div>\n\t\t<\/section>\n\t\t\t\t<\/div>","protected":false},"excerpt":{"rendered":"<p>En Espa\u00f1ol To register to vote in Florida online, fill out the form on this page. On the next page, fill out the State of Florida&#8217;s official online voter registration form, which you must complete in order to register to vote. Frequently Asked Voter Registration Questions Preguntas frecuentes sobre el registro de votantes By clicking [&hellip;]<\/p>\n","protected":false},"author":1,"featured_media":0,"parent":0,"menu_order":0,"comment_status":"closed","ping_status":"closed","template":"","meta":{"footnotes":""},"categories":[10],"tags":[],"class_list":["post-601","page","type-page","status-publish","hentry","category-organizeflorida"],"yoast_head":"<!-- This site is optimized with the Yoast SEO plugin v27.3 - https:\/\/yoast.com\/product\/yoast-seo-wordpress\/ -->\n<title>Register To Vote - Make A Plan To Vote<\/title>\n<meta name=\"robots\" content=\"index, follow, max-snippet:-1, max-image-preview:large, max-video-preview:-1\" \/>\n<link rel=\"canonical\" href=\"https:\/\/makeaplantovote.com\/es\/organizeflorida\/\" \/>\n<meta property=\"og:locale\" content=\"es_MX\" \/>\n<meta property=\"og:type\" content=\"article\" \/>\n<meta property=\"og:title\" content=\"Register To Vote - Make A Plan To Vote\" \/>\n<meta property=\"og:description\" content=\"En Espa\u00f1ol To register to vote in Florida online, fill out the form on this page. On the next page, fill out the State of Florida&#8217;s official online voter registration form, which you must complete in order to register to vote. Frequently Asked Voter Registration Questions Preguntas frecuentes sobre el registro de votantes By clicking [&hellip;]\" \/>\n<meta property=\"og:url\" content=\"https:\/\/makeaplantovote.com\/es\/organizeflorida\/\" \/>\n<meta property=\"og:site_name\" content=\"Make A Plan To Vote\" \/>\n<meta property=\"article:modified_time\" content=\"2020-05-05T19:31:03+00:00\" \/>\n<meta property=\"og:image\" content=\"https:\/\/makeaplantovote.com\/wp-content\/uploads\/2020\/04\/mptv2020-fb.jpg\" \/>\n\t<meta property=\"og:image:width\" content=\"1200\" \/>\n\t<meta property=\"og:image:height\" content=\"630\" \/>\n\t<meta property=\"og:image:type\" content=\"image\/jpeg\" \/>\n<meta name=\"twitter:card\" content=\"summary_large_image\" \/>\n<script type=\"application\/ld+json\" class=\"yoast-schema-graph\">{\"@context\":\"https:\\\/\\\/schema.org\",\"@graph\":[{\"@type\":\"WebPage\",\"@id\":\"https:\\\/\\\/makeaplantovote.com\\\/es\\\/organizeflorida\\\/\",\"url\":\"https:\\\/\\\/makeaplantovote.com\\\/es\\\/organizeflorida\\\/\",\"name\":\"Register To Vote - Make A Plan To Vote\",\"isPartOf\":{\"@id\":\"https:\\\/\\\/makeaplantovote.com\\\/es\\\/#website\"},\"datePublished\":\"2020-04-17T00:20:20+00:00\",\"dateModified\":\"2020-05-05T19:31:03+00:00\",\"breadcrumb\":{\"@id\":\"https:\\\/\\\/makeaplantovote.com\\\/es\\\/organizeflorida\\\/#breadcrumb\"},\"inLanguage\":\"es\",\"potentialAction\":[{\"@type\":\"ReadAction\",\"target\":[\"https:\\\/\\\/makeaplantovote.com\\\/es\\\/organizeflorida\\\/\"]}]},{\"@type\":\"BreadcrumbList\",\"@id\":\"https:\\\/\\\/makeaplantovote.com\\\/es\\\/organizeflorida\\\/#breadcrumb\",\"itemListElement\":[{\"@type\":\"ListItem\",\"position\":1,\"name\":\"Home\",\"item\":\"https:\\\/\\\/makeaplantovote.com\\\/\"},{\"@type\":\"ListItem\",\"position\":2,\"name\":\"Register To Vote\"}]},{\"@type\":\"WebSite\",\"@id\":\"https:\\\/\\\/makeaplantovote.com\\\/es\\\/#website\",\"url\":\"https:\\\/\\\/makeaplantovote.com\\\/es\\\/\",\"name\":\"Make A Plan To Vote\",\"description\":\"\",\"publisher\":{\"@id\":\"https:\\\/\\\/makeaplantovote.com\\\/es\\\/#organization\"},\"potentialAction\":[{\"@type\":\"SearchAction\",\"target\":{\"@type\":\"EntryPoint\",\"urlTemplate\":\"https:\\\/\\\/makeaplantovote.com\\\/es\\\/?s={search_term_string}\"},\"query-input\":{\"@type\":\"PropertyValueSpecification\",\"valueRequired\":true,\"valueName\":\"search_term_string\"}}],\"inLanguage\":\"es\"},{\"@type\":\"Organization\",\"@id\":\"https:\\\/\\\/makeaplantovote.com\\\/es\\\/#organization\",\"name\":\"Make A Plan To Vote\",\"url\":\"https:\\\/\\\/makeaplantovote.com\\\/es\\\/\",\"logo\":{\"@type\":\"ImageObject\",\"inLanguage\":\"es\",\"@id\":\"https:\\\/\\\/makeaplantovote.com\\\/es\\\/#\\\/schema\\\/logo\\\/image\\\/\",\"url\":\"https:\\\/\\\/makeaplantovote.com\\\/wp-content\\\/uploads\\\/2020\\\/02\\\/mptv-2020-icon.png\",\"contentUrl\":\"https:\\\/\\\/makeaplantovote.com\\\/wp-content\\\/uploads\\\/2020\\\/02\\\/mptv-2020-icon.png\",\"width\":1500,\"height\":1500,\"caption\":\"Make A Plan To Vote\"},\"image\":{\"@id\":\"https:\\\/\\\/makeaplantovote.com\\\/es\\\/#\\\/schema\\\/logo\\\/image\\\/\"}}]}<\/script>\n<!-- \/ Yoast SEO plugin. -->","yoast_head_json":{"title":"Register To Vote - Make A Plan To Vote","robots":{"index":"index","follow":"follow","max-snippet":"max-snippet:-1","max-image-preview":"max-image-preview:large","max-video-preview":"max-video-preview:-1"},"canonical":"https:\/\/makeaplantovote.com\/es\/organizeflorida\/","og_locale":"es_MX","og_type":"article","og_title":"Register To Vote - Make A Plan To Vote","og_description":"En Espa\u00f1ol To register to vote in Florida online, fill out the form on this page. On the next page, fill out the State of Florida&#8217;s official online voter registration form, which you must complete in order to register to vote. Frequently Asked Voter Registration Questions Preguntas frecuentes sobre el registro de votantes By clicking [&hellip;]","og_url":"https:\/\/makeaplantovote.com\/es\/organizeflorida\/","og_site_name":"Make A Plan To Vote","article_modified_time":"2020-05-05T19:31:03+00:00","og_image":[{"width":1200,"height":630,"url":"https:\/\/makeaplantovote.com\/wp-content\/uploads\/2020\/04\/mptv2020-fb.jpg","type":"image\/jpeg"}],"twitter_card":"summary_large_image","schema":{"@context":"https:\/\/schema.org","@graph":[{"@type":"WebPage","@id":"https:\/\/makeaplantovote.com\/es\/organizeflorida\/","url":"https:\/\/makeaplantovote.com\/es\/organizeflorida\/","name":"Register To Vote - Make A Plan To Vote","isPartOf":{"@id":"https:\/\/makeaplantovote.com\/es\/#website"},"datePublished":"2020-04-17T00:20:20+00:00","dateModified":"2020-05-05T19:31:03+00:00","breadcrumb":{"@id":"https:\/\/makeaplantovote.com\/es\/organizeflorida\/#breadcrumb"},"inLanguage":"es","potentialAction":[{"@type":"ReadAction","target":["https:\/\/makeaplantovote.com\/es\/organizeflorida\/"]}]},{"@type":"BreadcrumbList","@id":"https:\/\/makeaplantovote.com\/es\/organizeflorida\/#breadcrumb","itemListElement":[{"@type":"ListItem","position":1,"name":"Home","item":"https:\/\/makeaplantovote.com\/"},{"@type":"ListItem","position":2,"name":"Register To Vote"}]},{"@type":"WebSite","@id":"https:\/\/makeaplantovote.com\/es\/#website","url":"https:\/\/makeaplantovote.com\/es\/","name":"Haga un plan para votar","description":"","publisher":{"@id":"https:\/\/makeaplantovote.com\/es\/#organization"},"potentialAction":[{"@type":"SearchAction","target":{"@type":"EntryPoint","urlTemplate":"https:\/\/makeaplantovote.com\/es\/?s={search_term_string}"},"query-input":{"@type":"PropertyValueSpecification","valueRequired":true,"valueName":"search_term_string"}}],"inLanguage":"es"},{"@type":"Organization","@id":"https:\/\/makeaplantovote.com\/es\/#organization","name":"Haga un plan para votar","url":"https:\/\/makeaplantovote.com\/es\/","logo":{"@type":"ImageObject","inLanguage":"es","@id":"https:\/\/makeaplantovote.com\/es\/#\/schema\/logo\/image\/","url":"https:\/\/makeaplantovote.com\/wp-content\/uploads\/2020\/02\/mptv-2020-icon.png","contentUrl":"https:\/\/makeaplantovote.com\/wp-content\/uploads\/2020\/02\/mptv-2020-icon.png","width":1500,"height":1500,"caption":"Make A Plan To Vote"},"image":{"@id":"https:\/\/makeaplantovote.com\/es\/#\/schema\/logo\/image\/"}}]}},"_links":{"self":[{"href":"https:\/\/makeaplantovote.com\/es\/wp-json\/wp\/v2\/pages\/601","targetHints":{"allow":["GET"]}}],"collection":[{"href":"https:\/\/makeaplantovote.com\/es\/wp-json\/wp\/v2\/pages"}],"about":[{"href":"https:\/\/makeaplantovote.com\/es\/wp-json\/wp\/v2\/types\/page"}],"author":[{"embeddable":true,"href":"https:\/\/makeaplantovote.com\/es\/wp-json\/wp\/v2\/users\/1"}],"replies":[{"embeddable":true,"href":"https:\/\/makeaplantovote.com\/es\/wp-json\/wp\/v2\/comments?post=601"}],"version-history":[{"count":44,"href":"https:\/\/makeaplantovote.com\/es\/wp-json\/wp\/v2\/pages\/601\/revisions"}],"predecessor-version":[{"id":970,"href":"https:\/\/makeaplantovote.com\/es\/wp-json\/wp\/v2\/pages\/601\/revisions\/970"}],"wp:attachment":[{"href":"https:\/\/makeaplantovote.com\/es\/wp-json\/wp\/v2\/media?parent=601"}],"wp:term":[{"taxonomy":"category","embeddable":true,"href":"https:\/\/makeaplantovote.com\/es\/wp-json\/wp\/v2\/categories?post=601"},{"taxonomy":"post_tag","embeddable":true,"href":"https:\/\/makeaplantovote.com\/es\/wp-json\/wp\/v2\/tags?post=601"}],"curies":[{"name":"gracias","href":"https:\/\/api.w.org\/{rel}","templated":true}]}}