{"id":41,"date":"2020-03-20T20:31:32","date_gmt":"2020-03-20T20:31:32","guid":{"rendered":"https:\/\/mptv.progressflorida.net\/?page_id=41"},"modified":"2025-11-07T15:15:26","modified_gmt":"2025-11-07T15:15:26","slug":"register","status":"publish","type":"page","link":"https:\/\/makeaplantovote.com\/es\/register\/","title":{"rendered":"Para empezar, vamos a registrarlo\/a para votar."},"content":{"rendered":"\t\t<div data-elementor-type=\"wp-page\" data-elementor-id=\"41\" class=\"elementor elementor-41\" data-elementor-post-type=\"page\">\n\t\t\t\t\t\t<section class=\"elementor-section elementor-top-section elementor-element elementor-element-4429525 elementor-section-full_width elementor-section-height-default elementor-section-height-default\" data-id=\"4429525\" data-element_type=\"section\" data-e-type=\"section\">\n\t\t\t\t\t\t<div class=\"elementor-container elementor-column-gap-default\">\n\t\t\t\t\t<div class=\"elementor-column elementor-col-100 elementor-top-column elementor-element elementor-element-4403a96\" data-id=\"4403a96\" data-element_type=\"column\" data-e-type=\"column\">\n\t\t\t<div class=\"elementor-widget-wrap elementor-element-populated\">\n\t\t\t\t\t\t<section class=\"elementor-section elementor-inner-section elementor-element elementor-element-afaad35 elementor-section-boxed elementor-section-height-default elementor-section-height-default\" data-id=\"afaad35\" data-element_type=\"section\" data-e-type=\"section\">\n\t\t\t\t\t\t<div class=\"elementor-container elementor-column-gap-default\">\n\t\t\t\t\t<div class=\"elementor-column elementor-col-50 elementor-inner-column elementor-element elementor-element-e9b742a\" data-id=\"e9b742a\" data-element_type=\"column\" data-e-type=\"column\">\n\t\t\t<div class=\"elementor-widget-wrap elementor-element-populated\">\n\t\t\t\t\t\t<div class=\"elementor-element elementor-element-30150d9 elementor-invisible elementor-widget elementor-widget-text-editor\" data-id=\"30150d9\" data-element_type=\"widget\" data-e-type=\"widget\" data-settings=\"{&quot;_animation&quot;:&quot;fadeInUp&quot;,&quot;_animation_delay&quot;:500}\" data-widget_type=\"text-editor.default\">\n\t\t\t\t<div class=\"elementor-widget-container\">\n\t\t\t\t\t\t\t\t\t<p>To register to vote in Florida online, fill out the form on this page. On the next page, fill out the State of Florida&#8217;s official online voter registration form, which you must complete in order to register to vote.<\/p><p><b>Have you had a felony conviction? <a href=\"https:\/\/campaignlegal.org\/restoreyourvote\" target=\"_blank\" rel=\"noopener\">Check eligibility to vote in Florida here.<\/a><\/b><\/p>\t\t\t\t\t\t\t\t<\/div>\n\t\t\t\t<\/div>\n\t\t\t\t\t<\/div>\n\t\t<\/div>\n\t\t\t\t<div class=\"elementor-column elementor-col-50 elementor-inner-column elementor-element elementor-element-1409b5f elementor-invisible\" data-id=\"1409b5f\" data-element_type=\"column\" data-e-type=\"column\" data-settings=\"{&quot;animation&quot;:&quot;fadeInUp&quot;,&quot;animation_delay&quot;:1000}\">\n\t\t\t<div class=\"elementor-widget-wrap elementor-element-populated\">\n\t\t\t\t\t\t<div class=\"elementor-element elementor-element-46bb073 elementor-widget elementor-widget-html\" data-id=\"46bb073\" data-element_type=\"widget\" data-e-type=\"widget\" data-no-translation=\"\" data-widget_type=\"html.default\">\n\t\t\t\t<div class=\"elementor-widget-container\">\n\t\t\t\t\t<style>.elementor-element-46bb073{display:none !important}<\/style>\t\t\t\t<\/div>\n\t\t\t\t<\/div>\n\t\t\t\t<div class=\"elementor-element elementor-element-5a60a83 elementor-widget elementor-widget-html\" data-id=\"5a60a83\" data-element_type=\"widget\" data-e-type=\"widget\" data-no-translation=\"\" data-widget_type=\"html.default\">\n\t\t\t\t<div class=\"elementor-widget-container\">\n\t\t\t\t\t<form class=\"action_form\" name=\"vote-by-mail\" method=\"POST\" action=\"https:\/\/progressflorida.actionkit.com\/act\/\">\n\t\t\t<input type=\"hidden\" name=\"page\" value=\"ovr-mptv2020\">\n\t\t\t\n\t\t\t<label for=\"id_email\">Correo electr\u00f3nico*<\/label><input value=\"\" id=\"id_email\" type=\"text\" name=\"email\" placeholder=\"youremail@email.com\" required \/>\n\t\t\t<label for=\"id_name\">Nombre<\/label><input type=\"text\" name=\"name\" id=\"id_name\" placeholder=\"Nombre y Appellido\">\n\t\t\t<label for=\"id_zip\">C\u00f3digo postal<\/label><input type=\"text\" name=\"zip\" id=\"id_zip\" placeholder=\"12345\">\n            <label for=\"id_mobile_phone\">N\u00famero de tel\u00e9fono<\/label><input type=\"text\" name=\"mobile_phone\" id=\"id_mobile_phone\" placeholder=\"555-555-5555\">\n<input id=\"btn-submit\" class=\"btn-default\" type=\"submit\" value=\"Pr\u00f3ximo paso\">\n<input type=\"hidden\" name=\"source\" value=\"\">\n<\/form>\n<div class=\"form-disclaimer\">Al proporcionar mi informaci\u00f3n de contacto, consiento que Progress Florida me contacte con informaci\u00f3n sobre esta y futuras campa\u00f1as.<\/div>\n\n<script>\n    var srcre = \/[?&]source=([^&]*)\/g;\nvar src = srcre.exec(window.location.search);\nif (src != null){\n  var src = src[1];\n  for (var i=0;i<document.forms.length;++i){\n   var f = document.forms[i];\n   if (\/actionkit-widget\/.test(f.className)){\n     if (f.source){\n       f.source.value = decodeURI(src);\n      }\n    }\n  }\n}\n<\/script>\t\t\t\t<\/div>\n\t\t\t\t<\/div>\n\t\t\t\t\t<\/div>\n\t\t<\/div>\n\t\t\t\t\t<\/div>\n\t\t<\/section>\n\t\t\t\t\t<\/div>\n\t\t<\/div>\n\t\t\t\t\t<\/div>\n\t\t<\/section>\n\t\t\t\t<section class=\"elementor-section elementor-top-section elementor-element elementor-element-3ac89e4 elementor-section-boxed elementor-section-height-default elementor-section-height-default\" data-id=\"3ac89e4\" data-element_type=\"section\" data-e-type=\"section\">\n\t\t\t\t\t\t<div class=\"elementor-container elementor-column-gap-default\">\n\t\t\t\t\t<div class=\"elementor-column elementor-col-100 elementor-top-column elementor-element elementor-element-5457731\" data-id=\"5457731\" data-element_type=\"column\" data-e-type=\"column\">\n\t\t\t<div class=\"elementor-widget-wrap elementor-element-populated\">\n\t\t\t\t\t\t<div class=\"elementor-element elementor-element-a9d68ec elementor-icon-list--layout-inline elementor-align-center elementor-list-item-link-full_width elementor-widget elementor-widget-icon-list\" data-id=\"a9d68ec\" data-element_type=\"widget\" data-e-type=\"widget\" data-widget_type=\"icon-list.default\">\n\t\t\t\t<div class=\"elementor-widget-container\">\n\t\t\t\t\t\t\t<ul class=\"elementor-icon-list-items elementor-inline-items\">\n\t\t\t\t\t\t\t<li class=\"elementor-icon-list-item elementor-inline-item\">\n\t\t\t\t\t\t\t\t\t\t\t<a href=\"\/options\">\n\n\t\t\t\t\t\t\t\t\t\t\t\t<span class=\"elementor-icon-list-icon\">\n\t\t\t\t\t\t\t<i aria-hidden=\"true\" class=\"fas fa-arrow-circle-left\"><\/i>\t\t\t\t\t\t<\/span>\n\t\t\t\t\t\t\t\t\t\t<span class=\"elementor-icon-list-text\">Back to making your voting plan<\/span>\n\t\t\t\t\t\t\t\t\t\t\t<\/a>\n\t\t\t\t\t\t\t\t\t<\/li>\n\t\t\t\t\t\t<\/ul>\n\t\t\t\t\t\t<\/div>\n\t\t\t\t<\/div>\n\t\t\t\t\t<\/div>\n\t\t<\/div>\n\t\t\t\t\t<\/div>\n\t\t<\/section>\n\t\t\t\t<\/div>\n\t\t","protected":false},"excerpt":{"rendered":"<p>To register to vote in Florida online, fill out the form on this page. On the next page, fill out the State of Florida&#8217;s official online voter registration form, which you must complete in order to register to vote. Have you had a felony conviction? Check eligibility to vote in Florida here. Email* Name ZIP [&hellip;]<\/p>\n","protected":false},"author":1,"featured_media":0,"parent":0,"menu_order":0,"comment_status":"closed","ping_status":"closed","template":"","meta":{"footnotes":""},"categories":[],"tags":[],"class_list":["post-41","page","type-page","status-publish","hentry"],"yoast_head":"<!-- This site is optimized with the Yoast SEO plugin v27.3 - https:\/\/yoast.com\/product\/yoast-seo-wordpress\/ -->\n<title>Ok, let&#039;s get you registered to vote. - Make A Plan To Vote<\/title>\n<meta name=\"robots\" content=\"index, follow, max-snippet:-1, max-image-preview:large, max-video-preview:-1\" \/>\n<link rel=\"canonical\" href=\"https:\/\/makeaplantovote.com\/es\/register\/\" \/>\n<meta property=\"og:locale\" content=\"es_MX\" \/>\n<meta property=\"og:type\" content=\"article\" \/>\n<meta property=\"og:title\" content=\"Ok, let&#039;s get you registered to vote. - Make A Plan To Vote\" \/>\n<meta property=\"og:description\" content=\"To register to vote in Florida online, fill out the form on this page. On the next page, fill out the State of Florida&#8217;s official online voter registration form, which you must complete in order to register to vote. Have you had a felony conviction? Check eligibility to vote in Florida here. Email* Name ZIP [&hellip;]\" \/>\n<meta property=\"og:url\" content=\"https:\/\/makeaplantovote.com\/es\/register\/\" \/>\n<meta property=\"og:site_name\" content=\"Make A Plan To Vote\" \/>\n<meta property=\"article:modified_time\" content=\"2025-11-07T15:15:26+00:00\" \/>\n<meta property=\"og:image\" content=\"https:\/\/makeaplantovote.com\/wp-content\/uploads\/2020\/04\/mptv2020-fb.jpg\" \/>\n\t<meta property=\"og:image:width\" content=\"1200\" \/>\n\t<meta property=\"og:image:height\" content=\"630\" \/>\n\t<meta property=\"og:image:type\" content=\"image\/jpeg\" \/>\n<meta name=\"twitter:card\" content=\"summary_large_image\" \/>\n<meta name=\"twitter:label1\" content=\"Tiempo de lectura\" \/>\n\t<meta name=\"twitter:data1\" content=\"1 minuto\" \/>\n<script type=\"application\/ld+json\" class=\"yoast-schema-graph\">{\"@context\":\"https:\\\/\\\/schema.org\",\"@graph\":[{\"@type\":\"WebPage\",\"@id\":\"https:\\\/\\\/makeaplantovote.com\\\/es\\\/register\\\/\",\"url\":\"https:\\\/\\\/makeaplantovote.com\\\/es\\\/register\\\/\",\"name\":\"Ok, let's get you registered to vote. - Make A Plan To Vote\",\"isPartOf\":{\"@id\":\"https:\\\/\\\/makeaplantovote.com\\\/es\\\/#website\"},\"datePublished\":\"2020-03-20T20:31:32+00:00\",\"dateModified\":\"2025-11-07T15:15:26+00:00\",\"breadcrumb\":{\"@id\":\"https:\\\/\\\/makeaplantovote.com\\\/es\\\/register\\\/#breadcrumb\"},\"inLanguage\":\"es\",\"potentialAction\":[{\"@type\":\"ReadAction\",\"target\":[\"https:\\\/\\\/makeaplantovote.com\\\/es\\\/register\\\/\"]}]},{\"@type\":\"BreadcrumbList\",\"@id\":\"https:\\\/\\\/makeaplantovote.com\\\/es\\\/register\\\/#breadcrumb\",\"itemListElement\":[{\"@type\":\"ListItem\",\"position\":1,\"name\":\"Home\",\"item\":\"https:\\\/\\\/makeaplantovote.com\\\/\"},{\"@type\":\"ListItem\",\"position\":2,\"name\":\"Ok, let&#8217;s get you registered to vote.\"}]},{\"@type\":\"WebSite\",\"@id\":\"https:\\\/\\\/makeaplantovote.com\\\/es\\\/#website\",\"url\":\"https:\\\/\\\/makeaplantovote.com\\\/es\\\/\",\"name\":\"Make A Plan To Vote\",\"description\":\"\",\"publisher\":{\"@id\":\"https:\\\/\\\/makeaplantovote.com\\\/es\\\/#organization\"},\"potentialAction\":[{\"@type\":\"SearchAction\",\"target\":{\"@type\":\"EntryPoint\",\"urlTemplate\":\"https:\\\/\\\/makeaplantovote.com\\\/es\\\/?s={search_term_string}\"},\"query-input\":{\"@type\":\"PropertyValueSpecification\",\"valueRequired\":true,\"valueName\":\"search_term_string\"}}],\"inLanguage\":\"es\"},{\"@type\":\"Organization\",\"@id\":\"https:\\\/\\\/makeaplantovote.com\\\/es\\\/#organization\",\"name\":\"Make A Plan To Vote\",\"url\":\"https:\\\/\\\/makeaplantovote.com\\\/es\\\/\",\"logo\":{\"@type\":\"ImageObject\",\"inLanguage\":\"es\",\"@id\":\"https:\\\/\\\/makeaplantovote.com\\\/es\\\/#\\\/schema\\\/logo\\\/image\\\/\",\"url\":\"https:\\\/\\\/makeaplantovote.com\\\/wp-content\\\/uploads\\\/2020\\\/02\\\/mptv-2020-icon.png\",\"contentUrl\":\"https:\\\/\\\/makeaplantovote.com\\\/wp-content\\\/uploads\\\/2020\\\/02\\\/mptv-2020-icon.png\",\"width\":1500,\"height\":1500,\"caption\":\"Make A Plan To Vote\"},\"image\":{\"@id\":\"https:\\\/\\\/makeaplantovote.com\\\/es\\\/#\\\/schema\\\/logo\\\/image\\\/\"}}]}<\/script>\n<!-- \/ Yoast SEO plugin. -->","yoast_head_json":{"title":"Bien, vamos a registrarte para votar. - Haz un plan para votar","robots":{"index":"index","follow":"follow","max-snippet":"max-snippet:-1","max-image-preview":"max-image-preview:large","max-video-preview":"max-video-preview:-1"},"canonical":"https:\/\/makeaplantovote.com\/es\/register\/","og_locale":"es_MX","og_type":"article","og_title":"Ok, let's get you registered to vote. - Make A Plan To Vote","og_description":"To register to vote in Florida online, fill out the form on this page. On the next page, fill out the State of Florida&#8217;s official online voter registration form, which you must complete in order to register to vote. Have you had a felony conviction? Check eligibility to vote in Florida here. Email* Name ZIP [&hellip;]","og_url":"https:\/\/makeaplantovote.com\/es\/register\/","og_site_name":"Make A Plan To Vote","article_modified_time":"2025-11-07T15:15:26+00:00","og_image":[{"width":1200,"height":630,"url":"https:\/\/makeaplantovote.com\/wp-content\/uploads\/2020\/04\/mptv2020-fb.jpg","type":"image\/jpeg"}],"twitter_card":"summary_large_image","twitter_misc":{"Tiempo de lectura":"1 minuto"},"schema":{"@context":"https:\/\/schema.org","@graph":[{"@type":"WebPage","@id":"https:\/\/makeaplantovote.com\/es\/register\/","url":"https:\/\/makeaplantovote.com\/es\/register\/","name":"Bien, vamos a registrarte para votar. - Haz un plan para votar","isPartOf":{"@id":"https:\/\/makeaplantovote.com\/es\/#website"},"datePublished":"2020-03-20T20:31:32+00:00","dateModified":"2025-11-07T15:15:26+00:00","breadcrumb":{"@id":"https:\/\/makeaplantovote.com\/es\/register\/#breadcrumb"},"inLanguage":"es","potentialAction":[{"@type":"ReadAction","target":["https:\/\/makeaplantovote.com\/es\/register\/"]}]},{"@type":"BreadcrumbList","@id":"https:\/\/makeaplantovote.com\/es\/register\/#breadcrumb","itemListElement":[{"@type":"ListItem","position":1,"name":"Home","item":"https:\/\/makeaplantovote.com\/"},{"@type":"ListItem","position":2,"name":"Ok, let&#8217;s get you registered to vote."}]},{"@type":"WebSite","@id":"https:\/\/makeaplantovote.com\/es\/#website","url":"https:\/\/makeaplantovote.com\/es\/","name":"Haga un plan para votar","description":"","publisher":{"@id":"https:\/\/makeaplantovote.com\/es\/#organization"},"potentialAction":[{"@type":"SearchAction","target":{"@type":"EntryPoint","urlTemplate":"https:\/\/makeaplantovote.com\/es\/?s={search_term_string}"},"query-input":{"@type":"PropertyValueSpecification","valueRequired":true,"valueName":"search_term_string"}}],"inLanguage":"es"},{"@type":"Organization","@id":"https:\/\/makeaplantovote.com\/es\/#organization","name":"Haga un plan para votar","url":"https:\/\/makeaplantovote.com\/es\/","logo":{"@type":"ImageObject","inLanguage":"es","@id":"https:\/\/makeaplantovote.com\/es\/#\/schema\/logo\/image\/","url":"https:\/\/makeaplantovote.com\/wp-content\/uploads\/2020\/02\/mptv-2020-icon.png","contentUrl":"https:\/\/makeaplantovote.com\/wp-content\/uploads\/2020\/02\/mptv-2020-icon.png","width":1500,"height":1500,"caption":"Make A Plan To Vote"},"image":{"@id":"https:\/\/makeaplantovote.com\/es\/#\/schema\/logo\/image\/"}}]}},"_links":{"self":[{"href":"https:\/\/makeaplantovote.com\/es\/wp-json\/wp\/v2\/pages\/41","targetHints":{"allow":["GET"]}}],"collection":[{"href":"https:\/\/makeaplantovote.com\/es\/wp-json\/wp\/v2\/pages"}],"about":[{"href":"https:\/\/makeaplantovote.com\/es\/wp-json\/wp\/v2\/types\/page"}],"author":[{"embeddable":true,"href":"https:\/\/makeaplantovote.com\/es\/wp-json\/wp\/v2\/users\/1"}],"replies":[{"embeddable":true,"href":"https:\/\/makeaplantovote.com\/es\/wp-json\/wp\/v2\/comments?post=41"}],"version-history":[{"count":77,"href":"https:\/\/makeaplantovote.com\/es\/wp-json\/wp\/v2\/pages\/41\/revisions"}],"predecessor-version":[{"id":1756,"href":"https:\/\/makeaplantovote.com\/es\/wp-json\/wp\/v2\/pages\/41\/revisions\/1756"}],"wp:attachment":[{"href":"https:\/\/makeaplantovote.com\/es\/wp-json\/wp\/v2\/media?parent=41"}],"wp:term":[{"taxonomy":"category","embeddable":true,"href":"https:\/\/makeaplantovote.com\/es\/wp-json\/wp\/v2\/categories?post=41"},{"taxonomy":"post_tag","embeddable":true,"href":"https:\/\/makeaplantovote.com\/es\/wp-json\/wp\/v2\/tags?post=41"}],"curies":[{"name":"gracias","href":"https:\/\/api.w.org\/{rel}","templated":true}]}}