{"id":119,"date":"2020-03-30T18:35:40","date_gmt":"2020-03-30T18:35:40","guid":{"rendered":"https:\/\/mptv.progressflorida.net\/?page_id=119"},"modified":"2020-04-06T20:19:07","modified_gmt":"2020-04-06T20:19:07","slug":"vote-early","status":"publish","type":"page","link":"https:\/\/makeaplantovote.com\/es\/early-old\/","title":{"rendered":"Votaci\u00f3n temprana"},"content":{"rendered":"<div data-elementor-type=\"wp-page\" data-elementor-id=\"119\" class=\"elementor elementor-119\" data-elementor-post-type=\"page\">\n\t\t\t\t\t\t<section class=\"elementor-section elementor-top-section elementor-element elementor-element-d520337 elementor-section-full_width elementor-section-height-default elementor-section-height-default\" data-id=\"d520337\" data-element_type=\"section\" data-e-type=\"section\">\n\t\t\t\t\t\t<div class=\"elementor-container elementor-column-gap-default\">\n\t\t\t\t\t<div class=\"elementor-column elementor-col-100 elementor-top-column elementor-element elementor-element-866176a\" data-id=\"866176a\" data-element_type=\"column\" data-e-type=\"column\">\n\t\t\t<div class=\"elementor-widget-wrap elementor-element-populated\">\n\t\t\t\t\t\t<div class=\"elementor-element elementor-element-106d108 elementor-invisible elementor-widget elementor-widget-html\" data-id=\"106d108\" data-element_type=\"widget\" data-e-type=\"widget\" data-settings=\"{&quot;_animation&quot;:&quot;fadeInUp&quot;,&quot;_animation_delay&quot;:1000}\" data-widget_type=\"html.default\">\n\t\t\t\t<div class=\"elementor-widget-container\">\n\t\t\t\t\t<p>Seleccione el condado donde est\u00e1 registrado para votar para encontrar sus lugares de votaci\u00f3n anticipada junto con los d\u00edas y horarios en que est\u00e1n abiertos.<\/p>\n<p>Utilice las herramientas del mapa para hacer zoom (+) o alejar (-). Haga clic y arrastre para reposicionar el mapa. Cada pin amarillo representa un lugar de votaci\u00f3n anticipada en su condado. Haga clic en un pin para obtener m\u00e1s informaci\u00f3n sobre la direcci\u00f3n de un lugar de votaci\u00f3n anticipada y los horarios y fechas en que est\u00e1 abierto.<\/p>\n<p>En su lugar de votaci\u00f3n anticipada, se le pedir\u00e1 que proporcione una <a target=\"_blank\" href=\"https:\/\/www.voteriders.org\/ufaqs\/florida-voter-id-information\/\">Identificaci\u00f3n con fotograf\u00eda v\u00e1lida.<\/a> Si tiene preguntas sobre identificaciones v\u00e1lidas o necesita ayuda para obtener una identificaci\u00f3n para votar, llame a VoteRiders al 844-338-8743.<\/p>\n\n<p style=\"font-size: 120%;\"><label class=\"layer-wizard-search-label\">\nSeleccione su condado\n<\/label>\n<select onchange=\"changeMap_0()\" id=\"search-string_0\">\n<option value=\"\">Elige tu condado...<\/option>\n    <option value=\"Alachua\">Alachua<\/option>\n    <option value=\"Baker\">Panadero<\/option>\n    <option value=\"Bay\">Bah\u00eda<\/option>\n    <option value=\"Bradford\">bradford<\/option>\n    <option value=\"Brevard\">Brevard<\/option>\n    <option value=\"Broward\">Broward<\/option>\n    <option value=\"Calhoun\">calhoun<\/option>\n    <option value=\"Charlotte\">charlotte<\/option>\n    <option value=\"Citrus\">Agrios<\/option>\n    <option value=\"Clay\">Arcilla<\/option>\n    <option value=\"Collier\">Minero<\/option>\n    <option value=\"Columbia\">Columbia<\/option>\n    <option value=\"DeSoto\">De Soto<\/option>\n    <option value=\"Dixie\">Marmita<\/option>\n    <option value=\"Duval\">Duval<\/option>\n    <option value=\"Escambia\">Escambia<\/option>\n    <option value=\"Flagler\">bandera<\/option>\n    <option value=\"Franklin\">franklin<\/option>\n    <option value=\"Gadsden\">Gadsden<\/option>\n    <option value=\"Gilchrist\">Gilcristo<\/option>\n    <option value=\"Glades\">Claros<\/option>\n    <option value=\"Gulf\">Golfo<\/option>\n    <option value=\"Hamilton\">hamilton<\/option>\n    <option value=\"Hardee\">Hardee<\/option>\n    <option value=\"Hendry\">hendry<\/option>\n    <option value=\"Hernando\">hernandez<\/option>\n    <option value=\"Highlands\">Tierras altas<\/option>\n    <option value=\"Hillsborough\">Hillsboro<\/option>\n    <option value=\"Holmes\">holmes<\/option>\n    <option value=\"Indian River\">r\u00edo indio<\/option>\n    <option value=\"Jackson\">jackson<\/option>\n    <option value=\"Jefferson\">jefferson<\/option>\n    <option value=\"Lafayette\">Lafayette<\/option>\n    <option value=\"Lake\">Lago<\/option>\n    <option value=\"Lee\">Sotavento<\/option>\n    <option value=\"Leon\">Le\u00f3n<\/option>\n    <option value=\"Levy\">Exacci\u00f3n<\/option>\n    <option value=\"Liberty\">Libertad<\/option>\n    <option value=\"Madison\">madison<\/option>\n    <option value=\"Manatee\">Manat\u00ed<\/option>\n    <option value=\"Marion\">mari\u00f3n<\/option>\n    <option value=\"Martin\">Mart\u00edn<\/option>\n    <option value=\"Miami\">Miami Dade<\/option>\n    <option value=\"Monroe\">monroe<\/option>\n    <option value=\"Nassau\">Nassau<\/option>\n    <option value=\"Okaloosa\">Okaloosa<\/option>\n    <option value=\"Okeechobee\">Okeechobee<\/option>\n    <option value=\"Orange\">Naranja<\/option>\n    <option value=\"Osceola\">Osceola<\/option>\n    <option value=\"Palm Beach\">playa de palmeras<\/option>\n    <option value=\"Pasco\">Pasco<\/option>\n    <option value=\"Pinellas\">Pinellas<\/option>\n    <option value=\"Polk\">polk<\/option>\n    <option value=\"Putnam\">Putnam<\/option>\n    <option value=\"Santa Rosa\">Santa Rosa<\/option>\n    <option value=\"Sarasota\">Sarasota<\/option>\n    <option value=\"Seminole\">Seminola<\/option>\n    <option value=\"St. Johns\">De San Juan<\/option>\n    <option value=\"St. Lucie\">Santa Luc\u00eda<\/option>\n    <option value=\"Sumter\">verano<\/option>\n    <option value=\"Suwannee\">Suwannee<\/option>\n    <option value=\"Taylor\">taylor<\/option>\n    <option value=\"Union\">Uni\u00f3n<\/option>\n    <option value=\"Volusia\">volusia<\/option>\n    <option value=\"Wakulla\">Wakulla<\/option>\n    <option value=\"Walton\">walton<\/option>\n    <option value=\"Washington\">Washington<\/option>\n<\/select><\/p>\n\n<div id=\"map-canvas\"><\/div>\n\t\t\t\t<\/div>\n\t\t\t\t<\/div>\n\t\t\t\t\t<\/div>\n\t\t<\/div>\n\t\t\t\t\t<\/div>\n\t\t<\/section>\n\t\t\t\t<\/div>","protected":false},"excerpt":{"rendered":"<p>Select the county where you&#8217;re registered to vote to find your early voting locations along with the days and hours they&#8217;re open. Use the map tools to zoom in (+) or out (-). Click and drag to reposition the map. Each yellow pin represents an early voting location in your county. Click on a pin [&hellip;]<\/p>\n","protected":false},"author":1,"featured_media":0,"parent":0,"menu_order":0,"comment_status":"closed","ping_status":"closed","template":"","meta":{"footnotes":""},"categories":[],"tags":[],"class_list":["post-119","page","type-page","status-publish","hentry"],"yoast_head":"<!-- This site is optimized with the Yoast SEO plugin v27.5 - https:\/\/yoast.com\/product\/yoast-seo-wordpress\/ -->\n<title>Vote early - Make A Plan To Vote<\/title>\n<meta name=\"robots\" content=\"index, follow, max-snippet:-1, max-image-preview:large, max-video-preview:-1\" \/>\n<link rel=\"canonical\" href=\"https:\/\/makeaplantovote.com\/es\/early-old\/\" \/>\n<meta property=\"og:locale\" content=\"es_MX\" \/>\n<meta property=\"og:type\" content=\"article\" \/>\n<meta property=\"og:title\" content=\"Vote early - Make A Plan To Vote\" \/>\n<meta property=\"og:description\" content=\"Select the county where you&#8217;re registered to vote to find your early voting locations along with the days and hours they&#8217;re open. Use the map tools to zoom in (+) or out (-). Click and drag to reposition the map. Each yellow pin represents an early voting location in your county. Click on a pin [&hellip;]\" \/>\n<meta property=\"og:url\" content=\"https:\/\/makeaplantovote.com\/es\/early-old\/\" \/>\n<meta property=\"og:site_name\" content=\"Make A Plan To Vote\" \/>\n<meta property=\"article:modified_time\" content=\"2020-04-06T20:19:07+00:00\" \/>\n<meta property=\"og:image\" content=\"https:\/\/makeaplantovote.com\/wp-content\/uploads\/2020\/04\/mptv2020-fb.jpg\" \/>\n\t<meta property=\"og:image:width\" content=\"1200\" \/>\n\t<meta property=\"og:image:height\" content=\"630\" \/>\n\t<meta property=\"og:image:type\" content=\"image\/jpeg\" \/>\n<meta name=\"twitter:card\" content=\"summary_large_image\" \/>\n<meta name=\"twitter:label1\" content=\"Tiempo de lectura\" \/>\n\t<meta name=\"twitter:data1\" content=\"1 minuto\" \/>\n<script type=\"application\/ld+json\" class=\"yoast-schema-graph\">{\"@context\":\"https:\\\/\\\/schema.org\",\"@graph\":[{\"@type\":\"WebPage\",\"@id\":\"https:\\\/\\\/makeaplantovote.com\\\/es\\\/early-old\\\/\",\"url\":\"https:\\\/\\\/makeaplantovote.com\\\/es\\\/early-old\\\/\",\"name\":\"Vote early - Make A Plan To Vote\",\"isPartOf\":{\"@id\":\"https:\\\/\\\/makeaplantovote.com\\\/es\\\/#website\"},\"datePublished\":\"2020-03-30T18:35:40+00:00\",\"dateModified\":\"2020-04-06T20:19:07+00:00\",\"breadcrumb\":{\"@id\":\"https:\\\/\\\/makeaplantovote.com\\\/es\\\/early-old\\\/#breadcrumb\"},\"inLanguage\":\"es\",\"potentialAction\":[{\"@type\":\"ReadAction\",\"target\":[\"https:\\\/\\\/makeaplantovote.com\\\/es\\\/early-old\\\/\"]}]},{\"@type\":\"BreadcrumbList\",\"@id\":\"https:\\\/\\\/makeaplantovote.com\\\/es\\\/early-old\\\/#breadcrumb\",\"itemListElement\":[{\"@type\":\"ListItem\",\"position\":1,\"name\":\"Home\",\"item\":\"https:\\\/\\\/makeaplantovote.com\\\/\"},{\"@type\":\"ListItem\",\"position\":2,\"name\":\"Vote early\"}]},{\"@type\":\"WebSite\",\"@id\":\"https:\\\/\\\/makeaplantovote.com\\\/es\\\/#website\",\"url\":\"https:\\\/\\\/makeaplantovote.com\\\/es\\\/\",\"name\":\"Make A Plan To Vote\",\"description\":\"\",\"publisher\":{\"@id\":\"https:\\\/\\\/makeaplantovote.com\\\/es\\\/#organization\"},\"potentialAction\":[{\"@type\":\"SearchAction\",\"target\":{\"@type\":\"EntryPoint\",\"urlTemplate\":\"https:\\\/\\\/makeaplantovote.com\\\/es\\\/?s={search_term_string}\"},\"query-input\":{\"@type\":\"PropertyValueSpecification\",\"valueRequired\":true,\"valueName\":\"search_term_string\"}}],\"inLanguage\":\"es\"},{\"@type\":\"Organization\",\"@id\":\"https:\\\/\\\/makeaplantovote.com\\\/es\\\/#organization\",\"name\":\"Make A Plan To Vote\",\"url\":\"https:\\\/\\\/makeaplantovote.com\\\/es\\\/\",\"logo\":{\"@type\":\"ImageObject\",\"inLanguage\":\"es\",\"@id\":\"https:\\\/\\\/makeaplantovote.com\\\/es\\\/#\\\/schema\\\/logo\\\/image\\\/\",\"url\":\"https:\\\/\\\/makeaplantovote.com\\\/wp-content\\\/uploads\\\/2020\\\/02\\\/mptv-2020-icon.png\",\"contentUrl\":\"https:\\\/\\\/makeaplantovote.com\\\/wp-content\\\/uploads\\\/2020\\\/02\\\/mptv-2020-icon.png\",\"width\":1500,\"height\":1500,\"caption\":\"Make A Plan To Vote\"},\"image\":{\"@id\":\"https:\\\/\\\/makeaplantovote.com\\\/es\\\/#\\\/schema\\\/logo\\\/image\\\/\"}}]}<\/script>\n<!-- \/ Yoast SEO plugin. -->","yoast_head_json":{"title":"Vota temprano - Haz un plan para votar","robots":{"index":"index","follow":"follow","max-snippet":"max-snippet:-1","max-image-preview":"max-image-preview:large","max-video-preview":"max-video-preview:-1"},"canonical":"https:\/\/makeaplantovote.com\/es\/early-old\/","og_locale":"es_MX","og_type":"article","og_title":"Vote early - Make A Plan To Vote","og_description":"Select the county where you&#8217;re registered to vote to find your early voting locations along with the days and hours they&#8217;re open. Use the map tools to zoom in (+) or out (-). Click and drag to reposition the map. Each yellow pin represents an early voting location in your county. Click on a pin [&hellip;]","og_url":"https:\/\/makeaplantovote.com\/es\/early-old\/","og_site_name":"Make A Plan To Vote","article_modified_time":"2020-04-06T20:19:07+00:00","og_image":[{"width":1200,"height":630,"url":"https:\/\/makeaplantovote.com\/wp-content\/uploads\/2020\/04\/mptv2020-fb.jpg","type":"image\/jpeg"}],"twitter_card":"summary_large_image","twitter_misc":{"Tiempo de lectura":"1 minuto"},"schema":{"@context":"https:\/\/schema.org","@graph":[{"@type":"WebPage","@id":"https:\/\/makeaplantovote.com\/es\/early-old\/","url":"https:\/\/makeaplantovote.com\/es\/early-old\/","name":"Vota temprano - Haz un plan para votar","isPartOf":{"@id":"https:\/\/makeaplantovote.com\/es\/#website"},"datePublished":"2020-03-30T18:35:40+00:00","dateModified":"2020-04-06T20:19:07+00:00","breadcrumb":{"@id":"https:\/\/makeaplantovote.com\/es\/early-old\/#breadcrumb"},"inLanguage":"es","potentialAction":[{"@type":"ReadAction","target":["https:\/\/makeaplantovote.com\/es\/early-old\/"]}]},{"@type":"BreadcrumbList","@id":"https:\/\/makeaplantovote.com\/es\/early-old\/#breadcrumb","itemListElement":[{"@type":"ListItem","position":1,"name":"Home","item":"https:\/\/makeaplantovote.com\/"},{"@type":"ListItem","position":2,"name":"Vote early"}]},{"@type":"WebSite","@id":"https:\/\/makeaplantovote.com\/es\/#website","url":"https:\/\/makeaplantovote.com\/es\/","name":"Haga un plan para votar","description":"","publisher":{"@id":"https:\/\/makeaplantovote.com\/es\/#organization"},"potentialAction":[{"@type":"SearchAction","target":{"@type":"EntryPoint","urlTemplate":"https:\/\/makeaplantovote.com\/es\/?s={search_term_string}"},"query-input":{"@type":"PropertyValueSpecification","valueRequired":true,"valueName":"search_term_string"}}],"inLanguage":"es"},{"@type":"Organization","@id":"https:\/\/makeaplantovote.com\/es\/#organization","name":"Haga un plan para votar","url":"https:\/\/makeaplantovote.com\/es\/","logo":{"@type":"ImageObject","inLanguage":"es","@id":"https:\/\/makeaplantovote.com\/es\/#\/schema\/logo\/image\/","url":"https:\/\/makeaplantovote.com\/wp-content\/uploads\/2020\/02\/mptv-2020-icon.png","contentUrl":"https:\/\/makeaplantovote.com\/wp-content\/uploads\/2020\/02\/mptv-2020-icon.png","width":1500,"height":1500,"caption":"Make A Plan To Vote"},"image":{"@id":"https:\/\/makeaplantovote.com\/es\/#\/schema\/logo\/image\/"}}]}},"_links":{"self":[{"href":"https:\/\/makeaplantovote.com\/es\/wp-json\/wp\/v2\/pages\/119","targetHints":{"allow":["GET"]}}],"collection":[{"href":"https:\/\/makeaplantovote.com\/es\/wp-json\/wp\/v2\/pages"}],"about":[{"href":"https:\/\/makeaplantovote.com\/es\/wp-json\/wp\/v2\/types\/page"}],"author":[{"embeddable":true,"href":"https:\/\/makeaplantovote.com\/es\/wp-json\/wp\/v2\/users\/1"}],"replies":[{"embeddable":true,"href":"https:\/\/makeaplantovote.com\/es\/wp-json\/wp\/v2\/comments?post=119"}],"version-history":[{"count":7,"href":"https:\/\/makeaplantovote.com\/es\/wp-json\/wp\/v2\/pages\/119\/revisions"}],"predecessor-version":[{"id":558,"href":"https:\/\/makeaplantovote.com\/es\/wp-json\/wp\/v2\/pages\/119\/revisions\/558"}],"wp:attachment":[{"href":"https:\/\/makeaplantovote.com\/es\/wp-json\/wp\/v2\/media?parent=119"}],"wp:term":[{"taxonomy":"category","embeddable":true,"href":"https:\/\/makeaplantovote.com\/es\/wp-json\/wp\/v2\/categories?post=119"},{"taxonomy":"post_tag","embeddable":true,"href":"https:\/\/makeaplantovote.com\/es\/wp-json\/wp\/v2\/tags?post=119"}],"curies":[{"name":"gracias","href":"https:\/\/api.w.org\/{rel}","templated":true}]}}