{"id":1168,"date":"2020-08-10T21:21:33","date_gmt":"2020-08-10T21:21:33","guid":{"rendered":"https:\/\/makeaplantovote.com\/?page_id=1168"},"modified":"2025-09-22T17:09:11","modified_gmt":"2025-09-22T17:09:11","slug":"vote-early-2-0","status":"publish","type":"page","link":"https:\/\/makeaplantovote.com\/es\/early\/","title":{"rendered":"Encuentre su lugar m\u00e1s cercano para la votaci\u00f3n anticipada y la entrega de boletas por correo"},"content":{"rendered":"<div data-elementor-type=\"wp-page\" data-elementor-id=\"1168\" class=\"elementor elementor-1168\" data-elementor-post-type=\"page\">\n\t\t\t\t\t\t<section class=\"elementor-section elementor-top-section elementor-element elementor-element-c56e1eb elementor-section-boxed elementor-section-height-default elementor-section-height-default\" data-id=\"c56e1eb\" data-element_type=\"section\" data-e-type=\"section\">\n\t\t\t\t\t\t<div class=\"elementor-container elementor-column-gap-default\">\n\t\t\t\t\t<div class=\"elementor-column elementor-col-100 elementor-top-column elementor-element elementor-element-78377ed\" data-id=\"78377ed\" data-element_type=\"column\" data-e-type=\"column\">\n\t\t\t<div class=\"elementor-widget-wrap elementor-element-populated\">\n\t\t\t\t\t\t<div class=\"elementor-element elementor-element-0b03b28 elementor-widget elementor-widget-text-editor\" data-id=\"0b03b28\" data-element_type=\"widget\" data-e-type=\"widget\" data-widget_type=\"text-editor.default\">\n\t\t\t\t<div class=\"elementor-widget-container\">\n\t\t\t\t\t\t\t\t\t<h3>Nota: A\u00fan es pronto para que los condados publiquen sus ubicaciones de votaci\u00f3n anticipada para 2026. Por ahora, esta p\u00e1gina muestra las ubicaciones de 2024 para que pueda ver c\u00f3mo funciona en su condado. <strong>Tan pronto como haya 2026 sitios disponibles, actualizaremos el mapa y el men\u00fa desplegable.\u00a0<\/strong><\/h3>\t\t\t\t\t\t\t\t<\/div>\n\t\t\t\t<\/div>\n\t\t\t\t\t<\/div>\n\t\t<\/div>\n\t\t\t\t\t<\/div>\n\t\t<\/section>\n\t\t\t\t<section class=\"elementor-section elementor-top-section elementor-element elementor-element-c774128 elementor-section-boxed elementor-section-height-default elementor-section-height-default\" data-id=\"c774128\" data-element_type=\"section\" data-e-type=\"section\">\n\t\t\t\t\t\t<div class=\"elementor-container elementor-column-gap-default\">\n\t\t\t\t\t<div class=\"elementor-column elementor-col-100 elementor-top-column elementor-element elementor-element-68e4ee9\" data-id=\"68e4ee9\" data-element_type=\"column\" data-e-type=\"column\">\n\t\t\t<div class=\"elementor-widget-wrap elementor-element-populated\">\n\t\t\t\t\t\t<div class=\"elementor-element elementor-element-28c4c70 elementor-widget elementor-widget-text-editor\" data-id=\"28c4c70\" data-element_type=\"widget\" data-e-type=\"widget\" data-widget_type=\"text-editor.default\">\n\t\t\t\t<div class=\"elementor-widget-container\">\n\t\t\t\t\t\t\t\t\t<p style=\"text-align: center;\"><strong>Seleccione el condado en el que est\u00e1 registrado para votar<\/strong> para encontrar los centros de votaci\u00f3n temprana m\u00e1s cercanos y sus horarios. <br \/><strong>Tambi\u00e9n puede dejar su boleta de votaci\u00f3n por correo<\/strong> en cualquier lugar de votaci\u00f3n anticipada durante el horario de votaci\u00f3n.<\/p>\t\t\t\t\t\t\t\t<\/div>\n\t\t\t\t<\/div>\n\t\t\t\t<div class=\"elementor-element elementor-element-30db0ae elementor-widget elementor-widget-html\" data-id=\"30db0ae\" data-element_type=\"widget\" data-e-type=\"widget\" data-widget_type=\"html.default\">\n\t\t\t\t<div class=\"elementor-widget-container\">\n\t\t\t\t\t<style>\r\n    #map {\r\n        max-height: 500px;\r\n    }\r\n    \r\n    h6.infoTitle {\r\n        border-bottom: 1px solid #eee;\r\n        padding-bottom: 0.25em;\r\n        margin-bottom: 0.25em;\r\n    }\r\n    \r\n    p.infoContent {\r\n        margin: 0;\r\n        padding: 0 0 0.5em 0;\r\n    }\r\n<\/style>\r\n\r\n<div>\r\n    <select id=\"counties\">\r\n        <option value=\"0\">Seleccione su condado<\/option>\r\n\t<\/select>\r\n<\/div>\r\n\r\n<div class=\"Map_Container center-align\">\r\n    <div id=\"map\"><\/div>\r\n<\/div>\t\t\t\t<\/div>\n\t\t\t\t<\/div>\n\t\t\t\t<div class=\"elementor-element elementor-element-e029cb3 elementor-hidden-desktop elementor-hidden-tablet elementor-hidden-mobile elementor-widget elementor-widget-html\" data-id=\"e029cb3\" data-element_type=\"widget\" data-e-type=\"widget\" data-no-translation=\"\" data-widget_type=\"html.default\">\n\t\t\t\t<div class=\"elementor-widget-container\">\n\t\t\t\t\t<style>\r\n    #map {\r\n        max-height: 500px;\r\n    }\r\n    \r\n    h6.infoTitle {\r\n        border-bottom: 1px solid #eee;\r\n        padding-bottom: 0.25em;\r\n        margin-bottom: 0.25em;\r\n    }\r\n    \r\n    p.infoContent {\r\n        margin: 0;\r\n        padding: 0 0 0.5em 0;\r\n    }\r\n<\/style>\r\n\r\n<div>\r\n    <select id=\"counties\">\r\n        <option value=\"0\">Selecciona tu condado<\/option>\r\n\t<\/select>\r\n<\/div>\r\n\r\n<div class=\"Map_Container center-align\">\r\n    <div id=\"map\"><\/div>\r\n<\/div>\t\t\t\t<\/div>\n\t\t\t\t<\/div>\n\t\t\t\t<div class=\"elementor-element elementor-element-a9bc913 elementor-widget elementor-widget-heading\" data-id=\"a9bc913\" data-element_type=\"widget\" data-e-type=\"widget\" data-widget_type=\"heading.default\">\n\t\t\t\t<div class=\"elementor-widget-container\">\n\t\t\t\t\t<h3 class=\"elementor-heading-title elementor-size-default\">C\u00f3mo votar temprano<\/h3>\t\t\t\t<\/div>\n\t\t\t\t<\/div>\n\t\t\t\t<div class=\"elementor-element elementor-element-5f405d9 elementor-widget elementor-widget-text-editor\" data-id=\"5f405d9\" data-element_type=\"widget\" data-e-type=\"widget\" data-widget_type=\"text-editor.default\">\n\t\t\t\t<div class=\"elementor-widget-container\">\n\t\t\t\t\t\t\t\t\t<ul><li>Solo puedes votar temprano en los centros de votaci\u00f3n del condado en el que est\u00e1s registrado para votar.<\/li><li>Los votantes con una boleta de Voto por Correo pueden dejar su boleta de Voto por Correo en cualquier lugar de votaci\u00f3n anticipada durante el horario de votaci\u00f3n.<\/li><li>Para votar anticipadamente debe proporcionar una identificaci\u00f3n con fotograf\u00eda v\u00e1lida, incluida una con firma. Las identificaciones v\u00e1lidas incluyen una licencia de conducir o tarjeta de identificaci\u00f3n de Florida, pasaporte estadounidense, identificaci\u00f3n de estudiante, militar, de asistencia p\u00fablica y <span style=\"text-decoration: underline;\"><a href=\"https:\/\/www.voteriders.org\/states\/florida\/\" target=\"_blank\" rel=\"noopener\">otras<\/a><\/span>. No necesita una identificaci\u00f3n para entregar una boleta de voto por correo.<\/li><\/ul>\t\t\t\t\t\t\t\t<\/div>\n\t\t\t\t<\/div>\n\t\t\t\t\t<\/div>\n\t\t<\/div>\n\t\t\t\t\t<\/div>\n\t\t<\/section>\n\t\t\t\t<section class=\"elementor-section elementor-top-section elementor-element elementor-element-6d447d0 elementor-section-boxed elementor-section-height-default elementor-section-height-default\" data-id=\"6d447d0\" data-element_type=\"section\" data-e-type=\"section\">\n\t\t\t\t\t\t<div class=\"elementor-container elementor-column-gap-default\">\n\t\t\t\t\t<div class=\"elementor-column elementor-col-100 elementor-top-column elementor-element elementor-element-643ca94\" data-id=\"643ca94\" data-element_type=\"column\" data-e-type=\"column\">\n\t\t\t<div class=\"elementor-widget-wrap elementor-element-populated\">\n\t\t\t\t\t\t<div class=\"elementor-element elementor-element-93cb4d5 elementor-icon-list--layout-inline elementor-align-center elementor-list-item-link-full_width elementor-widget elementor-widget-icon-list\" data-id=\"93cb4d5\" data-element_type=\"widget\" data-e-type=\"widget\" data-widget_type=\"icon-list.default\">\n\t\t\t\t<div class=\"elementor-widget-container\">\n\t\t\t\t\t\t\t<ul class=\"elementor-icon-list-items elementor-inline-items\">\n\t\t\t\t\t\t\t<li class=\"elementor-icon-list-item elementor-inline-item\">\n\t\t\t\t\t\t\t\t\t\t\t<a href=\"\/es\/options\/\">\n\n\t\t\t\t\t\t\t\t\t\t\t\t<span class=\"elementor-icon-list-icon\">\n\t\t\t\t\t\t\t<i aria-hidden=\"true\" class=\"fas fa-arrow-circle-left\"><\/i>\t\t\t\t\t\t<\/span>\n\t\t\t\t\t\t\t\t\t\t<span class=\"elementor-icon-list-text\">Regrese a sus opciones para votar<\/span>\n\t\t\t\t\t\t\t\t\t\t\t<\/a>\n\t\t\t\t\t\t\t\t\t<\/li>\n\t\t\t\t\t\t<\/ul>\n\t\t\t\t\t\t<\/div>\n\t\t\t\t<\/div>\n\t\t\t\t\t<\/div>\n\t\t<\/div>\n\t\t\t\t\t<\/div>\n\t\t<\/section>\n\t\t\t\t<\/div>","protected":false},"excerpt":{"rendered":"<p>Note: It\u2019s still too early for counties to release their 2026 Early Voting locations. For now, this page shows 2024 locations so you can see how it works in your county. As soon as 2026 sites are available, we\u2019ll update the map and dropdown.\u00a0 Select the county where you&#8217;re registered to vote to find early [&hellip;]<\/p>\n","protected":false},"author":1,"featured_media":0,"parent":0,"menu_order":0,"comment_status":"closed","ping_status":"closed","template":"","meta":{"footnotes":""},"categories":[],"tags":[],"class_list":["post-1168","page","type-page","status-publish","hentry"],"yoast_head":"<!-- This site is optimized with the Yoast SEO plugin v27.3 - https:\/\/yoast.com\/product\/yoast-seo-wordpress\/ -->\n<title>Find Your Closest Early Voting and Mail Ballot Drop Off Location - Make A Plan To Vote<\/title>\n<meta name=\"robots\" content=\"index, follow, max-snippet:-1, max-image-preview:large, max-video-preview:-1\" \/>\n<link rel=\"canonical\" href=\"https:\/\/makeaplantovote.com\/es\/early\/\" \/>\n<meta property=\"og:locale\" content=\"es_MX\" \/>\n<meta property=\"og:type\" content=\"article\" \/>\n<meta property=\"og:title\" content=\"Find Your Closest Early Voting and Mail Ballot Drop Off Location - Make A Plan To Vote\" \/>\n<meta property=\"og:description\" content=\"Note: It\u2019s still too early for counties to release their 2026 Early Voting locations. For now, this page shows 2024 locations so you can see how it works in your county. As soon as 2026 sites are available, we\u2019ll update the map and dropdown.\u00a0 Select the county where you&#8217;re registered to vote to find early [&hellip;]\" \/>\n<meta property=\"og:url\" content=\"https:\/\/makeaplantovote.com\/es\/early\/\" \/>\n<meta property=\"og:site_name\" content=\"Make A Plan To Vote\" \/>\n<meta property=\"article:modified_time\" content=\"2025-09-22T17:09:11+00:00\" \/>\n<meta property=\"og:image\" content=\"https:\/\/makeaplantovote.com\/wp-content\/uploads\/2020\/04\/mptv2020-fb.jpg\" \/>\n\t<meta property=\"og:image:width\" content=\"1200\" \/>\n\t<meta property=\"og:image:height\" content=\"630\" \/>\n\t<meta property=\"og:image:type\" content=\"image\/jpeg\" \/>\n<meta name=\"twitter:card\" content=\"summary_large_image\" \/>\n<meta name=\"twitter:label1\" content=\"Tiempo de lectura\" \/>\n\t<meta name=\"twitter:data1\" content=\"1 minuto\" \/>\n<script type=\"application\/ld+json\" class=\"yoast-schema-graph\">{\"@context\":\"https:\\\/\\\/schema.org\",\"@graph\":[{\"@type\":\"WebPage\",\"@id\":\"https:\\\/\\\/makeaplantovote.com\\\/es\\\/early\\\/\",\"url\":\"https:\\\/\\\/makeaplantovote.com\\\/es\\\/early\\\/\",\"name\":\"Find Your Closest Early Voting and Mail Ballot Drop Off Location - Make A Plan To Vote\",\"isPartOf\":{\"@id\":\"https:\\\/\\\/makeaplantovote.com\\\/es\\\/#website\"},\"datePublished\":\"2020-08-10T21:21:33+00:00\",\"dateModified\":\"2025-09-22T17:09:11+00:00\",\"breadcrumb\":{\"@id\":\"https:\\\/\\\/makeaplantovote.com\\\/es\\\/early\\\/#breadcrumb\"},\"inLanguage\":\"es\",\"potentialAction\":[{\"@type\":\"ReadAction\",\"target\":[\"https:\\\/\\\/makeaplantovote.com\\\/es\\\/early\\\/\"]}]},{\"@type\":\"BreadcrumbList\",\"@id\":\"https:\\\/\\\/makeaplantovote.com\\\/es\\\/early\\\/#breadcrumb\",\"itemListElement\":[{\"@type\":\"ListItem\",\"position\":1,\"name\":\"Home\",\"item\":\"https:\\\/\\\/makeaplantovote.com\\\/\"},{\"@type\":\"ListItem\",\"position\":2,\"name\":\"Find Your Closest Early Voting and Mail Ballot Drop Off Location\"}]},{\"@type\":\"WebSite\",\"@id\":\"https:\\\/\\\/makeaplantovote.com\\\/es\\\/#website\",\"url\":\"https:\\\/\\\/makeaplantovote.com\\\/es\\\/\",\"name\":\"Make A Plan To Vote\",\"description\":\"\",\"publisher\":{\"@id\":\"https:\\\/\\\/makeaplantovote.com\\\/es\\\/#organization\"},\"potentialAction\":[{\"@type\":\"SearchAction\",\"target\":{\"@type\":\"EntryPoint\",\"urlTemplate\":\"https:\\\/\\\/makeaplantovote.com\\\/es\\\/?s={search_term_string}\"},\"query-input\":{\"@type\":\"PropertyValueSpecification\",\"valueRequired\":true,\"valueName\":\"search_term_string\"}}],\"inLanguage\":\"es\"},{\"@type\":\"Organization\",\"@id\":\"https:\\\/\\\/makeaplantovote.com\\\/es\\\/#organization\",\"name\":\"Make A Plan To Vote\",\"url\":\"https:\\\/\\\/makeaplantovote.com\\\/es\\\/\",\"logo\":{\"@type\":\"ImageObject\",\"inLanguage\":\"es\",\"@id\":\"https:\\\/\\\/makeaplantovote.com\\\/es\\\/#\\\/schema\\\/logo\\\/image\\\/\",\"url\":\"https:\\\/\\\/makeaplantovote.com\\\/wp-content\\\/uploads\\\/2020\\\/02\\\/mptv-2020-icon.png\",\"contentUrl\":\"https:\\\/\\\/makeaplantovote.com\\\/wp-content\\\/uploads\\\/2020\\\/02\\\/mptv-2020-icon.png\",\"width\":1500,\"height\":1500,\"caption\":\"Make A Plan To Vote\"},\"image\":{\"@id\":\"https:\\\/\\\/makeaplantovote.com\\\/es\\\/#\\\/schema\\\/logo\\\/image\\\/\"}}]}<\/script>\n<!-- \/ Yoast SEO plugin. -->","yoast_head_json":{"title":"Encuentre su punto de votaci\u00f3n anticipada y de entrega de papeletas por correo m\u00e1s cercano: haga un plan para votar","robots":{"index":"index","follow":"follow","max-snippet":"max-snippet:-1","max-image-preview":"max-image-preview:large","max-video-preview":"max-video-preview:-1"},"canonical":"https:\/\/makeaplantovote.com\/es\/early\/","og_locale":"es_MX","og_type":"article","og_title":"Find Your Closest Early Voting and Mail Ballot Drop Off Location - Make A Plan To Vote","og_description":"Note: It\u2019s still too early for counties to release their 2026 Early Voting locations. For now, this page shows 2024 locations so you can see how it works in your county. As soon as 2026 sites are available, we\u2019ll update the map and dropdown.\u00a0 Select the county where you&#8217;re registered to vote to find early [&hellip;]","og_url":"https:\/\/makeaplantovote.com\/es\/early\/","og_site_name":"Make A Plan To Vote","article_modified_time":"2025-09-22T17:09:11+00:00","og_image":[{"width":1200,"height":630,"url":"https:\/\/makeaplantovote.com\/wp-content\/uploads\/2020\/04\/mptv2020-fb.jpg","type":"image\/jpeg"}],"twitter_card":"summary_large_image","twitter_misc":{"Tiempo de lectura":"1 minuto"},"schema":{"@context":"https:\/\/schema.org","@graph":[{"@type":"WebPage","@id":"https:\/\/makeaplantovote.com\/es\/early\/","url":"https:\/\/makeaplantovote.com\/es\/early\/","name":"Encuentre su punto de votaci\u00f3n anticipada y de entrega de papeletas por correo m\u00e1s cercano: haga un plan para votar","isPartOf":{"@id":"https:\/\/makeaplantovote.com\/es\/#website"},"datePublished":"2020-08-10T21:21:33+00:00","dateModified":"2025-09-22T17:09:11+00:00","breadcrumb":{"@id":"https:\/\/makeaplantovote.com\/es\/early\/#breadcrumb"},"inLanguage":"es","potentialAction":[{"@type":"ReadAction","target":["https:\/\/makeaplantovote.com\/es\/early\/"]}]},{"@type":"BreadcrumbList","@id":"https:\/\/makeaplantovote.com\/es\/early\/#breadcrumb","itemListElement":[{"@type":"ListItem","position":1,"name":"Home","item":"https:\/\/makeaplantovote.com\/"},{"@type":"ListItem","position":2,"name":"Find Your Closest Early Voting and Mail Ballot Drop Off Location"}]},{"@type":"WebSite","@id":"https:\/\/makeaplantovote.com\/es\/#website","url":"https:\/\/makeaplantovote.com\/es\/","name":"Haga un plan para votar","description":"","publisher":{"@id":"https:\/\/makeaplantovote.com\/es\/#organization"},"potentialAction":[{"@type":"SearchAction","target":{"@type":"EntryPoint","urlTemplate":"https:\/\/makeaplantovote.com\/es\/?s={search_term_string}"},"query-input":{"@type":"PropertyValueSpecification","valueRequired":true,"valueName":"search_term_string"}}],"inLanguage":"es"},{"@type":"Organization","@id":"https:\/\/makeaplantovote.com\/es\/#organization","name":"Haga un plan para votar","url":"https:\/\/makeaplantovote.com\/es\/","logo":{"@type":"ImageObject","inLanguage":"es","@id":"https:\/\/makeaplantovote.com\/es\/#\/schema\/logo\/image\/","url":"https:\/\/makeaplantovote.com\/wp-content\/uploads\/2020\/02\/mptv-2020-icon.png","contentUrl":"https:\/\/makeaplantovote.com\/wp-content\/uploads\/2020\/02\/mptv-2020-icon.png","width":1500,"height":1500,"caption":"Make A Plan To Vote"},"image":{"@id":"https:\/\/makeaplantovote.com\/es\/#\/schema\/logo\/image\/"}}]}},"_links":{"self":[{"href":"https:\/\/makeaplantovote.com\/es\/wp-json\/wp\/v2\/pages\/1168","targetHints":{"allow":["GET"]}}],"collection":[{"href":"https:\/\/makeaplantovote.com\/es\/wp-json\/wp\/v2\/pages"}],"about":[{"href":"https:\/\/makeaplantovote.com\/es\/wp-json\/wp\/v2\/types\/page"}],"author":[{"embeddable":true,"href":"https:\/\/makeaplantovote.com\/es\/wp-json\/wp\/v2\/users\/1"}],"replies":[{"embeddable":true,"href":"https:\/\/makeaplantovote.com\/es\/wp-json\/wp\/v2\/comments?post=1168"}],"version-history":[{"count":79,"href":"https:\/\/makeaplantovote.com\/es\/wp-json\/wp\/v2\/pages\/1168\/revisions"}],"predecessor-version":[{"id":1715,"href":"https:\/\/makeaplantovote.com\/es\/wp-json\/wp\/v2\/pages\/1168\/revisions\/1715"}],"wp:attachment":[{"href":"https:\/\/makeaplantovote.com\/es\/wp-json\/wp\/v2\/media?parent=1168"}],"wp:term":[{"taxonomy":"category","embeddable":true,"href":"https:\/\/makeaplantovote.com\/es\/wp-json\/wp\/v2\/categories?post=1168"},{"taxonomy":"post_tag","embeddable":true,"href":"https:\/\/makeaplantovote.com\/es\/wp-json\/wp\/v2\/tags?post=1168"}],"curies":[{"name":"gracias","href":"https:\/\/api.w.org\/{rel}","templated":true}]}}